{"id":1679,"date":"2022-06-02T16:51:13","date_gmt":"2022-06-02T16:51:13","guid":{"rendered":"https:\/\/ridextravel.com\/ridemybike\/?post_type=product&#038;p=1679"},"modified":"2022-06-02T16:56:38","modified_gmt":"2022-06-02T16:56:38","slug":"thermoflex-2-kneewarmer","status":"publish","type":"product","link":"https:\/\/ridextravel.com\/ridemybike\/produto\/thermoflex-2-kneewarmer\/","title":{"rendered":"Thermoflex 2 kneewarmer"},"content":{"rendered":"<p>O tecido de l\u00e3 Thermoflex \u00e9 quente, el\u00e1stico e macio<br \/>\n\u00b7 Constru\u00e7\u00e3o de pe\u00e7a \u00fanica com costuras planas<br \/>\n\u00b7 Logotipos da marca de palavras Castelli em relevo<br \/>\n\u00b7 El\u00e1stico de garra de silicone de dupla face na parte superior impede o deslizamento<br \/>\nbaixa<\/p>\n","protected":false},"excerpt":{"rendered":"<p>O tecido de l\u00e3 Thermoflex \u00e9 quente, el\u00e1stico e macio \u00b7 Constru\u00e7\u00e3o de pe\u00e7a \u00fanica com costuras planas \u00b7 Logotipos da marca de palavras Castelli em relevo \u00b7 El\u00e1stico de garra de silicone de dupla face na parte superior impede o deslizamento baixa<\/p>\n","protected":false},"featured_media":1681,"comment_status":"open","ping_status":"closed","template":"","meta":[],"product_brand":[],"product_cat":[31,63],"product_tag":[],"class_list":{"0":"post-1679","1":"product","2":"type-product","3":"status-publish","4":"has-post-thumbnail","6":"product_cat-equipamento","7":"product_cat-pernitos","8":"entry","9":"has-media","11":"first","12":"instock","13":"taxable","14":"shipping-taxable","15":"purchasable","16":"product-type-simple"},"_links":{"self":[{"href":"https:\/\/ridextravel.com\/ridemybike\/wp-json\/wp\/v2\/product\/1679","targetHints":{"allow":["GET"]}}],"collection":[{"href":"https:\/\/ridextravel.com\/ridemybike\/wp-json\/wp\/v2\/product"}],"about":[{"href":"https:\/\/ridextravel.com\/ridemybike\/wp-json\/wp\/v2\/types\/product"}],"replies":[{"embeddable":true,"href":"https:\/\/ridextravel.com\/ridemybike\/wp-json\/wp\/v2\/comments?post=1679"}],"wp:featuredmedia":[{"embeddable":true,"href":"https:\/\/ridextravel.com\/ridemybike\/wp-json\/wp\/v2\/media\/1681"}],"wp:attachment":[{"href":"https:\/\/ridextravel.com\/ridemybike\/wp-json\/wp\/v2\/media?parent=1679"}],"wp:term":[{"taxonomy":"product_brand","embeddable":true,"href":"https:\/\/ridextravel.com\/ridemybike\/wp-json\/wp\/v2\/product_brand?post=1679"},{"taxonomy":"product_cat","embeddable":true,"href":"https:\/\/ridextravel.com\/ridemybike\/wp-json\/wp\/v2\/product_cat?post=1679"},{"taxonomy":"product_tag","embeddable":true,"href":"https:\/\/ridextravel.com\/ridemybike\/wp-json\/wp\/v2\/product_tag?post=1679"}],"curies":[{"name":"wp","href":"https:\/\/api.w.org\/{rel}","templated":true}]}}