{"id":1691,"date":"2022-06-03T10:43:44","date_gmt":"2022-06-03T10:43:44","guid":{"rendered":"https:\/\/ridextravel.com\/ridemybike\/?post_type=product&#038;p=1691"},"modified":"2023-03-08T11:54:06","modified_gmt":"2023-03-08T11:54:06","slug":"dogma-f","status":"publish","type":"product","link":"https:\/\/ridextravel.com\/ridemybike\/produto\/dogma-f\/","title":{"rendered":"DOGMA F"},"content":{"rendered":"<h3>QUADRO<\/h3>\n<ul>\n<li>Carbono Torayca T1100 1K Dream Carbon com tecnologia de nanoliga<\/li>\n<li>Quadro Assim\u00e9trico<\/li>\n<li>TiCR\u2122 (Roteamento Total de Cabos Internos)<\/li>\n<li>Suporte inferior de rosca italiana BB<\/li>\n<li>3XAir\u2122 2 posi\u00e7\u00f5es dispon\u00edveis para o segundo porta-garrafas (de 515)<\/li>\n<li>Se\u00e7\u00f5es de Tubo Flatback<\/li>\n<li>Espig\u00e3o de selim aero<\/li>\n<li>Bra\u00e7adeira de selim de tit\u00e2nio impressa em 3D<\/li>\n<li>apenas grupos eletr\u00f4nicos<\/li>\n<\/ul>\n<h3>FREIO<\/h3>\n<ul>\n<li>Sistema de freio a disco RAD<\/li>\n<\/ul>\n<h3>GARFO<\/h3>\n<ul>\n<li>ONDA DOGMA F<\/li>\n<li>ForkFlap<\/li>\n<\/ul>\n<h3>GEOMETR\u00cdA \/ TALLAS<\/h3>\n<table>\n<tbody>\n<tr>\n<th>TALLA<\/th>\n<th>CF<\/th>\n<th>L<\/th>\n<th>A<sup>[0]<\/sup><\/th>\n<th>B<sup>[0]<\/sup><\/th>\n<th>P<\/th>\n<th>T<\/th>\n<th>D<\/th>\n<th>R<\/th>\n<th>G<\/th>\n<th>REACH<\/th>\n<th>STACK<\/th>\n<\/tr>\n<tr>\n<td>430<\/td>\n<td>425<\/td>\n<td>500<\/td>\n<td>74.4<\/td>\n<td>69.50<\/td>\n<td>406<\/td>\n<td>97<\/td>\n<td>67<\/td>\n<td>43<\/td>\n<td>373<\/td>\n<td>351,4<\/td>\n<td>502,4<\/td>\n<\/tr>\n<tr>\n<td>465<\/td>\n<td>450<\/td>\n<td>515<\/td>\n<td>74.4<\/td>\n<td>70,5<\/td>\n<td>406<\/td>\n<td>104<\/td>\n<td>72<\/td>\n<td>43<\/td>\n<td>373<\/td>\n<td>364,8<\/td>\n<td>517,6<\/td>\n<\/tr>\n<tr>\n<td>500<\/td>\n<td>465<\/td>\n<td>525<\/td>\n<td>74<\/td>\n<td>71,4<\/td>\n<td>406<\/td>\n<td>109<\/td>\n<td>72<\/td>\n<td>43<\/td>\n<td>373<\/td>\n<td>372,1<\/td>\n<td>525,4<\/td>\n<\/tr>\n<tr>\n<td>515<\/td>\n<td>485<\/td>\n<td>535<\/td>\n<td>73.7<\/td>\n<td>72<\/td>\n<td>406<\/td>\n<td>114<\/td>\n<td>72<\/td>\n<td>43<\/td>\n<td>373<\/td>\n<td>378<\/td>\n<td>532,3<\/td>\n<\/tr>\n<tr>\n<td>530<\/td>\n<td>500<\/td>\n<td>545<\/td>\n<td>73.7<\/td>\n<td>72,5<\/td>\n<td>406<\/td>\n<td>123<\/td>\n<td>72<\/td>\n<td>43<\/td>\n<td>373<\/td>\n<td>383,3<\/td>\n<td>542,6<\/td>\n<\/tr>\n<tr>\n<td>540<\/td>\n<td>510<\/td>\n<td>550<\/td>\n<td>73.4<\/td>\n<td>72,8<\/td>\n<td>408<\/td>\n<td>131<\/td>\n<td>72<\/td>\n<td>43<\/td>\n<td>373<\/td>\n<td>385<\/td>\n<td>551,2<\/td>\n<\/tr>\n<tr>\n<td>550<\/td>\n<td>520<\/td>\n<td>557<\/td>\n<td>73.4<\/td>\n<td>72,8<\/td>\n<td>406<\/td>\n<td>142<\/td>\n<td>72<\/td>\n<td>43<\/td>\n<td>373<\/td>\n<td>388,8<\/td>\n<td>561,6<\/td>\n<\/tr>\n<tr>\n<td>560<\/td>\n<td>525<\/td>\n<td>565<\/td>\n<td>73<\/td>\n<td>73,2<\/td>\n<td>408<\/td>\n<td>149,5<\/td>\n<td>72<\/td>\n<td>43<\/td>\n<td>373<\/td>\n<td>390,7<\/td>\n<td>570,2<\/td>\n<\/tr>\n<tr>\n<td>575<\/td>\n<td>540<\/td>\n<td>575<\/td>\n<td>73<\/td>\n<td>73,7<\/td>\n<td>408<\/td>\n<td>163<\/td>\n<td>72<\/td>\n<td>43<\/td>\n<td>373<\/td>\n<td>396,7<\/td>\n<td>584,8<\/td>\n<\/tr>\n<tr>\n<td>595<\/td>\n<td>560<\/td>\n<td>587<\/td>\n<td>72.4<\/td>\n<td>73,4<\/td>\n<td>408<\/td>\n<td>199<\/td>\n<td>67<\/td>\n<td>43<\/td>\n<td>373<\/td>\n<td>393,3<\/td>\n<td>613,3<\/td>\n<\/tr>\n<tr>\n<td>620<\/td>\n<td>600<\/td>\n<td>620<\/td>\n<td>72<\/td>\n<td>73.4<\/td>\n<td>411<\/td>\n<td>239<\/td>\n<td>67<\/td>\n<td>43<\/td>\n<td>373<\/td>\n<td>410,1<\/td>\n<td>651,7<\/td>\n<\/tr>\n<\/tbody>\n<\/table>\n","protected":false},"excerpt":{"rendered":"<h3>A ARTE DO EQUIL\u00cdBRIO<\/h3>\n<p>Como diz uma famosa can\u00e7\u00e3o italiana: A vida \u00e9 um ato de equil\u00edbrio acima de toda loucura. O mesmo pode ser dito sobre a cria\u00e7\u00e3o da bicicleta perfeita.<\/p>\n<p>Aerodin\u00e2mica, peso, espessura de tubos e perfis, sem contar muitos outros pequenos detalhes; Todos eles se combinam para tornar a <strong>Pinarello<\/strong> diferente de outras marcas de bicicletas. <strong>DOGMA F<\/strong> \u00e9 a arte do equil\u00edbrio. Uma arte que vem da experi\u00eancia, gosto, instinto e habilidade da empresa.<\/p>\n","protected":false},"featured_media":3189,"comment_status":"open","ping_status":"closed","template":"","meta":[],"product_brand":[],"product_cat":[29,330,311],"product_tag":[196,199,198,197,200,194,195,192,193],"class_list":{"0":"post-1691","1":"product","2":"type-product","3":"status-publish","4":"has-post-thumbnail","6":"product_cat-bicicletas","7":"product_cat-estrada-pinarello","8":"product_cat-pinarello","9":"product_tag-3xair","10":"product_tag-carbono-t1100","11":"product_tag-disco-rad","12":"product_tag-forkflap","13":"product_tag-pinarello","14":"product_tag-quadro-assimetrico","15":"product_tag-rosca-italiana-bb","16":"product_tag-ticr","17":"product_tag-torayca","18":"entry","19":"has-media","21":"first","22":"instock","23":"taxable","24":"shipping-taxable","25":"purchasable","26":"product-type-variable"},"_links":{"self":[{"href":"https:\/\/ridextravel.com\/ridemybike\/wp-json\/wp\/v2\/product\/1691","targetHints":{"allow":["GET"]}}],"collection":[{"href":"https:\/\/ridextravel.com\/ridemybike\/wp-json\/wp\/v2\/product"}],"about":[{"href":"https:\/\/ridextravel.com\/ridemybike\/wp-json\/wp\/v2\/types\/product"}],"replies":[{"embeddable":true,"href":"https:\/\/ridextravel.com\/ridemybike\/wp-json\/wp\/v2\/comments?post=1691"}],"wp:featuredmedia":[{"embeddable":true,"href":"https:\/\/ridextravel.com\/ridemybike\/wp-json\/wp\/v2\/media\/3189"}],"wp:attachment":[{"href":"https:\/\/ridextravel.com\/ridemybike\/wp-json\/wp\/v2\/media?parent=1691"}],"wp:term":[{"taxonomy":"product_brand","embeddable":true,"href":"https:\/\/ridextravel.com\/ridemybike\/wp-json\/wp\/v2\/product_brand?post=1691"},{"taxonomy":"product_cat","embeddable":true,"href":"https:\/\/ridextravel.com\/ridemybike\/wp-json\/wp\/v2\/product_cat?post=1691"},{"taxonomy":"product_tag","embeddable":true,"href":"https:\/\/ridextravel.com\/ridemybike\/wp-json\/wp\/v2\/product_tag?post=1691"}],"curies":[{"name":"wp","href":"https:\/\/api.w.org\/{rel}","templated":true}]}}