{"id":1950,"date":"2022-09-23T11:23:29","date_gmt":"2022-09-23T11:23:29","guid":{"rendered":"https:\/\/ridextravel.com\/ridemybike\/?post_type=product&#038;p=1950"},"modified":"2023-03-22T12:55:19","modified_gmt":"2023-03-22T12:55:19","slug":"crave-al-40","status":"publish","type":"product","link":"https:\/\/ridextravel.com\/ridemybike\/produto\/crave-al-40\/","title":{"rendered":"Crave AL 40"},"content":{"rendered":"<h3 class=\"titol_pestanya text_center\">Geometria CRAVE AL 40<\/h3>\n<div>\n<div><\/div>\n<div>\n<table>\n<thead>\n<tr>\n<th><\/th>\n<th>S<\/th>\n<th>M<\/th>\n<th>L<\/th>\n<\/tr>\n<\/thead>\n<tbody>\n<tr>\n<td><b>SIZE<\/b><\/td>\n<td>16<\/td>\n<td>18<\/td>\n<td>20<\/td>\n<\/tr>\n<tr>\n<td><b>T\/T<\/b><\/td>\n<td>600<\/td>\n<td>620<\/td>\n<td>644<\/td>\n<\/tr>\n<tr>\n<td><b>C\/S<\/b><\/td>\n<td>465<\/td>\n<td>465<\/td>\n<td>465<\/td>\n<\/tr>\n<tr>\n<td><b>S\/T<\/b><\/td>\n<td>406<\/td>\n<td>457<\/td>\n<td>508<\/td>\n<\/tr>\n<tr>\n<td><b>H\/T<\/b><\/td>\n<td>135<\/td>\n<td>140<\/td>\n<td>145<\/td>\n<\/tr>\n<tr>\n<td><b>REACH<\/b><\/td>\n<td>431<\/td>\n<td>450<\/td>\n<td>474<\/td>\n<\/tr>\n<tr>\n<td><b>STACK<\/b><\/td>\n<td>630<\/td>\n<td>634<\/td>\n<td>639<\/td>\n<\/tr>\n<tr>\n<td><b>BB HEIGHT<\/b><\/td>\n<td>370<\/td>\n<td>370<\/td>\n<td>370<\/td>\n<\/tr>\n<tr>\n<td><b>FRONT ANGLE<\/b><\/td>\n<td>65,3\u00ba<\/td>\n<td>65,3\u00ba<\/td>\n<td>65,3\u00ba<\/td>\n<\/tr>\n<tr>\n<td><b>REAR ANGLE<\/b><\/td>\n<td>75\u00ba<\/td>\n<td>75\u00ba<\/td>\n<td>75\u00ba<\/td>\n<\/tr>\n<tr>\n<td><strong>L\/T<\/strong><\/td>\n<td>205&#215;65 TR<\/td>\n<td>205&#215;65 TR<\/td>\n<td>205&#215;65 TR<\/td>\n<\/tr>\n<tr>\n<td><strong>REAR TRAVEL<\/strong><\/td>\n<td>150<\/td>\n<td>150<\/td>\n<td>150<\/td>\n<\/tr>\n<tr>\n<td><strong>WB<\/strong><\/td>\n<td>1232<\/td>\n<td>1253<\/td>\n<td>1279<\/td>\n<\/tr>\n<\/tbody>\n<\/table>\n<\/div>\n<\/div>\n","protected":false},"excerpt":{"rendered":"<h3>CARACTER\u00cdSTICAS PRINCIPAIS<\/h3>\n<ul>\n<li>Motor Shimano E7000<\/li>\n<li>Bateria Integrada 630 Wh<\/li>\n<li>Moldura com bateria e motor central totalmente integrados<\/li>\n<li>Suntour XCR 34 garfo 130mm viagem<\/li>\n<li>Choque traseiro Rock Shox Deluxe Select R<\/li>\n<li>Transmiss\u00e3o de 10 velocidades Shimano Deore<\/li>\n<li>Trav\u00f5es hidr\u00e1ulicos de disco de 4 pist\u00f5es Shimano MT420<\/li>\n<\/ul>\n<div class=\"wpex-alert wpex-alert-warning wpex-alert-error\"><strong>Importante:<\/strong> para ver as cores deve primeiro selecionar o tamanho.<\/div>\n","protected":false},"featured_media":3513,"comment_status":"open","ping_status":"closed","template":"","meta":[],"product_brand":[],"product_cat":[29,18,19,310],"product_tag":[],"class_list":{"0":"post-1950","1":"product","2":"type-product","3":"status-publish","4":"has-post-thumbnail","6":"product_cat-bicicletas","7":"product_cat-btt","8":"product_cat-eletricas-megamo","9":"product_cat-megamo","10":"entry","11":"has-media","13":"first","14":"instock","15":"taxable","16":"shipping-taxable","17":"purchasable","18":"product-type-variable"},"_links":{"self":[{"href":"https:\/\/ridextravel.com\/ridemybike\/wp-json\/wp\/v2\/product\/1950","targetHints":{"allow":["GET"]}}],"collection":[{"href":"https:\/\/ridextravel.com\/ridemybike\/wp-json\/wp\/v2\/product"}],"about":[{"href":"https:\/\/ridextravel.com\/ridemybike\/wp-json\/wp\/v2\/types\/product"}],"replies":[{"embeddable":true,"href":"https:\/\/ridextravel.com\/ridemybike\/wp-json\/wp\/v2\/comments?post=1950"}],"wp:featuredmedia":[{"embeddable":true,"href":"https:\/\/ridextravel.com\/ridemybike\/wp-json\/wp\/v2\/media\/3513"}],"wp:attachment":[{"href":"https:\/\/ridextravel.com\/ridemybike\/wp-json\/wp\/v2\/media?parent=1950"}],"wp:term":[{"taxonomy":"product_brand","embeddable":true,"href":"https:\/\/ridextravel.com\/ridemybike\/wp-json\/wp\/v2\/product_brand?post=1950"},{"taxonomy":"product_cat","embeddable":true,"href":"https:\/\/ridextravel.com\/ridemybike\/wp-json\/wp\/v2\/product_cat?post=1950"},{"taxonomy":"product_tag","embeddable":true,"href":"https:\/\/ridextravel.com\/ridemybike\/wp-json\/wp\/v2\/product_tag?post=1950"}],"curies":[{"name":"wp","href":"https:\/\/api.w.org\/{rel}","templated":true}]}}