{"id":1953,"date":"2022-09-23T11:26:46","date_gmt":"2022-09-23T11:26:46","guid":{"rendered":"https:\/\/ridextravel.com\/ridemybike\/?post_type=product&#038;p=1953"},"modified":"2023-03-22T12:53:05","modified_gmt":"2023-03-22T12:53:05","slug":"crave-al-10","status":"publish","type":"product","link":"https:\/\/ridextravel.com\/ridemybike\/produto\/crave-al-10\/","title":{"rendered":"Crave AL 10"},"content":{"rendered":"","protected":false},"excerpt":{"rendered":"<h3><strong>CARACTER\u00cdSTICAS PRINCIPAIS<\/strong><\/h3>\n<ul>\n<li>Motor Shimano EP8 \/ 85 Nm<\/li>\n<li>Bateria integrada 630 Wh<\/li>\n<li>Moldura com bateria e motor central totalmente integrados<\/li>\n<li>Garfo de prata Rock Shox 35 160mm de viagem<\/li>\n<li>Choque R seleccionado Rock Shox Deluxe<\/li>\n<li>Transmiss\u00e3o de 12 velocidades SRAM SX Eagle<\/li>\n<li>Trav\u00f5es hidr\u00e1ulicos de disco de 4 pist\u00f5es Shimano MT420<\/li>\n<\/ul>\n<div class=\"wpex-alert wpex-alert-warning wpex-alert-error\"><strong>Importante:<\/strong> para ver as cores deve primeiro selecionar o tamanho.<\/div>\n","protected":false},"featured_media":3454,"comment_status":"open","ping_status":"closed","template":"","meta":[],"product_brand":[],"product_cat":[29,18,19,310],"product_tag":[],"class_list":{"0":"post-1953","1":"product","2":"type-product","3":"status-publish","4":"has-post-thumbnail","6":"product_cat-bicicletas","7":"product_cat-btt","8":"product_cat-eletricas-megamo","9":"product_cat-megamo","10":"entry","11":"has-media","13":"first","14":"instock","15":"taxable","16":"shipping-taxable","17":"purchasable","18":"product-type-variable"},"_links":{"self":[{"href":"https:\/\/ridextravel.com\/ridemybike\/wp-json\/wp\/v2\/product\/1953","targetHints":{"allow":["GET"]}}],"collection":[{"href":"https:\/\/ridextravel.com\/ridemybike\/wp-json\/wp\/v2\/product"}],"about":[{"href":"https:\/\/ridextravel.com\/ridemybike\/wp-json\/wp\/v2\/types\/product"}],"replies":[{"embeddable":true,"href":"https:\/\/ridextravel.com\/ridemybike\/wp-json\/wp\/v2\/comments?post=1953"}],"wp:featuredmedia":[{"embeddable":true,"href":"https:\/\/ridextravel.com\/ridemybike\/wp-json\/wp\/v2\/media\/3454"}],"wp:attachment":[{"href":"https:\/\/ridextravel.com\/ridemybike\/wp-json\/wp\/v2\/media?parent=1953"}],"wp:term":[{"taxonomy":"product_brand","embeddable":true,"href":"https:\/\/ridextravel.com\/ridemybike\/wp-json\/wp\/v2\/product_brand?post=1953"},{"taxonomy":"product_cat","embeddable":true,"href":"https:\/\/ridextravel.com\/ridemybike\/wp-json\/wp\/v2\/product_cat?post=1953"},{"taxonomy":"product_tag","embeddable":true,"href":"https:\/\/ridextravel.com\/ridemybike\/wp-json\/wp\/v2\/product_tag?post=1953"}],"curies":[{"name":"wp","href":"https:\/\/api.w.org\/{rel}","templated":true}]}}