{"id":1975,"date":"2022-09-23T14:41:37","date_gmt":"2022-09-23T14:41:37","guid":{"rendered":"https:\/\/ridextravel.com\/ridemybike\/?post_type=product&#038;p=1975"},"modified":"2023-03-07T10:30:37","modified_gmt":"2023-03-07T10:30:37","slug":"lane-usx","status":"publish","type":"product","link":"https:\/\/ridextravel.com\/ridemybike\/produto\/lane-usx\/","title":{"rendered":"Lane USX"},"content":{"rendered":"<h3><strong>Caracteristicas T\u00e9cnicas:<\/strong><\/h3>\n<ul>\n<li><strong>Tipo de bicicleta:<\/strong> El\u00e9ctrica<\/li>\n<li><strong>Suspens\u00e3o:<\/strong> Frente<\/li>\n<li><strong>Moldura:<\/strong> Alum\u00ednio com bateria e motor central totalmente integrados<\/li>\n<li><strong>Garfo:<\/strong> SUNTOUR NEX com trav\u00f5es de disco<\/li>\n<li><strong>Alavancas do desviador:<\/strong> Shimano Altus 9s<\/li>\n<li><strong>Anel em cadeia:<\/strong> FSA 38T 170mm<\/li>\n<li><strong>Trav\u00f5es:<\/strong> Shimano MT200 disco hidr\u00e1ulico 180\/180<\/li>\n<li><strong>Aros:<\/strong> Megamo Disco de Parede Dupla<\/li>\n<li><strong>Pneus:<\/strong> Vittoria Randonneur 47-622 reflector r\u00edgido D<\/li>\n<li><strong>Sela:<\/strong> Conforto de Trekking<\/li>\n<li><strong>Posto de assento:<\/strong> Megamo Alloy 30,9<\/li>\n<li><strong>Guiador:<\/strong> FOV 31,8<\/li>\n<li><strong>Haste:<\/strong> liga ajust\u00e1vel<\/li>\n<li><strong>Direc\u00e7\u00e3o:<\/strong> Trav\u00e3o de disco Suntour NEX<\/li>\n<li><strong>Hubs:<\/strong> Megamo<\/li>\n<li><strong>Tipo de trav\u00e3o:<\/strong> Disco Hidr\u00e1ulico<\/li>\n<li><strong>Bateria:<\/strong> Integrada (Li-Ion) 36v &#8211; 14 Ah &#8211; 504 Wh<\/li>\n<li><strong>Motor:<\/strong> Megamo motor m\u00e9dio 250W 80Nm<\/li>\n<\/ul>\n","protected":false},"excerpt":{"rendered":"<p>Caracteristicas T\u00e9cnicas: Tipo de bicicleta: El\u00e9ctrica Suspens\u00e3o: Frente Moldura: Alum\u00ednio com bateria e motor central totalmente integrados Garfo: SUNTOUR NEX com trav\u00f5es de disco Alavancas do desviador: Shimano Altus 9s Anel em cadeia: FSA 38T 170mm Trav\u00f5es: Shimano MT200 disco hidr\u00e1ulico 180\/180 Aros: Megamo Disco de Parede Dupla Pneus: Vittoria Randonneur 47-622 reflector r\u00edgido D&hellip;<\/p>\n","protected":false},"featured_media":3700,"comment_status":"open","ping_status":"closed","template":"","meta":[],"product_brand":[],"product_cat":[29,19,310,20],"product_tag":[284,286,283,285,280,278,281,273,226,230,269,247,279,272,282,72,277,275,271,270,276,274],"class_list":{"0":"post-1975","1":"product","2":"type-product","3":"status-publish","4":"has-post-thumbnail","6":"product_cat-bicicletas","7":"product_cat-eletricas-megamo","8":"product_cat-megamo","9":"product_cat-urbanas-megamo","10":"product_tag-14-ah","11":"product_tag-250w-80nm","12":"product_tag-36v","13":"product_tag-504-wh","14":"product_tag-280","15":"product_tag-278","16":"product_tag-bateria-integrada","17":"product_tag-disco-de-parede-dupla","18":"product_tag-disco-hidraulico","19":"product_tag-disco-shimano-mt200","20":"product_tag-electrica","21":"product_tag-estrada","22":"product_tag-fov-31","23":"product_tag-fsa-38t-170mm","24":"product_tag-li-ion","25":"product_tag-megamo","26":"product_tag-megamo-alloy-30","27":"product_tag-reflector-rigido-d","28":"product_tag-shimano-altus-9s","29":"product_tag-suntour-nex","30":"product_tag-trekking","31":"product_tag-vittoria-randonneur-47-622","32":"entry","33":"has-media","35":"first","36":"instock","37":"sale","38":"featured","39":"taxable","40":"shipping-taxable","41":"purchasable","42":"product-type-simple"},"_links":{"self":[{"href":"https:\/\/ridextravel.com\/ridemybike\/wp-json\/wp\/v2\/product\/1975","targetHints":{"allow":["GET"]}}],"collection":[{"href":"https:\/\/ridextravel.com\/ridemybike\/wp-json\/wp\/v2\/product"}],"about":[{"href":"https:\/\/ridextravel.com\/ridemybike\/wp-json\/wp\/v2\/types\/product"}],"replies":[{"embeddable":true,"href":"https:\/\/ridextravel.com\/ridemybike\/wp-json\/wp\/v2\/comments?post=1975"}],"wp:featuredmedia":[{"embeddable":true,"href":"https:\/\/ridextravel.com\/ridemybike\/wp-json\/wp\/v2\/media\/3700"}],"wp:attachment":[{"href":"https:\/\/ridextravel.com\/ridemybike\/wp-json\/wp\/v2\/media?parent=1975"}],"wp:term":[{"taxonomy":"product_brand","embeddable":true,"href":"https:\/\/ridextravel.com\/ridemybike\/wp-json\/wp\/v2\/product_brand?post=1975"},{"taxonomy":"product_cat","embeddable":true,"href":"https:\/\/ridextravel.com\/ridemybike\/wp-json\/wp\/v2\/product_cat?post=1975"},{"taxonomy":"product_tag","embeddable":true,"href":"https:\/\/ridextravel.com\/ridemybike\/wp-json\/wp\/v2\/product_tag?post=1975"}],"curies":[{"name":"wp","href":"https:\/\/api.w.org\/{rel}","templated":true}]}}