{"id":2000,"date":"2022-09-27T09:35:29","date_gmt":"2022-09-27T09:35:29","guid":{"rendered":"https:\/\/ridextravel.com\/ridemybike\/?post_type=product&#038;p=2000"},"modified":"2023-03-22T13:19:45","modified_gmt":"2023-03-22T13:19:45","slug":"factory-07","status":"publish","type":"product","link":"https:\/\/ridextravel.com\/ridemybike\/produto\/factory-07\/","title":{"rendered":"Factory 07"},"content":{"rendered":"<h3>Geometria Factory 07<\/h3>\n<div>\n<table>\n<thead>\n<tr>\n<th><\/th>\n<th>S<\/th>\n<th>M<\/th>\n<th>L<\/th>\n<th>XL<\/th>\n<\/tr>\n<\/thead>\n<tbody>\n<tr>\n<td><b>SIZE<\/b><\/td>\n<td>15&#8243;<\/td>\n<td>17&#8243;<\/td>\n<td>19&#8243;<\/td>\n<td>21&#8243;<\/td>\n<\/tr>\n<tr>\n<td><b>T\/T<\/b><\/td>\n<td>575<\/td>\n<td>600<\/td>\n<td>625<\/td>\n<td>650<\/td>\n<\/tr>\n<tr>\n<td><b>C\/S<\/b><\/td>\n<td>425<\/td>\n<td>425<\/td>\n<td>425<\/td>\n<td>425<\/td>\n<\/tr>\n<tr>\n<td><b>S\/T<\/b><\/td>\n<td>390<\/td>\n<td>440<\/td>\n<td>480<\/td>\n<td>530<\/td>\n<\/tr>\n<tr>\n<td><b>H\/T<\/b><\/td>\n<td>95<\/td>\n<td>100<\/td>\n<td>115<\/td>\n<td>125<\/td>\n<\/tr>\n<tr>\n<td><b>REACH<\/b><\/td>\n<td>404<\/td>\n<td>429<\/td>\n<td>449<\/td>\n<td>471<\/td>\n<\/tr>\n<tr>\n<td><b>STACK<\/b><\/td>\n<td>595<\/td>\n<td>600<\/td>\n<td>614<\/td>\n<td>624<\/td>\n<\/tr>\n<tr>\n<td><b>FRONT ANGLE<\/b><\/td>\n<td>69,5<\/td>\n<td>69,5<\/td>\n<td>69,5<\/td>\n<td>69,5<\/td>\n<\/tr>\n<tr>\n<td><b>REAR ANGLE<\/b><\/td>\n<td>74<\/td>\n<td>74<\/td>\n<td>74<\/td>\n<td>74<\/td>\n<\/tr>\n<\/tbody>\n<\/table>\n<\/div>\n","protected":false},"excerpt":{"rendered":"<p>Esta bicicleta foi criada para ultrapassar os seus limites, explorar novos horizontes, e desfrutar do <strong>MTB<\/strong> como nunca antes. A <strong>Factory<\/strong> Megamo \u00e9 uma bicicleta de corrida, leve e forte. O seu car\u00e1cter vers\u00e1til permite aos seus utilizadores descobrir novos terrenos, qualquer que seja o seu n\u00edvel de experi\u00eancia, qualquer pessoa pode desfrutar desta bicicleta e de todas as suas possibilidades.<\/p>\n<p>A combina\u00e7\u00e3o da geometria de corrida, desenvolvida com a experi\u00eancia adquirida na competi\u00e7\u00e3o, e o quadro de carbono de alto m\u00f3dulo, assegura o equil\u00edbrio perfeito entre rigidez e leveza do conjunto, tornando-a uma das bicicletas mais leves e r\u00edgidas do mercado.<\/p>\n<h3>Caracter\u00edsticas Principais<\/h3>\n<ul>\n<li>Constru\u00e7\u00e3o Estrutura de carbono com tecnologia FSC com cablagem interna<\/li>\n<li>Garfo FOX 32 StepCast de Desempenho 100 mm Bloqueio Remoto<\/li>\n<li>Transmiss\u00e3o SRAM GX Eagle 12s<\/li>\n<li>Trav\u00f5es hidr\u00e1ulicos a disco Shimano MT-500<\/li>\n<li>Rodas DT Swiss X 1900 \/ Mavic Crossmax<\/li>\n<\/ul>\n<div class=\"wpex-alert wpex-alert-warning wpex-alert-error\"><strong>Importante:<\/strong> para ver as cores deve primeiro selecionar o tamanho.<\/div>\n","protected":false},"featured_media":3534,"comment_status":"open","ping_status":"closed","template":"","meta":[],"product_brand":[],"product_cat":[29,18,310],"product_tag":[239,248,240,241,77,233,242,76,236,232],"class_list":{"0":"post-2000","1":"product","2":"type-product","3":"status-publish","4":"has-post-thumbnail","6":"product_cat-bicicletas","7":"product_cat-btt","8":"product_cat-megamo","9":"product_tag-bloqueio-remoto","10":"product_tag-btt","11":"product_tag-disco-shimano-mt-500","12":"product_tag-dt-swiss-x-1900","13":"product_tag-factory","14":"product_tag-fox-32","15":"product_tag-mavic-crossmax","16":"product_tag-sram","17":"product_tag-sram-gx-eagle-12s","18":"product_tag-tecnologia-fsc","19":"entry","20":"has-media","22":"first","23":"instock","24":"taxable","25":"shipping-taxable","26":"purchasable","27":"product-type-variable"},"_links":{"self":[{"href":"https:\/\/ridextravel.com\/ridemybike\/wp-json\/wp\/v2\/product\/2000","targetHints":{"allow":["GET"]}}],"collection":[{"href":"https:\/\/ridextravel.com\/ridemybike\/wp-json\/wp\/v2\/product"}],"about":[{"href":"https:\/\/ridextravel.com\/ridemybike\/wp-json\/wp\/v2\/types\/product"}],"replies":[{"embeddable":true,"href":"https:\/\/ridextravel.com\/ridemybike\/wp-json\/wp\/v2\/comments?post=2000"}],"wp:featuredmedia":[{"embeddable":true,"href":"https:\/\/ridextravel.com\/ridemybike\/wp-json\/wp\/v2\/media\/3534"}],"wp:attachment":[{"href":"https:\/\/ridextravel.com\/ridemybike\/wp-json\/wp\/v2\/media?parent=2000"}],"wp:term":[{"taxonomy":"product_brand","embeddable":true,"href":"https:\/\/ridextravel.com\/ridemybike\/wp-json\/wp\/v2\/product_brand?post=2000"},{"taxonomy":"product_cat","embeddable":true,"href":"https:\/\/ridextravel.com\/ridemybike\/wp-json\/wp\/v2\/product_cat?post=2000"},{"taxonomy":"product_tag","embeddable":true,"href":"https:\/\/ridextravel.com\/ridemybike\/wp-json\/wp\/v2\/product_tag?post=2000"}],"curies":[{"name":"wp","href":"https:\/\/api.w.org\/{rel}","templated":true}]}}