{"id":2029,"date":"2022-09-27T11:15:27","date_gmt":"2022-09-27T11:15:27","guid":{"rendered":"https:\/\/ridextravel.com\/ridemybike\/?post_type=product&#038;p=2029"},"modified":"2023-03-22T15:22:31","modified_gmt":"2023-03-22T15:22:31","slug":"natural-elite-05","status":"publish","type":"product","link":"https:\/\/ridextravel.com\/ridemybike\/produto\/natural-elite-05\/","title":{"rendered":"Natural Elite 05"},"content":{"rendered":"<h3>Geometria Natural Elite 05<\/h3>\n<div>\n<table>\n<thead>\n<tr>\n<th><\/th>\n<th><\/th>\n<th>S<\/th>\n<th>M<\/th>\n<th>L<\/th>\n<th>XL<\/th>\n<\/tr>\n<\/thead>\n<tbody>\n<tr>\n<td>\n<div>A<\/div>\n<\/td>\n<td>T\/T<\/td>\n<td>575<\/td>\n<td>600<\/td>\n<td>625<\/td>\n<td>650<\/td>\n<\/tr>\n<tr>\n<td>\n<div>B<\/div>\n<\/td>\n<td>C\/S<\/td>\n<td>445<\/td>\n<td>445<\/td>\n<td>445<\/td>\n<td>445<\/td>\n<\/tr>\n<tr>\n<td>\n<div>C<\/div>\n<\/td>\n<td>S\/T<\/td>\n<td>390<\/td>\n<td>440<\/td>\n<td>480<\/td>\n<td>530<\/td>\n<\/tr>\n<tr>\n<td>\n<div>D<\/div>\n<\/td>\n<td>H\/T<\/td>\n<td>95<\/td>\n<td>105<\/td>\n<td>115<\/td>\n<td>130<\/td>\n<\/tr>\n<tr>\n<td>\n<div>E<\/div>\n<\/td>\n<td>REACH<\/td>\n<td>397<\/td>\n<td>419<\/td>\n<td>442<\/td>\n<td>462<\/td>\n<\/tr>\n<tr>\n<td>\n<div>F<\/div>\n<\/td>\n<td>STACK<\/td>\n<td>600<\/td>\n<td>609<\/td>\n<td>619<\/td>\n<td>633<\/td>\n<\/tr>\n<tr>\n<td>\n<div>G<\/div>\n<\/td>\n<td>FRONT ANGLE<\/td>\n<td>69,5\u00ba<\/td>\n<td>69,5\u00ba<\/td>\n<td>69,5\u00ba<\/td>\n<td>69,5\u00ba<\/td>\n<\/tr>\n<tr>\n<td>\n<div>H<\/div>\n<\/td>\n<td>REAR ANGLE<\/td>\n<td>73,5\u00ba<\/td>\n<td>73,5\u00ba<\/td>\n<td>73,5\u00ba<\/td>\n<td>73,5\u00ba<\/td>\n<\/tr>\n<\/tbody>\n<\/table>\n<\/div>\n","protected":false},"excerpt":{"rendered":"<h3>O PRIMEIRO VEST\u00cdGIO<\/h3>\n<p>\u00c9 aqui que come\u00e7am os seus primeiros vest\u00edgios. A <strong>Elite Natural<\/strong> \u00e9 a bicicleta perfeita para entrar no mundo do <strong>MTB<\/strong> e viver novas aventuras. \u00c9 uma bicicleta muito vers\u00e1til, com um quadro de alum\u00ednio e uma geometria moderna e de corrida que lhe permitir\u00e1 desfrutar de Trail e das pistas com mais fluxo.<\/p>\n<p>Tem a tecnologia perfeita para que possa desfrutar sem limites: quadro triplo de alum\u00ednio com triplo mastro, tubo de cabe\u00e7a c\u00f3nica, sistema de p\u00f3s-montagem, encaminhamento interno de cabos, montagem directa de desviadores, etc.<\/p>\n<h3>Caracter\u00edsticas Principais<\/h3>\n<ul>\n<li>Estrutura Tripla de Alum\u00ednio 6061 com Tripla Face, Tecnologia Hidroformada, com fio interno e Tappered<\/li>\n<li>Garfo FOX Rhythm 32 com curso de 100mm e bloqueio remoto<\/li>\n<li>Velocidades de transmiss\u00e3o SRAM SX 12<\/li>\n<li>Freios hidr\u00e1ulicos de disco Shimano M401<\/li>\n<li>Rodas READY 25<\/li>\n<\/ul>\n<div class=\"wpex-alert wpex-alert-warning wpex-alert-error\"><strong>Importante:<\/strong> para ver as cores deve primeiro selecionar o tamanho.<\/div>\n","protected":false},"featured_media":3403,"comment_status":"open","ping_status":"closed","template":"","meta":[],"product_brand":[],"product_cat":[29,18,310],"product_tag":[255,257,223,220,222,256,72,254,259,260,224,261,76,221,219,218,258,216,217],"class_list":{"0":"post-2029","1":"product","2":"type-product","3":"status-publish","4":"has-post-thumbnail","6":"product_cat-bicicletas","7":"product_cat-btt","8":"product_cat-megamo","9":"product_tag-aventuras","10":"product_tag-corrida","11":"product_tag-disco-shimano-m401","12":"product_tag-fox-rhythm-32","13":"product_tag-freios-hidraulicos","14":"product_tag-geometria-moderna","15":"product_tag-megamo","16":"product_tag-mtb","17":"product_tag-pistas","18":"product_tag-quadro-triplo","19":"product_tag-ready-25","20":"product_tag-sistema-de-pos-montagem","21":"product_tag-sram","22":"product_tag-sram-sx-12","23":"product_tag-tappered","24":"product_tag-tecnologia-hidroformada","25":"product_tag-trail","26":"product_tag-tripla-de-aluminio-6061","27":"product_tag-tripla-face","28":"entry","29":"has-media","31":"first","32":"instock","33":"taxable","34":"shipping-taxable","35":"purchasable","36":"product-type-variable"},"_links":{"self":[{"href":"https:\/\/ridextravel.com\/ridemybike\/wp-json\/wp\/v2\/product\/2029","targetHints":{"allow":["GET"]}}],"collection":[{"href":"https:\/\/ridextravel.com\/ridemybike\/wp-json\/wp\/v2\/product"}],"about":[{"href":"https:\/\/ridextravel.com\/ridemybike\/wp-json\/wp\/v2\/types\/product"}],"replies":[{"embeddable":true,"href":"https:\/\/ridextravel.com\/ridemybike\/wp-json\/wp\/v2\/comments?post=2029"}],"wp:featuredmedia":[{"embeddable":true,"href":"https:\/\/ridextravel.com\/ridemybike\/wp-json\/wp\/v2\/media\/3403"}],"wp:attachment":[{"href":"https:\/\/ridextravel.com\/ridemybike\/wp-json\/wp\/v2\/media?parent=2029"}],"wp:term":[{"taxonomy":"product_brand","embeddable":true,"href":"https:\/\/ridextravel.com\/ridemybike\/wp-json\/wp\/v2\/product_brand?post=2029"},{"taxonomy":"product_cat","embeddable":true,"href":"https:\/\/ridextravel.com\/ridemybike\/wp-json\/wp\/v2\/product_cat?post=2029"},{"taxonomy":"product_tag","embeddable":true,"href":"https:\/\/ridextravel.com\/ridemybike\/wp-json\/wp\/v2\/product_tag?post=2029"}],"curies":[{"name":"wp","href":"https:\/\/api.w.org\/{rel}","templated":true}]}}