{"id":220,"date":"2022-02-21T12:04:37","date_gmt":"2022-02-21T12:04:37","guid":{"rendered":"https:\/\/ridextravel.com\/ridemybike\/?post_type=product&#038;p=220"},"modified":"2023-03-23T16:01:46","modified_gmt":"2023-03-23T16:01:46","slug":"joelheiras-fox-enduro-d3o-preto","status":"publish","type":"product","link":"https:\/\/ridextravel.com\/ridemybike\/produto\/joelheiras-fox-enduro-d3o-preto\/","title":{"rendered":"JOELHEIRAS FOX ENDURO D3O PRETO"},"content":{"rendered":"<p>As\u00a0joelheiras FOX Enduro D3O\u00a0s\u00e3o ideais para os riders que querem rolar com prote\u00e7\u00f5es leves e confort\u00e1veis.<\/p>\n<p>As Fox Enduro s\u00e3o joelheiras flex\u00edveis perfeitas para praticantes de BTT Enduro e All Mountain. A prote\u00e7\u00e3o D3O resiste aos impactos absorvendo uma grande parte do impacto. \u00c9 confort\u00e1vel gra\u00e7as ao formato anat\u00f3mico e \u00e0 espuma viscoel\u00e1stica.<\/p>\n<p>O tecido utilizado para o suporte das joelheiras vem revestido com Cordura para resistir \u00e0 abras\u00e3o numa queda. Al\u00e9m disso, o corte do produto e o mesh permitem um conforto de pedalagem e uma respirabilidade perfeita. Finalmente, as joelheiras Fox Enduro t\u00eam certifica\u00e7\u00e3o EN1621-2 de N\u00edvel 1 CE que garante a efic\u00e1cia do produto da marca americana num impacto.<\/p>\n","protected":false},"excerpt":{"rendered":"<p>As\u00a0joelheiras FOX Enduro D3O\u00a0s\u00e3o ideais para os riders que querem rolar com prote\u00e7\u00f5es leves e confort\u00e1veis. As Fox Enduro s\u00e3o joelheiras flex\u00edveis perfeitas para praticantes de BTT Enduro e All Mountain. A prote\u00e7\u00e3o D3O resiste aos impactos absorvendo uma grande parte do impacto. \u00c9 confort\u00e1vel gra\u00e7as ao formato anat\u00f3mico e \u00e0 espuma viscoel\u00e1stica. O tecido&hellip;<\/p>\n","protected":false},"featured_media":221,"comment_status":"open","ping_status":"closed","template":"","meta":[],"product_brand":[],"product_cat":[31],"product_tag":[],"class_list":{"0":"post-220","1":"product","2":"type-product","3":"status-publish","4":"has-post-thumbnail","6":"product_cat-equipamento","7":"entry","8":"has-media","10":"first","11":"instock","12":"taxable","13":"shipping-taxable","14":"purchasable","15":"product-type-simple"},"_links":{"self":[{"href":"https:\/\/ridextravel.com\/ridemybike\/wp-json\/wp\/v2\/product\/220","targetHints":{"allow":["GET"]}}],"collection":[{"href":"https:\/\/ridextravel.com\/ridemybike\/wp-json\/wp\/v2\/product"}],"about":[{"href":"https:\/\/ridextravel.com\/ridemybike\/wp-json\/wp\/v2\/types\/product"}],"replies":[{"embeddable":true,"href":"https:\/\/ridextravel.com\/ridemybike\/wp-json\/wp\/v2\/comments?post=220"}],"wp:featuredmedia":[{"embeddable":true,"href":"https:\/\/ridextravel.com\/ridemybike\/wp-json\/wp\/v2\/media\/221"}],"wp:attachment":[{"href":"https:\/\/ridextravel.com\/ridemybike\/wp-json\/wp\/v2\/media?parent=220"}],"wp:term":[{"taxonomy":"product_brand","embeddable":true,"href":"https:\/\/ridextravel.com\/ridemybike\/wp-json\/wp\/v2\/product_brand?post=220"},{"taxonomy":"product_cat","embeddable":true,"href":"https:\/\/ridextravel.com\/ridemybike\/wp-json\/wp\/v2\/product_cat?post=220"},{"taxonomy":"product_tag","embeddable":true,"href":"https:\/\/ridextravel.com\/ridemybike\/wp-json\/wp\/v2\/product_tag?post=220"}],"curies":[{"name":"wp","href":"https:\/\/api.w.org\/{rel}","templated":true}]}}