{"id":236,"date":"2022-02-23T14:49:06","date_gmt":"2022-02-23T14:49:06","guid":{"rendered":"https:\/\/ridextravel.com\/ridemybike\/?post_type=product&#038;p=236"},"modified":"2022-02-23T14:49:06","modified_gmt":"2022-02-23T14:49:06","slug":"suporte-reboque-thule-euroride-2-bicicletas-7-pinos","status":"publish","type":"product","link":"https:\/\/ridextravel.com\/ridemybike\/produto\/suporte-reboque-thule-euroride-2-bicicletas-7-pinos\/","title":{"rendered":"SUPORTE REBOQUE THULE EURORIDE 2 BICICLETAS 7 PINOS"},"content":{"rendered":"<h1><span style=\"color: #616161; font-size: 13px;\">SUPORTES DE BICICLETA PARA BOLA DE REBOQUE.<\/span><\/h1>\n<h1><span style=\"color: #616161; font-size: 13px;\">Os suportes de bicicleta para bola de reboque Thule s\u00e3o f\u00e1ceis de instalar e usar, com op\u00e7\u00e3o de transportar at\u00e9 4 bicicletas. Montam-se no engate da bola de reboque, n\u00e3o sendo necess\u00e1rio um suporte base.\u00a0\u00a0<\/span><\/h1>\n","protected":false},"excerpt":{"rendered":"<p>SUPORTES DE BICICLETA PARA BOLA DE REBOQUE. Os suportes de bicicleta para bola de reboque Thule s\u00e3o f\u00e1ceis de instalar e usar, com op\u00e7\u00e3o de transportar at\u00e9 4 bicicletas. Montam-se no engate da bola de reboque, n\u00e3o sendo necess\u00e1rio um suporte base.\u00a0\u00a0<\/p>\n","protected":false},"featured_media":237,"comment_status":"open","ping_status":"closed","template":"","meta":[],"product_brand":[],"product_cat":[36],"product_tag":[],"class_list":{"0":"post-236","1":"product","2":"type-product","3":"status-publish","4":"has-post-thumbnail","6":"product_cat-transporte","7":"entry","8":"has-media","10":"first","11":"instock","12":"taxable","13":"shipping-taxable","14":"purchasable","15":"product-type-simple"},"_links":{"self":[{"href":"https:\/\/ridextravel.com\/ridemybike\/wp-json\/wp\/v2\/product\/236","targetHints":{"allow":["GET"]}}],"collection":[{"href":"https:\/\/ridextravel.com\/ridemybike\/wp-json\/wp\/v2\/product"}],"about":[{"href":"https:\/\/ridextravel.com\/ridemybike\/wp-json\/wp\/v2\/types\/product"}],"replies":[{"embeddable":true,"href":"https:\/\/ridextravel.com\/ridemybike\/wp-json\/wp\/v2\/comments?post=236"}],"wp:featuredmedia":[{"embeddable":true,"href":"https:\/\/ridextravel.com\/ridemybike\/wp-json\/wp\/v2\/media\/237"}],"wp:attachment":[{"href":"https:\/\/ridextravel.com\/ridemybike\/wp-json\/wp\/v2\/media?parent=236"}],"wp:term":[{"taxonomy":"product_brand","embeddable":true,"href":"https:\/\/ridextravel.com\/ridemybike\/wp-json\/wp\/v2\/product_brand?post=236"},{"taxonomy":"product_cat","embeddable":true,"href":"https:\/\/ridextravel.com\/ridemybike\/wp-json\/wp\/v2\/product_cat?post=236"},{"taxonomy":"product_tag","embeddable":true,"href":"https:\/\/ridextravel.com\/ridemybike\/wp-json\/wp\/v2\/product_tag?post=236"}],"curies":[{"name":"wp","href":"https:\/\/api.w.org\/{rel}","templated":true}]}}