{"id":242,"date":"2022-02-23T14:58:55","date_gmt":"2022-02-23T14:58:55","guid":{"rendered":"https:\/\/ridextravel.com\/ridemybike\/?post_type=product&#038;p=242"},"modified":"2022-02-23T14:58:55","modified_gmt":"2022-02-23T14:58:55","slug":"bomba-de-suspensoes-syncros-sp-2-0","status":"publish","type":"product","link":"https:\/\/ridextravel.com\/ridemybike\/produto\/bomba-de-suspensoes-syncros-sp-2-0\/","title":{"rendered":"BOMBA DE SUSPENS\u00d5ES SYNCROS SP 2.0"},"content":{"rendered":"<p>A bomba de suspens\u00f5es da Syncros \u00e9 fabricada com precis\u00e3o para facilitar ajustes de suspens\u00e3o f\u00e1ceis e precisos. Capaz de encher a 300 psi \/ 20 bar, a bomba est\u00e1 equipada com uma mangueira girat\u00f3ria conveniente de 360 graus, o bot\u00e3o de liberta\u00e7\u00e3o de ar e o mostrador de uma polegada fornecem ajustes de press\u00e3o precisos.<\/p>\n","protected":false},"excerpt":{"rendered":"<p>A bomba de suspens\u00f5es da Syncros \u00e9 fabricada com precis\u00e3o para facilitar ajustes de suspens\u00e3o f\u00e1ceis e precisos. Capaz de encher a 300 psi \/ 20 bar, a bomba est\u00e1 equipada com uma mangueira girat\u00f3ria conveniente de 360 graus, o bot\u00e3o de liberta\u00e7\u00e3o de ar e o mostrador de uma polegada fornecem ajustes de press\u00e3o&hellip;<\/p>\n","protected":false},"featured_media":243,"comment_status":"open","ping_status":"closed","template":"","meta":[],"product_brand":[],"product_cat":[37],"product_tag":[],"class_list":{"0":"post-242","1":"product","2":"type-product","3":"status-publish","4":"has-post-thumbnail","6":"product_cat-bombas","7":"entry","8":"has-media","10":"first","11":"instock","12":"taxable","13":"shipping-taxable","14":"purchasable","15":"product-type-simple"},"_links":{"self":[{"href":"https:\/\/ridextravel.com\/ridemybike\/wp-json\/wp\/v2\/product\/242","targetHints":{"allow":["GET"]}}],"collection":[{"href":"https:\/\/ridextravel.com\/ridemybike\/wp-json\/wp\/v2\/product"}],"about":[{"href":"https:\/\/ridextravel.com\/ridemybike\/wp-json\/wp\/v2\/types\/product"}],"replies":[{"embeddable":true,"href":"https:\/\/ridextravel.com\/ridemybike\/wp-json\/wp\/v2\/comments?post=242"}],"wp:featuredmedia":[{"embeddable":true,"href":"https:\/\/ridextravel.com\/ridemybike\/wp-json\/wp\/v2\/media\/243"}],"wp:attachment":[{"href":"https:\/\/ridextravel.com\/ridemybike\/wp-json\/wp\/v2\/media?parent=242"}],"wp:term":[{"taxonomy":"product_brand","embeddable":true,"href":"https:\/\/ridextravel.com\/ridemybike\/wp-json\/wp\/v2\/product_brand?post=242"},{"taxonomy":"product_cat","embeddable":true,"href":"https:\/\/ridextravel.com\/ridemybike\/wp-json\/wp\/v2\/product_cat?post=242"},{"taxonomy":"product_tag","embeddable":true,"href":"https:\/\/ridextravel.com\/ridemybike\/wp-json\/wp\/v2\/product_tag?post=242"}],"curies":[{"name":"wp","href":"https:\/\/api.w.org\/{rel}","templated":true}]}}