{"id":2495,"date":"2022-10-04T11:09:58","date_gmt":"2022-10-04T11:09:58","guid":{"rendered":"https:\/\/ridextravel.com\/ridemybike\/?post_type=product&#038;p=2495"},"modified":"2023-03-08T12:26:54","modified_gmt":"2023-03-08T12:26:54","slug":"paris","status":"publish","type":"product","link":"https:\/\/ridextravel.com\/ridemybike\/produto\/paris\/","title":{"rendered":"Paris"},"content":{"rendered":"<h3><strong>Quadro<\/strong><\/h3>\n<ul>\n<li>Carbono T600 UD<\/li>\n<li>Quadro asim\u00e9trico<\/li>\n<li>Think2<\/li>\n<li>ICR\u2122<\/li>\n<li>E-Link\u2122<\/li>\n<li>Movimento de rosca italiana BB<\/li>\n<li>Secc\u00f5es de tubo Flatback<\/li>\n<li>Espig\u00e3o de selim Aero<\/li>\n<li>FSC (bloqueo de la tija de sill\u00edn delantero, integrado y aerodin\u00e1mico)<\/li>\n<\/ul>\n<h3><strong>Trav\u00e3o<\/strong><\/h3>\n<ul>\n<li>Sistema de travagem de disco RAD<\/li>\n<\/ul>\n<h3><strong>Forqueta<\/strong><\/h3>\n<ul>\n<li>Onda Paris<\/li>\n<\/ul>\n","protected":false},"excerpt":{"rendered":"<h3><strong>Constru\u00edda para resist\u00eancia pronta para conquistar a vit\u00f3ria<\/strong><\/h3>\n<p>Paris \u00e9 uma bicicleta desenvolvida e criada para assegurar o m\u00e1ximo conforto sem esquecer o esp\u00edrito de corrida de cada bicicleta <strong>Pinarello<\/strong>.<\/p>\n<p>A maior diferen\u00e7a do <strong>Dogma<\/strong> e do <strong>Prince<\/strong> \u00e9 de facto o <strong>Reach and Stack<\/strong>: um verdadeiro equil\u00edbrio encontrado pelos t\u00e9cnicos do <strong>PinaLab<\/strong> sobre uma solu\u00e7\u00e3o geom\u00e9trica que torna a bicicleta mais confort\u00e1vel de andar, sem perder a reactividade, uma caracter\u00edstica chave para uma bicicleta de estrada.<\/p>\n<p>Gra\u00e7as \u00e0s suas caracter\u00edsticas particulares, <strong>Paris<\/strong> revela o seu enfoque distinto na longa dist\u00e2ncia que mant\u00e9m o ADN <strong>Pinarello<\/strong>.<\/p>\n<ul>\n<li><strong>Grupo:<\/strong> Shimano Ultegra Di2<\/li>\n<li><strong>Rodas:<\/strong> Mavic Cosmic SL 45<\/li>\n<li><strong>Avan\u00e7o:<\/strong> MOst Tigeralu Aero TiCR<\/li>\n<li><strong>Guiador:<\/strong> MOst Jaguar XA Aero TiCR<\/li>\n<li><strong>Cinta Guiador:<\/strong> MOst<\/li>\n<li><strong>Sill\u00edn:<\/strong> Selle Italia Model X<\/li>\n<\/ul>\n","protected":false},"featured_media":3186,"comment_status":"open","ping_status":"closed","template":"","meta":[],"product_brand":[],"product_cat":[29,330,311],"product_tag":[201,198,205,247,206,207,204,253,209,214,211,212,210,200,202,252,195,213,208,203,192],"class_list":{"0":"post-2495","1":"product","2":"type-product","3":"status-publish","4":"has-post-thumbnail","6":"product_cat-bicicletas","7":"product_cat-estrada-pinarello","8":"product_cat-pinarello","9":"product_tag-carbono-t600-ud","10":"product_tag-disco-rad","11":"product_tag-e-link","12":"product_tag-estrada","13":"product_tag-flatback","14":"product_tag-fsc","15":"product_tag-icr","16":"product_tag-longa-distancia","17":"product_tag-mavic-cosmic-sl-45","18":"product_tag-model-x","19":"product_tag-most","20":"product_tag-most-jaguar","21":"product_tag-most-tigeralu-aero","22":"product_tag-pinarello","23":"product_tag-quadro-asimetrico","24":"product_tag-reach-and-stack","25":"product_tag-rosca-italiana-bb","26":"product_tag-selle-italia","27":"product_tag-shimano-ultegra-di2","28":"product_tag-think2","29":"product_tag-ticr","30":"entry","31":"has-media","33":"first","34":"instock","35":"taxable","36":"shipping-taxable","37":"purchasable","38":"product-type-variable"},"_links":{"self":[{"href":"https:\/\/ridextravel.com\/ridemybike\/wp-json\/wp\/v2\/product\/2495","targetHints":{"allow":["GET"]}}],"collection":[{"href":"https:\/\/ridextravel.com\/ridemybike\/wp-json\/wp\/v2\/product"}],"about":[{"href":"https:\/\/ridextravel.com\/ridemybike\/wp-json\/wp\/v2\/types\/product"}],"replies":[{"embeddable":true,"href":"https:\/\/ridextravel.com\/ridemybike\/wp-json\/wp\/v2\/comments?post=2495"}],"wp:featuredmedia":[{"embeddable":true,"href":"https:\/\/ridextravel.com\/ridemybike\/wp-json\/wp\/v2\/media\/3186"}],"wp:attachment":[{"href":"https:\/\/ridextravel.com\/ridemybike\/wp-json\/wp\/v2\/media?parent=2495"}],"wp:term":[{"taxonomy":"product_brand","embeddable":true,"href":"https:\/\/ridextravel.com\/ridemybike\/wp-json\/wp\/v2\/product_brand?post=2495"},{"taxonomy":"product_cat","embeddable":true,"href":"https:\/\/ridextravel.com\/ridemybike\/wp-json\/wp\/v2\/product_cat?post=2495"},{"taxonomy":"product_tag","embeddable":true,"href":"https:\/\/ridextravel.com\/ridemybike\/wp-json\/wp\/v2\/product_tag?post=2495"}],"curies":[{"name":"wp","href":"https:\/\/api.w.org\/{rel}","templated":true}]}}