{"id":286,"date":"2022-02-28T14:53:33","date_gmt":"2022-02-28T14:53:33","guid":{"rendered":"https:\/\/ridextravel.com\/ridemybike\/?post_type=product&#038;p=286"},"modified":"2022-02-28T14:56:28","modified_gmt":"2022-02-28T14:56:28","slug":"travao-shimano-deore-m6100-frente-j-kit","status":"publish","type":"product","link":"https:\/\/ridextravel.com\/ridemybike\/produto\/travao-shimano-deore-m6100-frente-j-kit\/","title":{"rendered":"TRAVAO SHIMANO DEORE M6100 FRENTE J-KIT"},"content":{"rendered":"<div id=\"product-description-short-13617\" class=\"short-desc\">\n<p>A pin\u00e7a SHIMANO DEORE M6100 proporciona desempenho de travagem leve e poder de travagem fi\u00e1vel em todas as condi\u00e7\u00f5es.<\/p>\n<\/div>\n<div class=\"product-actions\">\n<form id=\"add-to-cart-or-refresh\" action=\"https:\/\/bikezone.pt\/carrinho\" method=\"post\">\n<div class=\"product-variants\">\n<div class=\"hookDisplayGuide\"><\/div>\n<\/div>\n<section class=\"product-discounts\"><\/section>\n<div class=\"product-add-to-cart\">\n<div class=\"product-quantity flex-container\">\n<div class=\"qty\">\n<div class=\"input-group bootstrap-touchspin\"><\/div>\n<\/div>\n<\/div>\n<\/div>\n<\/form>\n<\/div>\n","protected":false},"excerpt":{"rendered":"<p>A pin\u00e7a SHIMANO DEORE M6100 proporciona desempenho de travagem leve e poder de travagem fi\u00e1vel em todas as condi\u00e7\u00f5es.<\/p>\n","protected":false},"featured_media":289,"comment_status":"open","ping_status":"closed","template":"","meta":[],"product_brand":[],"product_cat":[46],"product_tag":[],"class_list":{"0":"post-286","1":"product","2":"type-product","3":"status-publish","4":"has-post-thumbnail","6":"product_cat-travoes","7":"entry","8":"has-media","10":"first","11":"instock","12":"taxable","13":"shipping-taxable","14":"purchasable","15":"product-type-simple"},"_links":{"self":[{"href":"https:\/\/ridextravel.com\/ridemybike\/wp-json\/wp\/v2\/product\/286","targetHints":{"allow":["GET"]}}],"collection":[{"href":"https:\/\/ridextravel.com\/ridemybike\/wp-json\/wp\/v2\/product"}],"about":[{"href":"https:\/\/ridextravel.com\/ridemybike\/wp-json\/wp\/v2\/types\/product"}],"replies":[{"embeddable":true,"href":"https:\/\/ridextravel.com\/ridemybike\/wp-json\/wp\/v2\/comments?post=286"}],"wp:featuredmedia":[{"embeddable":true,"href":"https:\/\/ridextravel.com\/ridemybike\/wp-json\/wp\/v2\/media\/289"}],"wp:attachment":[{"href":"https:\/\/ridextravel.com\/ridemybike\/wp-json\/wp\/v2\/media?parent=286"}],"wp:term":[{"taxonomy":"product_brand","embeddable":true,"href":"https:\/\/ridextravel.com\/ridemybike\/wp-json\/wp\/v2\/product_brand?post=286"},{"taxonomy":"product_cat","embeddable":true,"href":"https:\/\/ridextravel.com\/ridemybike\/wp-json\/wp\/v2\/product_cat?post=286"},{"taxonomy":"product_tag","embeddable":true,"href":"https:\/\/ridextravel.com\/ridemybike\/wp-json\/wp\/v2\/product_tag?post=286"}],"curies":[{"name":"wp","href":"https:\/\/api.w.org\/{rel}","templated":true}]}}