{"id":291,"date":"2022-02-28T15:06:04","date_gmt":"2022-02-28T15:06:04","guid":{"rendered":"https:\/\/ridextravel.com\/ridemybike\/?post_type=product&#038;p=291"},"modified":"2022-02-28T15:08:48","modified_gmt":"2022-02-28T15:08:48","slug":"pneu-schwalbe-racing-ralph-perform-tl-ready292-25","status":"publish","type":"product","link":"https:\/\/ridextravel.com\/ridemybike\/produto\/pneu-schwalbe-racing-ralph-perform-tl-ready292-25\/","title":{"rendered":"PNEU SCHWALBE RACING RALPH PERFORM.TL READY29*2.25"},"content":{"rendered":"<div id=\"product-description-short-13567\" class=\"short-desc\">\n<p>Diante dos desafios extremos das pistas XC de hoje, revisamos completamente a Racing Ralph. O resultado \u00e9 um perfil XC muito r\u00e1pido e vers\u00e1til, especialmente desenvolvido para a roda traseira.<\/p>\n<\/div>\n<div class=\"product-actions\">\n<form id=\"add-to-cart-or-refresh\" action=\"https:\/\/bikezone.pt\/carrinho\" method=\"post\">\n<div class=\"product-variants\">\n<div class=\"hookDisplayGuide\"><\/div>\n<\/div>\n<section class=\"product-discounts\"><\/section>\n<div class=\"product-add-to-cart\">\n<div class=\"product-quantity flex-container\">\n<div class=\"qty\">\n<div class=\"input-group bootstrap-touchspin\"><\/div>\n<\/div>\n<\/div>\n<\/div>\n<\/form>\n<\/div>\n","protected":false},"excerpt":{"rendered":"<p>Diante dos desafios extremos das pistas XC de hoje, revisamos completamente a Racing Ralph. O resultado \u00e9 um perfil XC muito r\u00e1pido e vers\u00e1til, especialmente desenvolvido para a roda traseira.<\/p>\n","protected":false},"featured_media":292,"comment_status":"open","ping_status":"closed","template":"","meta":[],"product_brand":[],"product_cat":[47],"product_tag":[],"class_list":{"0":"post-291","1":"product","2":"type-product","3":"status-publish","4":"has-post-thumbnail","6":"product_cat-pneus","7":"entry","8":"has-media","10":"first","11":"instock","12":"taxable","13":"shipping-taxable","14":"purchasable","15":"product-type-simple"},"_links":{"self":[{"href":"https:\/\/ridextravel.com\/ridemybike\/wp-json\/wp\/v2\/product\/291","targetHints":{"allow":["GET"]}}],"collection":[{"href":"https:\/\/ridextravel.com\/ridemybike\/wp-json\/wp\/v2\/product"}],"about":[{"href":"https:\/\/ridextravel.com\/ridemybike\/wp-json\/wp\/v2\/types\/product"}],"replies":[{"embeddable":true,"href":"https:\/\/ridextravel.com\/ridemybike\/wp-json\/wp\/v2\/comments?post=291"}],"wp:featuredmedia":[{"embeddable":true,"href":"https:\/\/ridextravel.com\/ridemybike\/wp-json\/wp\/v2\/media\/292"}],"wp:attachment":[{"href":"https:\/\/ridextravel.com\/ridemybike\/wp-json\/wp\/v2\/media?parent=291"}],"wp:term":[{"taxonomy":"product_brand","embeddable":true,"href":"https:\/\/ridextravel.com\/ridemybike\/wp-json\/wp\/v2\/product_brand?post=291"},{"taxonomy":"product_cat","embeddable":true,"href":"https:\/\/ridextravel.com\/ridemybike\/wp-json\/wp\/v2\/product_cat?post=291"},{"taxonomy":"product_tag","embeddable":true,"href":"https:\/\/ridextravel.com\/ridemybike\/wp-json\/wp\/v2\/product_tag?post=291"}],"curies":[{"name":"wp","href":"https:\/\/api.w.org\/{rel}","templated":true}]}}