{"id":299,"date":"2022-02-28T15:13:49","date_gmt":"2022-02-28T15:13:49","guid":{"rendered":"https:\/\/ridextravel.com\/ridemybike\/?post_type=product&#038;p=299"},"modified":"2022-02-28T15:13:49","modified_gmt":"2022-02-28T15:13:49","slug":"selim-fabric-line-s-race-flat-preto-preto-142mm","status":"publish","type":"product","link":"https:\/\/ridextravel.com\/ridemybike\/produto\/selim-fabric-line-s-race-flat-preto-preto-142mm\/","title":{"rendered":"SELIM FABRIC LINE S RACE FLAT PRETO\/PRETO 142MM"},"content":{"rendered":"<div id=\"product-description-short-13769\" class=\"short-desc\">\n<p>V\u00e1 al\u00e9m de seus limites com nosso mais recente design de selim de corrida. Projetado para a velocidade da luz &#8211; e conforto &#8211; o design curto permite que voc\u00ea mantenha uma posi\u00e7\u00e3o de condu\u00e7\u00e3o agressiva por mais tempo.<\/p>\n<\/div>\n<div class=\"product-actions\">\n<form id=\"add-to-cart-or-refresh\" action=\"https:\/\/bikezone.pt\/carrinho\" method=\"post\">\n<div class=\"product-variants\">\n<div class=\"hookDisplayGuide\"><\/div>\n<\/div>\n<section class=\"product-discounts\"><\/section>\n<div class=\"product-add-to-cart\">\n<div class=\"product-quantity flex-container\">\n<div class=\"qty\">\n<div class=\"input-group bootstrap-touchspin\"><\/div>\n<\/div>\n<\/div>\n<\/div>\n<\/form>\n<\/div>\n","protected":false},"excerpt":{"rendered":"<p>V\u00e1 al\u00e9m de seus limites com nosso mais recente design de selim de corrida. Projetado para a velocidade da luz &#8211; e conforto &#8211; o design curto permite que voc\u00ea mantenha uma posi\u00e7\u00e3o de condu\u00e7\u00e3o agressiva por mais tempo.<\/p>\n","protected":false},"featured_media":300,"comment_status":"open","ping_status":"closed","template":"","meta":[],"product_brand":[],"product_cat":[48],"product_tag":[],"class_list":{"0":"post-299","1":"product","2":"type-product","3":"status-publish","4":"has-post-thumbnail","6":"product_cat-selins","7":"entry","8":"has-media","10":"first","11":"instock","12":"taxable","13":"shipping-taxable","14":"purchasable","15":"product-type-simple"},"_links":{"self":[{"href":"https:\/\/ridextravel.com\/ridemybike\/wp-json\/wp\/v2\/product\/299","targetHints":{"allow":["GET"]}}],"collection":[{"href":"https:\/\/ridextravel.com\/ridemybike\/wp-json\/wp\/v2\/product"}],"about":[{"href":"https:\/\/ridextravel.com\/ridemybike\/wp-json\/wp\/v2\/types\/product"}],"replies":[{"embeddable":true,"href":"https:\/\/ridextravel.com\/ridemybike\/wp-json\/wp\/v2\/comments?post=299"}],"wp:featuredmedia":[{"embeddable":true,"href":"https:\/\/ridextravel.com\/ridemybike\/wp-json\/wp\/v2\/media\/300"}],"wp:attachment":[{"href":"https:\/\/ridextravel.com\/ridemybike\/wp-json\/wp\/v2\/media?parent=299"}],"wp:term":[{"taxonomy":"product_brand","embeddable":true,"href":"https:\/\/ridextravel.com\/ridemybike\/wp-json\/wp\/v2\/product_brand?post=299"},{"taxonomy":"product_cat","embeddable":true,"href":"https:\/\/ridextravel.com\/ridemybike\/wp-json\/wp\/v2\/product_cat?post=299"},{"taxonomy":"product_tag","embeddable":true,"href":"https:\/\/ridextravel.com\/ridemybike\/wp-json\/wp\/v2\/product_tag?post=299"}],"curies":[{"name":"wp","href":"https:\/\/api.w.org\/{rel}","templated":true}]}}