{"id":3014,"date":"2022-10-11T14:27:48","date_gmt":"2022-10-11T14:27:48","guid":{"rendered":"https:\/\/ridextravel.com\/ridemybike\/?post_type=product&#038;p=3014"},"modified":"2023-03-28T12:33:46","modified_gmt":"2023-03-28T12:33:46","slug":"tempo-overcurve-r5","status":"publish","type":"product","link":"https:\/\/ridextravel.com\/ridemybike\/produto\/tempo-overcurve-r5\/","title":{"rendered":"Tempo Overcurve R5"},"content":{"rendered":"","protected":false},"excerpt":{"rendered":"<p>Uma sapata de ciclismo de estrada vers\u00e1til que oferece estilo intemporal e alto desempenho, com constru\u00e7\u00e3o assim\u00e9trica e um microtex superior forte e dur\u00e1vel para um ajuste confort\u00e1vel e consistente.<\/p>\n","protected":false},"featured_media":3087,"comment_status":"open","ping_status":"closed","template":"","meta":[],"product_brand":[],"product_cat":[25,31,366],"product_tag":[],"class_list":{"0":"post-3014","1":"product","2":"type-product","3":"status-publish","4":"has-post-thumbnail","6":"product_cat-calcado","7":"product_cat-equipamento","8":"product_cat-fizik","9":"entry","10":"has-media","12":"first","13":"instock","14":"featured","15":"taxable","16":"shipping-taxable","17":"purchasable","18":"product-type-variable"},"_links":{"self":[{"href":"https:\/\/ridextravel.com\/ridemybike\/wp-json\/wp\/v2\/product\/3014","targetHints":{"allow":["GET"]}}],"collection":[{"href":"https:\/\/ridextravel.com\/ridemybike\/wp-json\/wp\/v2\/product"}],"about":[{"href":"https:\/\/ridextravel.com\/ridemybike\/wp-json\/wp\/v2\/types\/product"}],"replies":[{"embeddable":true,"href":"https:\/\/ridextravel.com\/ridemybike\/wp-json\/wp\/v2\/comments?post=3014"}],"wp:featuredmedia":[{"embeddable":true,"href":"https:\/\/ridextravel.com\/ridemybike\/wp-json\/wp\/v2\/media\/3087"}],"wp:attachment":[{"href":"https:\/\/ridextravel.com\/ridemybike\/wp-json\/wp\/v2\/media?parent=3014"}],"wp:term":[{"taxonomy":"product_brand","embeddable":true,"href":"https:\/\/ridextravel.com\/ridemybike\/wp-json\/wp\/v2\/product_brand?post=3014"},{"taxonomy":"product_cat","embeddable":true,"href":"https:\/\/ridextravel.com\/ridemybike\/wp-json\/wp\/v2\/product_cat?post=3014"},{"taxonomy":"product_tag","embeddable":true,"href":"https:\/\/ridextravel.com\/ridemybike\/wp-json\/wp\/v2\/product_tag?post=3014"}],"curies":[{"name":"wp","href":"https:\/\/api.w.org\/{rel}","templated":true}]}}