{"id":303,"date":"2022-02-28T15:17:30","date_gmt":"2022-02-28T15:17:30","guid":{"rendered":"https:\/\/ridextravel.com\/ridemybike\/?post_type=product&#038;p=303"},"modified":"2022-02-28T15:17:30","modified_gmt":"2022-02-28T15:17:30","slug":"rodas-mavic-cosmic-elite-ust-dcl-20-preto","status":"publish","type":"product","link":"https:\/\/ridextravel.com\/ridemybike\/produto\/rodas-mavic-cosmic-elite-ust-dcl-20-preto\/","title":{"rendered":"RODAS MAVIC COSMIC ELITE UST DCL 20 PRETO"},"content":{"rendered":"<div id=\"product-description-short-15212\" class=\"short-desc\">\n<p>O melhor desempenho aerodin\u00e2mico em bicicletas de estrada com\u00a0trav\u00f5es de disco est\u00e1 agora mais acess\u00edvel do que nunca. A tecnologia Tubeless Road torna este novo\u00a0conjunto roda-pneu mais r\u00e1pido e suave.<\/p>\n<\/div>\n<div class=\"product-actions\">\n<form id=\"add-to-cart-or-refresh\" action=\"https:\/\/bikezone.pt\/carrinho\" method=\"post\">\n<div class=\"product-variants\">\n<div class=\"hookDisplayGuide\"><\/div>\n<\/div>\n<section class=\"product-discounts\"><\/section>\n<div class=\"product-add-to-cart\">\n<div class=\"product-quantity flex-container\">\n<div class=\"qty\">\n<div class=\"input-group bootstrap-touchspin\"><\/div>\n<\/div>\n<\/div>\n<\/div>\n<\/form>\n<\/div>\n","protected":false},"excerpt":{"rendered":"<p>O melhor desempenho aerodin\u00e2mico em bicicletas de estrada com\u00a0trav\u00f5es de disco est\u00e1 agora mais acess\u00edvel do que nunca. A tecnologia Tubeless Road torna este novo\u00a0conjunto roda-pneu mais r\u00e1pido e suave.<\/p>\n","protected":false},"featured_media":304,"comment_status":"open","ping_status":"closed","template":"","meta":[],"product_brand":[],"product_cat":[49],"product_tag":[],"class_list":{"0":"post-303","1":"product","2":"type-product","3":"status-publish","4":"has-post-thumbnail","6":"product_cat-rodas","7":"entry","8":"has-media","10":"first","11":"instock","12":"taxable","13":"shipping-taxable","14":"purchasable","15":"product-type-simple"},"_links":{"self":[{"href":"https:\/\/ridextravel.com\/ridemybike\/wp-json\/wp\/v2\/product\/303","targetHints":{"allow":["GET"]}}],"collection":[{"href":"https:\/\/ridextravel.com\/ridemybike\/wp-json\/wp\/v2\/product"}],"about":[{"href":"https:\/\/ridextravel.com\/ridemybike\/wp-json\/wp\/v2\/types\/product"}],"replies":[{"embeddable":true,"href":"https:\/\/ridextravel.com\/ridemybike\/wp-json\/wp\/v2\/comments?post=303"}],"wp:featuredmedia":[{"embeddable":true,"href":"https:\/\/ridextravel.com\/ridemybike\/wp-json\/wp\/v2\/media\/304"}],"wp:attachment":[{"href":"https:\/\/ridextravel.com\/ridemybike\/wp-json\/wp\/v2\/media?parent=303"}],"wp:term":[{"taxonomy":"product_brand","embeddable":true,"href":"https:\/\/ridextravel.com\/ridemybike\/wp-json\/wp\/v2\/product_brand?post=303"},{"taxonomy":"product_cat","embeddable":true,"href":"https:\/\/ridextravel.com\/ridemybike\/wp-json\/wp\/v2\/product_cat?post=303"},{"taxonomy":"product_tag","embeddable":true,"href":"https:\/\/ridextravel.com\/ridemybike\/wp-json\/wp\/v2\/product_tag?post=303"}],"curies":[{"name":"wp","href":"https:\/\/api.w.org\/{rel}","templated":true}]}}