{"id":3265,"date":"2022-10-18T11:14:33","date_gmt":"2022-10-18T11:14:33","guid":{"rendered":"https:\/\/ridextravel.com\/ridemybike\/?post_type=product&#038;p=3265"},"modified":"2023-03-28T12:32:53","modified_gmt":"2023-03-28T12:32:53","slug":"dmt-gk1","status":"publish","type":"product","link":"https:\/\/ridextravel.com\/ridemybike\/produto\/dmt-gk1\/","title":{"rendered":"DMT GK1"},"content":{"rendered":"","protected":false},"excerpt":{"rendered":"<h3>O conforto e a respirabilidade do tric\u00f4 para os rigores da cavalgada em cascalho.<\/h3>\n<p>Constru\u00e7\u00e3o de malha completa para um sapato muito leve com grande respirabilidade que tem apenas o estiramento suficiente para se adaptar perfeitamente \u00e0 forma do seu p\u00e9. Cord\u00f5es integrados, reflexivos e refor\u00e7ados para protec\u00e7\u00e3o contra a lama e abras\u00e3o onde mais importa. A sola Michelin\u00ae de dupla rigidez tem um composto espec\u00edfico combinado com o desenho do piso, geometria e forma de argola, que foi concebido para oferecer trac\u00e7\u00e3o e ader\u00eancia quando \u00e9 necess\u00e1rio controlo no solo.<\/p>\n","protected":false},"featured_media":3271,"comment_status":"open","ping_status":"closed","template":"","meta":[],"product_brand":[],"product_cat":[25,365,31],"product_tag":[],"class_list":{"0":"post-3265","1":"product","2":"type-product","3":"status-publish","4":"has-post-thumbnail","6":"product_cat-calcado","7":"product_cat-dmt","8":"product_cat-equipamento","9":"entry","10":"has-media","12":"first","13":"instock","14":"featured","15":"taxable","16":"shipping-taxable","17":"purchasable","18":"product-type-variable"},"_links":{"self":[{"href":"https:\/\/ridextravel.com\/ridemybike\/wp-json\/wp\/v2\/product\/3265","targetHints":{"allow":["GET"]}}],"collection":[{"href":"https:\/\/ridextravel.com\/ridemybike\/wp-json\/wp\/v2\/product"}],"about":[{"href":"https:\/\/ridextravel.com\/ridemybike\/wp-json\/wp\/v2\/types\/product"}],"replies":[{"embeddable":true,"href":"https:\/\/ridextravel.com\/ridemybike\/wp-json\/wp\/v2\/comments?post=3265"}],"wp:featuredmedia":[{"embeddable":true,"href":"https:\/\/ridextravel.com\/ridemybike\/wp-json\/wp\/v2\/media\/3271"}],"wp:attachment":[{"href":"https:\/\/ridextravel.com\/ridemybike\/wp-json\/wp\/v2\/media?parent=3265"}],"wp:term":[{"taxonomy":"product_brand","embeddable":true,"href":"https:\/\/ridextravel.com\/ridemybike\/wp-json\/wp\/v2\/product_brand?post=3265"},{"taxonomy":"product_cat","embeddable":true,"href":"https:\/\/ridextravel.com\/ridemybike\/wp-json\/wp\/v2\/product_cat?post=3265"},{"taxonomy":"product_tag","embeddable":true,"href":"https:\/\/ridextravel.com\/ridemybike\/wp-json\/wp\/v2\/product_tag?post=3265"}],"curies":[{"name":"wp","href":"https:\/\/api.w.org\/{rel}","templated":true}]}}