{"id":3302,"date":"2022-10-18T12:24:06","date_gmt":"2022-10-18T12:24:06","guid":{"rendered":"https:\/\/ridextravel.com\/ridemybike\/?post_type=product&#038;p=3302"},"modified":"2023-03-28T12:32:39","modified_gmt":"2023-03-28T12:32:39","slug":"dmt-km4","status":"publish","type":"product","link":"https:\/\/ridextravel.com\/ridemybike\/produto\/dmt-km4\/","title":{"rendered":"DMT KM4"},"content":{"rendered":"","protected":false},"excerpt":{"rendered":"<h3>Grande sapato de trilho com o conforto da constru\u00e7\u00e3o em malha h\u00edbrida.<\/h3>\n<p>MTB ou Gravel ou qualquer que seja o seu estilo de equita\u00e7\u00e3o, a inser\u00e7\u00e3o de malha el\u00e1stica combinada com uma malha aberta resistente \u00e0 abras\u00e3o ir\u00e1 manter os seus p\u00e9s frescos e confort\u00e1veis. O Sistema BOA\u00ae Fit e a sola exterior bicomponente oferecem um desempenho duradouro.<\/p>\n","protected":false},"featured_media":3303,"comment_status":"open","ping_status":"closed","template":"","meta":[],"product_brand":[],"product_cat":[25,365,31],"product_tag":[162],"class_list":{"0":"post-3302","1":"product","2":"type-product","3":"status-publish","4":"has-post-thumbnail","6":"product_cat-calcado","7":"product_cat-dmt","8":"product_cat-equipamento","9":"product_tag-xc-marathon","10":"entry","11":"has-media","13":"first","14":"instock","15":"featured","16":"taxable","17":"shipping-taxable","18":"purchasable","19":"product-type-variable"},"_links":{"self":[{"href":"https:\/\/ridextravel.com\/ridemybike\/wp-json\/wp\/v2\/product\/3302","targetHints":{"allow":["GET"]}}],"collection":[{"href":"https:\/\/ridextravel.com\/ridemybike\/wp-json\/wp\/v2\/product"}],"about":[{"href":"https:\/\/ridextravel.com\/ridemybike\/wp-json\/wp\/v2\/types\/product"}],"replies":[{"embeddable":true,"href":"https:\/\/ridextravel.com\/ridemybike\/wp-json\/wp\/v2\/comments?post=3302"}],"wp:featuredmedia":[{"embeddable":true,"href":"https:\/\/ridextravel.com\/ridemybike\/wp-json\/wp\/v2\/media\/3303"}],"wp:attachment":[{"href":"https:\/\/ridextravel.com\/ridemybike\/wp-json\/wp\/v2\/media?parent=3302"}],"wp:term":[{"taxonomy":"product_brand","embeddable":true,"href":"https:\/\/ridextravel.com\/ridemybike\/wp-json\/wp\/v2\/product_brand?post=3302"},{"taxonomy":"product_cat","embeddable":true,"href":"https:\/\/ridextravel.com\/ridemybike\/wp-json\/wp\/v2\/product_cat?post=3302"},{"taxonomy":"product_tag","embeddable":true,"href":"https:\/\/ridextravel.com\/ridemybike\/wp-json\/wp\/v2\/product_tag?post=3302"}],"curies":[{"name":"wp","href":"https:\/\/api.w.org\/{rel}","templated":true}]}}