{"id":3338,"date":"2022-10-18T14:23:23","date_gmt":"2022-10-18T14:23:23","guid":{"rendered":"https:\/\/ridextravel.com\/ridemybike\/?post_type=product&#038;p=3338"},"modified":"2023-03-28T12:32:23","modified_gmt":"2023-03-28T12:32:23","slug":"dmt-kr4","status":"publish","type":"product","link":"https:\/\/ridextravel.com\/ridemybike\/produto\/dmt-kr4\/","title":{"rendered":"DMT KR4"},"content":{"rendered":"","protected":false},"excerpt":{"rendered":"<h3>Estilos elegantes e limpos e uma constru\u00e7\u00e3o h\u00edbrida de malha.<\/h3>\n<p>Este sapato de estrada de alto valor n\u00e3o compromete o ajuste nem o conforto com a inser\u00e7\u00e3o central da malha, adicionando um trecho extra combinado com um material superior de malha respir\u00e1vel. O Sistema BOA\u00ae Fit e a nossa sola exterior em nylon composto oferecem um desempenho fi\u00e1vel.<\/p>\n","protected":false},"featured_media":3339,"comment_status":"open","ping_status":"closed","template":"","meta":[],"product_brand":[],"product_cat":[25,365,31],"product_tag":[],"class_list":{"0":"post-3338","1":"product","2":"type-product","3":"status-publish","4":"has-post-thumbnail","6":"product_cat-calcado","7":"product_cat-dmt","8":"product_cat-equipamento","9":"entry","10":"has-media","12":"first","13":"instock","14":"featured","15":"taxable","16":"shipping-taxable","17":"purchasable","18":"product-type-variable"},"_links":{"self":[{"href":"https:\/\/ridextravel.com\/ridemybike\/wp-json\/wp\/v2\/product\/3338","targetHints":{"allow":["GET"]}}],"collection":[{"href":"https:\/\/ridextravel.com\/ridemybike\/wp-json\/wp\/v2\/product"}],"about":[{"href":"https:\/\/ridextravel.com\/ridemybike\/wp-json\/wp\/v2\/types\/product"}],"replies":[{"embeddable":true,"href":"https:\/\/ridextravel.com\/ridemybike\/wp-json\/wp\/v2\/comments?post=3338"}],"wp:featuredmedia":[{"embeddable":true,"href":"https:\/\/ridextravel.com\/ridemybike\/wp-json\/wp\/v2\/media\/3339"}],"wp:attachment":[{"href":"https:\/\/ridextravel.com\/ridemybike\/wp-json\/wp\/v2\/media?parent=3338"}],"wp:term":[{"taxonomy":"product_brand","embeddable":true,"href":"https:\/\/ridextravel.com\/ridemybike\/wp-json\/wp\/v2\/product_brand?post=3338"},{"taxonomy":"product_cat","embeddable":true,"href":"https:\/\/ridextravel.com\/ridemybike\/wp-json\/wp\/v2\/product_cat?post=3338"},{"taxonomy":"product_tag","embeddable":true,"href":"https:\/\/ridextravel.com\/ridemybike\/wp-json\/wp\/v2\/product_tag?post=3338"}],"curies":[{"name":"wp","href":"https:\/\/api.w.org\/{rel}","templated":true}]}}