{"id":3370,"date":"2022-10-18T14:54:25","date_gmt":"2022-10-18T14:54:25","guid":{"rendered":"https:\/\/ridextravel.com\/ridemybike\/?post_type=product&#038;p=3370"},"modified":"2025-12-09T16:23:51","modified_gmt":"2025-12-09T16:23:51","slug":"dmt-kr3","status":"publish","type":"product","link":"https:\/\/ridextravel.com\/ridemybike\/produto\/dmt-kr3\/","title":{"rendered":"DMT KR3"},"content":{"rendered":"","protected":false},"excerpt":{"rendered":"<h3>Sapato de estrada leve, confort\u00e1vel e r\u00e1pido, de malha completa.<\/h3>\n<p>Ao simplificar a constru\u00e7\u00e3o, cri\u00e1mos um sapato muito leve, com grande respirabilidade, que tem apenas o estiramento suficiente para combinar perfeitamente com a forma do seu p\u00e9.<\/p>\n<p>A parte superior em malha completa combinada com o Sistema Boa\u00ae Fit e a nossa sola de carbono aerado fazem desta uma sola pronta para a corrida que mal se sentir\u00e1 nos seus p\u00e9s.<\/p>\n","protected":false},"featured_media":3396,"comment_status":"open","ping_status":"closed","template":"","meta":[],"product_brand":[],"product_cat":[25,365,31],"product_tag":[],"class_list":{"0":"post-3370","1":"product","2":"type-product","3":"status-publish","4":"has-post-thumbnail","6":"product_cat-calcado","7":"product_cat-dmt","8":"product_cat-equipamento","9":"entry","10":"has-media","12":"first","13":"instock","14":"featured","15":"taxable","16":"shipping-taxable","17":"purchasable","18":"product-type-variable"},"_links":{"self":[{"href":"https:\/\/ridextravel.com\/ridemybike\/wp-json\/wp\/v2\/product\/3370","targetHints":{"allow":["GET"]}}],"collection":[{"href":"https:\/\/ridextravel.com\/ridemybike\/wp-json\/wp\/v2\/product"}],"about":[{"href":"https:\/\/ridextravel.com\/ridemybike\/wp-json\/wp\/v2\/types\/product"}],"replies":[{"embeddable":true,"href":"https:\/\/ridextravel.com\/ridemybike\/wp-json\/wp\/v2\/comments?post=3370"}],"wp:featuredmedia":[{"embeddable":true,"href":"https:\/\/ridextravel.com\/ridemybike\/wp-json\/wp\/v2\/media\/3396"}],"wp:attachment":[{"href":"https:\/\/ridextravel.com\/ridemybike\/wp-json\/wp\/v2\/media?parent=3370"}],"wp:term":[{"taxonomy":"product_brand","embeddable":true,"href":"https:\/\/ridextravel.com\/ridemybike\/wp-json\/wp\/v2\/product_brand?post=3370"},{"taxonomy":"product_cat","embeddable":true,"href":"https:\/\/ridextravel.com\/ridemybike\/wp-json\/wp\/v2\/product_cat?post=3370"},{"taxonomy":"product_tag","embeddable":true,"href":"https:\/\/ridextravel.com\/ridemybike\/wp-json\/wp\/v2\/product_tag?post=3370"}],"curies":[{"name":"wp","href":"https:\/\/api.w.org\/{rel}","templated":true}]}}