{"id":3784,"date":"2022-10-25T14:55:05","date_gmt":"2022-10-25T14:55:05","guid":{"rendered":"https:\/\/ridextravel.com\/ridemybike\/?post_type=product&#038;p=3784"},"modified":"2023-03-06T12:33:21","modified_gmt":"2023-03-06T12:33:21","slug":"valeco","status":"publish","type":"product","link":"https:\/\/ridextravel.com\/ridemybike\/produto\/valeco\/","title":{"rendered":"Valeco"},"content":{"rendered":"","protected":false},"excerpt":{"rendered":"<p>O <strong>VALECO <\/strong>\u00e9 um capacete moderno, aerodin\u00e2mico e perfeitamente ventilado que pesa apenas cerca de 30 gramas mais do que o seu irm\u00e3o mais velho, o <strong>HJC Ibex<\/strong>. As 12 aberturas manter\u00e3o a sua cabe\u00e7a fria em qualquer situa\u00e7\u00e3o, desde os Cl\u00e1ssicos da Primavera at\u00e9 aos desfiladeiros alpinos no Ver\u00e3o.<\/p>\n<div class=\"wpex-alert wpex-alert-warning wpex-alert-error\"><strong>Importante:<\/strong> para ver as cores deve primeiro selecionar o tamanho.<\/div>\n","protected":false},"featured_media":3795,"comment_status":"open","ping_status":"closed","template":"","meta":[],"product_brand":[],"product_cat":[26,31,307],"product_tag":[],"class_list":{"0":"post-3784","1":"product","2":"type-product","3":"status-publish","4":"has-post-thumbnail","6":"product_cat-capacetes","7":"product_cat-equipamento","8":"product_cat-hjc","9":"entry","10":"has-media","12":"first","13":"instock","14":"featured","15":"taxable","16":"shipping-taxable","17":"purchasable","18":"product-type-variable"},"_links":{"self":[{"href":"https:\/\/ridextravel.com\/ridemybike\/wp-json\/wp\/v2\/product\/3784","targetHints":{"allow":["GET"]}}],"collection":[{"href":"https:\/\/ridextravel.com\/ridemybike\/wp-json\/wp\/v2\/product"}],"about":[{"href":"https:\/\/ridextravel.com\/ridemybike\/wp-json\/wp\/v2\/types\/product"}],"replies":[{"embeddable":true,"href":"https:\/\/ridextravel.com\/ridemybike\/wp-json\/wp\/v2\/comments?post=3784"}],"wp:featuredmedia":[{"embeddable":true,"href":"https:\/\/ridextravel.com\/ridemybike\/wp-json\/wp\/v2\/media\/3795"}],"wp:attachment":[{"href":"https:\/\/ridextravel.com\/ridemybike\/wp-json\/wp\/v2\/media?parent=3784"}],"wp:term":[{"taxonomy":"product_brand","embeddable":true,"href":"https:\/\/ridextravel.com\/ridemybike\/wp-json\/wp\/v2\/product_brand?post=3784"},{"taxonomy":"product_cat","embeddable":true,"href":"https:\/\/ridextravel.com\/ridemybike\/wp-json\/wp\/v2\/product_cat?post=3784"},{"taxonomy":"product_tag","embeddable":true,"href":"https:\/\/ridextravel.com\/ridemybike\/wp-json\/wp\/v2\/product_tag?post=3784"}],"curies":[{"name":"wp","href":"https:\/\/api.w.org\/{rel}","templated":true}]}}