{"id":3799,"date":"2022-10-25T15:10:47","date_gmt":"2022-10-25T15:10:47","guid":{"rendered":"https:\/\/ridextravel.com\/ridemybike\/?post_type=product&#038;p=3799"},"modified":"2023-03-06T12:32:54","modified_gmt":"2023-03-06T12:32:54","slug":"furion-2-0","status":"publish","type":"product","link":"https:\/\/ridextravel.com\/ridemybike\/produto\/furion-2-0\/","title":{"rendered":"Furion 2.0"},"content":{"rendered":"","protected":false},"excerpt":{"rendered":"<p>O <strong>FURION 2.0<\/strong> \u00e9 considerado uma obra-prima de design intransigente, combinando uma aerodin\u00e2mica not\u00e1vel e uma ventila\u00e7\u00e3o eficiente. Gra\u00e7as \u00e0 experi\u00eancia da HJC na concep\u00e7\u00e3o de capacetes de MotoGP, o design aerodin\u00e2mico, inovador e simples do FURION 2.0 aumenta o seu desempenho e fluxo de ar para uma \u00f3ptima penetra\u00e7\u00e3o do ar e uma maior capacidade de arrefecimento do ar.<\/p>\n","protected":false},"featured_media":3800,"comment_status":"open","ping_status":"closed","template":"","meta":[],"product_brand":[],"product_cat":[26,31,307],"product_tag":[],"class_list":{"0":"post-3799","1":"product","2":"type-product","3":"status-publish","4":"has-post-thumbnail","6":"product_cat-capacetes","7":"product_cat-equipamento","8":"product_cat-hjc","9":"entry","10":"has-media","12":"first","13":"instock","14":"featured","15":"taxable","16":"shipping-taxable","17":"purchasable","18":"product-type-variable"},"_links":{"self":[{"href":"https:\/\/ridextravel.com\/ridemybike\/wp-json\/wp\/v2\/product\/3799","targetHints":{"allow":["GET"]}}],"collection":[{"href":"https:\/\/ridextravel.com\/ridemybike\/wp-json\/wp\/v2\/product"}],"about":[{"href":"https:\/\/ridextravel.com\/ridemybike\/wp-json\/wp\/v2\/types\/product"}],"replies":[{"embeddable":true,"href":"https:\/\/ridextravel.com\/ridemybike\/wp-json\/wp\/v2\/comments?post=3799"}],"wp:featuredmedia":[{"embeddable":true,"href":"https:\/\/ridextravel.com\/ridemybike\/wp-json\/wp\/v2\/media\/3800"}],"wp:attachment":[{"href":"https:\/\/ridextravel.com\/ridemybike\/wp-json\/wp\/v2\/media?parent=3799"}],"wp:term":[{"taxonomy":"product_brand","embeddable":true,"href":"https:\/\/ridextravel.com\/ridemybike\/wp-json\/wp\/v2\/product_brand?post=3799"},{"taxonomy":"product_cat","embeddable":true,"href":"https:\/\/ridextravel.com\/ridemybike\/wp-json\/wp\/v2\/product_cat?post=3799"},{"taxonomy":"product_tag","embeddable":true,"href":"https:\/\/ridextravel.com\/ridemybike\/wp-json\/wp\/v2\/product_tag?post=3799"}],"curies":[{"name":"wp","href":"https:\/\/api.w.org\/{rel}","templated":true}]}}