{"id":3809,"date":"2022-10-27T14:42:31","date_gmt":"2022-10-27T14:42:31","guid":{"rendered":"https:\/\/ridextravel.com\/ridemybike\/?post_type=product&#038;p=3809"},"modified":"2023-03-06T12:32:42","modified_gmt":"2023-03-06T12:32:42","slug":"ibex-2-0","status":"publish","type":"product","link":"https:\/\/ridextravel.com\/ridemybike\/produto\/ibex-2-0\/","title":{"rendered":"Ibex 2.0"},"content":{"rendered":"","protected":false},"excerpt":{"rendered":"<p>O <strong>IBEX 2.0<\/strong> \u00e9 um capacete ultra-leve e confort\u00e1vel, concebido para proporcionar uma ventila\u00e7\u00e3o \u00f3ptima. A sua forma \u00fanica melhora a aerodin\u00e2mica e permite que o calor escape mais rapidamente. Desenvolvido no pr\u00f3prio laborat\u00f3rio do HJC, o IBEX 2.0 integra o sistema Venturi Dynamics para equilibrar a resist\u00eancia da for\u00e7a do ar com a ventila\u00e7\u00e3o. Gra\u00e7as ao seu design impressionante e bem equilibrado, o capacete \u00e9 perfeitamente adequado para um esfor\u00e7o intenso e condi\u00e7\u00f5es climat\u00e9ricas quentes.<\/p>\n","protected":false},"featured_media":3813,"comment_status":"open","ping_status":"closed","template":"","meta":[],"product_brand":[],"product_cat":[26,31,307],"product_tag":[],"class_list":{"0":"post-3809","1":"product","2":"type-product","3":"status-publish","4":"has-post-thumbnail","6":"product_cat-capacetes","7":"product_cat-equipamento","8":"product_cat-hjc","9":"entry","10":"has-media","12":"first","13":"instock","14":"featured","15":"taxable","16":"shipping-taxable","17":"purchasable","18":"product-type-variable"},"_links":{"self":[{"href":"https:\/\/ridextravel.com\/ridemybike\/wp-json\/wp\/v2\/product\/3809","targetHints":{"allow":["GET"]}}],"collection":[{"href":"https:\/\/ridextravel.com\/ridemybike\/wp-json\/wp\/v2\/product"}],"about":[{"href":"https:\/\/ridextravel.com\/ridemybike\/wp-json\/wp\/v2\/types\/product"}],"replies":[{"embeddable":true,"href":"https:\/\/ridextravel.com\/ridemybike\/wp-json\/wp\/v2\/comments?post=3809"}],"wp:featuredmedia":[{"embeddable":true,"href":"https:\/\/ridextravel.com\/ridemybike\/wp-json\/wp\/v2\/media\/3813"}],"wp:attachment":[{"href":"https:\/\/ridextravel.com\/ridemybike\/wp-json\/wp\/v2\/media?parent=3809"}],"wp:term":[{"taxonomy":"product_brand","embeddable":true,"href":"https:\/\/ridextravel.com\/ridemybike\/wp-json\/wp\/v2\/product_brand?post=3809"},{"taxonomy":"product_cat","embeddable":true,"href":"https:\/\/ridextravel.com\/ridemybike\/wp-json\/wp\/v2\/product_cat?post=3809"},{"taxonomy":"product_tag","embeddable":true,"href":"https:\/\/ridextravel.com\/ridemybike\/wp-json\/wp\/v2\/product_tag?post=3809"}],"curies":[{"name":"wp","href":"https:\/\/api.w.org\/{rel}","templated":true}]}}