{"id":3943,"date":"2022-11-03T10:46:27","date_gmt":"2022-11-03T10:46:27","guid":{"rendered":"https:\/\/ridextravel.com\/ridemybike\/?post_type=product&#038;p=3943"},"modified":"2023-03-06T12:32:31","modified_gmt":"2023-03-06T12:32:31","slug":"align-ii","status":"publish","type":"product","link":"https:\/\/ridextravel.com\/ridemybike\/produto\/align-ii\/","title":{"rendered":"Align II"},"content":{"rendered":"","protected":false},"excerpt":{"rendered":"<p>Est\u00e9tica limpa, ajuste confort\u00e1vel, e um pre\u00e7o amigo do or\u00e7amento &#8211; \u00e9 isso que comp\u00f5e o <strong>Align II<\/strong>. A caracter\u00edstica de destaque do <strong>Align II<\/strong> \u00e9 a inclus\u00e3o do Sistema Multi-Directional Impact Protection System (MIPS), uma tecnologia patenteada concebida para mitigar contra for\u00e7as rotacionais transmitidas ao c\u00e9rebro durante certos cen\u00e1rios de impacto angular.<\/p>\n<p>Ao incluir o MIPS e ganhar este Capacete Five Star Virginia Tech\u00ae Rating\u2122 n\u00e3o abdic\u00e1mos de qualquer conforto &#8211; o Align II inclui o sistema de ajuste SX do Headset para f\u00e1cil ajuste, o nosso Sistema de Refrigera\u00e7\u00e3o de 4\u00aa Dimens\u00e3o para uma ventila\u00e7\u00e3o incr\u00edvel, e um sistema de ajuste f\u00e1cil de um tamanho. Se estiver em busca de um capacete rico em caracter\u00edsticas que deixe algum jingle no bolso, o Align II \u00e9 para si.<\/p>\n","protected":false},"featured_media":3944,"comment_status":"open","ping_status":"closed","template":"","meta":[],"product_brand":[],"product_cat":[26,31,306],"product_tag":[],"class_list":{"0":"post-3943","1":"product","2":"type-product","3":"status-publish","4":"has-post-thumbnail","6":"product_cat-capacetes","7":"product_cat-equipamento","8":"product_cat-specialized-capacetes","9":"entry","10":"has-media","12":"first","13":"instock","14":"taxable","15":"shipping-taxable","16":"purchasable","17":"product-type-variable"},"_links":{"self":[{"href":"https:\/\/ridextravel.com\/ridemybike\/wp-json\/wp\/v2\/product\/3943","targetHints":{"allow":["GET"]}}],"collection":[{"href":"https:\/\/ridextravel.com\/ridemybike\/wp-json\/wp\/v2\/product"}],"about":[{"href":"https:\/\/ridextravel.com\/ridemybike\/wp-json\/wp\/v2\/types\/product"}],"replies":[{"embeddable":true,"href":"https:\/\/ridextravel.com\/ridemybike\/wp-json\/wp\/v2\/comments?post=3943"}],"wp:featuredmedia":[{"embeddable":true,"href":"https:\/\/ridextravel.com\/ridemybike\/wp-json\/wp\/v2\/media\/3944"}],"wp:attachment":[{"href":"https:\/\/ridextravel.com\/ridemybike\/wp-json\/wp\/v2\/media?parent=3943"}],"wp:term":[{"taxonomy":"product_brand","embeddable":true,"href":"https:\/\/ridextravel.com\/ridemybike\/wp-json\/wp\/v2\/product_brand?post=3943"},{"taxonomy":"product_cat","embeddable":true,"href":"https:\/\/ridextravel.com\/ridemybike\/wp-json\/wp\/v2\/product_cat?post=3943"},{"taxonomy":"product_tag","embeddable":true,"href":"https:\/\/ridextravel.com\/ridemybike\/wp-json\/wp\/v2\/product_tag?post=3943"}],"curies":[{"name":"wp","href":"https:\/\/api.w.org\/{rel}","templated":true}]}}