{"id":3961,"date":"2022-11-03T14:57:57","date_gmt":"2022-11-03T14:57:57","guid":{"rendered":"https:\/\/ridextravel.com\/ridemybike\/?post_type=product&#038;p=3961"},"modified":"2023-03-06T12:31:46","modified_gmt":"2023-03-06T12:31:46","slug":"airbreaker","status":"publish","type":"product","link":"https:\/\/ridextravel.com\/ridemybike\/produto\/airbreaker\/","title":{"rendered":"AirBreaker"},"content":{"rendered":"","protected":false},"excerpt":{"rendered":"<p>Na corrida, o desempenho de topo conta em cada etapa, seja numa subida \u00edngreme de subida ou na velocidade m\u00e1xima do sprint. O AirBreaker da ABUS apoia-o a cada quil\u00f3metro do percurso.<\/p>\n<p>Gra\u00e7as \u00e0 estrutura alveolar do inovador desenho Multi Speed, o AirBreaker oferece sempre a melhor aerodin\u00e2mica poss\u00edvel e, ao mesmo tempo, assegura uma ventila\u00e7\u00e3o \u00f3ptima. Porque o Desenho Multi-Velocidade dosifica a ventila\u00e7\u00e3o conforme \u00e9 necess\u00e1rio: ventila\u00e7\u00e3o m\u00e1xima para fases lentas e montanhosas, e aerodin\u00e2mica \u00f3ptima para fases r\u00e1pidas e planas.<\/p>\n","protected":false},"featured_media":3962,"comment_status":"open","ping_status":"closed","template":"","meta":[],"product_brand":[],"product_cat":[305,26,31],"product_tag":[],"class_list":{"0":"post-3961","1":"product","2":"type-product","3":"status-publish","4":"has-post-thumbnail","6":"product_cat-abus","7":"product_cat-capacetes","8":"product_cat-equipamento","9":"entry","10":"has-media","12":"first","13":"instock","14":"taxable","15":"shipping-taxable","16":"purchasable","17":"product-type-variable"},"_links":{"self":[{"href":"https:\/\/ridextravel.com\/ridemybike\/wp-json\/wp\/v2\/product\/3961","targetHints":{"allow":["GET"]}}],"collection":[{"href":"https:\/\/ridextravel.com\/ridemybike\/wp-json\/wp\/v2\/product"}],"about":[{"href":"https:\/\/ridextravel.com\/ridemybike\/wp-json\/wp\/v2\/types\/product"}],"replies":[{"embeddable":true,"href":"https:\/\/ridextravel.com\/ridemybike\/wp-json\/wp\/v2\/comments?post=3961"}],"wp:featuredmedia":[{"embeddable":true,"href":"https:\/\/ridextravel.com\/ridemybike\/wp-json\/wp\/v2\/media\/3962"}],"wp:attachment":[{"href":"https:\/\/ridextravel.com\/ridemybike\/wp-json\/wp\/v2\/media?parent=3961"}],"wp:term":[{"taxonomy":"product_brand","embeddable":true,"href":"https:\/\/ridextravel.com\/ridemybike\/wp-json\/wp\/v2\/product_brand?post=3961"},{"taxonomy":"product_cat","embeddable":true,"href":"https:\/\/ridextravel.com\/ridemybike\/wp-json\/wp\/v2\/product_cat?post=3961"},{"taxonomy":"product_tag","embeddable":true,"href":"https:\/\/ridextravel.com\/ridemybike\/wp-json\/wp\/v2\/product_tag?post=3961"}],"curies":[{"name":"wp","href":"https:\/\/api.w.org\/{rel}","templated":true}]}}