{"id":3971,"date":"2022-11-03T15:14:32","date_gmt":"2022-11-03T15:14:32","guid":{"rendered":"https:\/\/ridextravel.com\/ridemybike\/?post_type=product&#038;p=3971"},"modified":"2023-03-06T12:22:20","modified_gmt":"2023-03-06T12:22:20","slug":"gamechanger-velvet","status":"publish","type":"product","link":"https:\/\/ridextravel.com\/ridemybike\/produto\/gamechanger-velvet\/","title":{"rendered":"GameChanger Velvet"},"content":{"rendered":"","protected":false},"excerpt":{"rendered":"<p>Todos os ciclistas sabem que lutar contra o vento \u00e9 um dos desafios mais dif\u00edceis que enfrentam. Com o seu desenho multi-posi\u00e7\u00f5es, o GameChanger redefine a aerodin\u00e2mica. A forma especial reduz a aerodin\u00e2mica ao minimizar as superf\u00edcies expostas, independentemente das condi\u00e7\u00f5es atmosf\u00e9ricas, posi\u00e7\u00e3o da cabe\u00e7a inclinada e \u00e2ngulo de aflu\u00eancia. A nossa inovadora Tecnologia de Ar Refrigerado For\u00e7ado aspira o ar que entra e canaliza o fluxo de ar \u00e0 volta da cabe\u00e7a, criando um clima perfeito e mantendo a cabe\u00e7a fria mesmo em corridas quentes.<\/p>\n","protected":false},"featured_media":3973,"comment_status":"open","ping_status":"closed","template":"","meta":[],"product_brand":[],"product_cat":[305,26,31],"product_tag":[],"class_list":{"0":"post-3971","1":"product","2":"type-product","3":"status-publish","4":"has-post-thumbnail","6":"product_cat-abus","7":"product_cat-capacetes","8":"product_cat-equipamento","9":"entry","10":"has-media","12":"first","13":"instock","14":"taxable","15":"shipping-taxable","16":"purchasable","17":"product-type-variable"},"_links":{"self":[{"href":"https:\/\/ridextravel.com\/ridemybike\/wp-json\/wp\/v2\/product\/3971","targetHints":{"allow":["GET"]}}],"collection":[{"href":"https:\/\/ridextravel.com\/ridemybike\/wp-json\/wp\/v2\/product"}],"about":[{"href":"https:\/\/ridextravel.com\/ridemybike\/wp-json\/wp\/v2\/types\/product"}],"replies":[{"embeddable":true,"href":"https:\/\/ridextravel.com\/ridemybike\/wp-json\/wp\/v2\/comments?post=3971"}],"wp:featuredmedia":[{"embeddable":true,"href":"https:\/\/ridextravel.com\/ridemybike\/wp-json\/wp\/v2\/media\/3973"}],"wp:attachment":[{"href":"https:\/\/ridextravel.com\/ridemybike\/wp-json\/wp\/v2\/media?parent=3971"}],"wp:term":[{"taxonomy":"product_brand","embeddable":true,"href":"https:\/\/ridextravel.com\/ridemybike\/wp-json\/wp\/v2\/product_brand?post=3971"},{"taxonomy":"product_cat","embeddable":true,"href":"https:\/\/ridextravel.com\/ridemybike\/wp-json\/wp\/v2\/product_cat?post=3971"},{"taxonomy":"product_tag","embeddable":true,"href":"https:\/\/ridextravel.com\/ridemybike\/wp-json\/wp\/v2\/product_tag?post=3971"}],"curies":[{"name":"wp","href":"https:\/\/api.w.org\/{rel}","templated":true}]}}