{"id":4139,"date":"2022-11-15T11:48:09","date_gmt":"2022-11-15T11:48:09","guid":{"rendered":"https:\/\/ridextravel.com\/ridemybike\/?post_type=product&#038;p=4139"},"modified":"2023-03-08T12:56:03","modified_gmt":"2023-03-08T12:56:03","slug":"volare-sportivo-16","status":"publish","type":"product","link":"https:\/\/ridextravel.com\/ridemybike\/produto\/volare-sportivo-16\/","title":{"rendered":"Volare Sportivo 16&#8243;"},"content":{"rendered":"","protected":false},"excerpt":{"rendered":"<p>Bicicleta infantil Volare Sportivo 16 polegadas. A estrutura de a\u00e7o forte tem um visual muito esportivo com o verde neon legal com esquema de cores preto. Com a mamadeira no pr\u00e1tico porta-mamadeiras, seu filho sempre tem algo para beber. Os guarda-lamas param de respingar sujeira. Para reduzir a velocidade, a bicicleta tem dois freios de m\u00e3o (SEM FREIO DE MONTAGEM). A prote\u00e7\u00e3o da corrente \u00e9 fechada para proteger os dedinhos. Para aprender a pedalar rapidamente, a bicicleta tem rodas laterais destac\u00e1veis. Os pneus pneum\u00e1ticos de 16 polegadas tornam a bicicleta adequada para crian\u00e7as descoladas entre 4 e 6 anos com roupas de tamanho 104-110. Al\u00e9m disso, a bicicleta est\u00e1 95% montada, quase pronta para andar de bicicleta. Muito f\u00e1cil!<\/p>\n","protected":false},"featured_media":4140,"comment_status":"open","ping_status":"closed","template":"","meta":[],"product_brand":[],"product_cat":[29,22,313],"product_tag":[],"class_list":{"0":"post-4139","1":"product","2":"type-product","3":"status-publish","4":"has-post-thumbnail","6":"product_cat-bicicletas","7":"product_cat-crianca","8":"product_cat-volare","9":"entry","10":"has-media","12":"first","13":"instock","14":"taxable","15":"shipping-taxable","16":"purchasable","17":"product-type-simple"},"_links":{"self":[{"href":"https:\/\/ridextravel.com\/ridemybike\/wp-json\/wp\/v2\/product\/4139","targetHints":{"allow":["GET"]}}],"collection":[{"href":"https:\/\/ridextravel.com\/ridemybike\/wp-json\/wp\/v2\/product"}],"about":[{"href":"https:\/\/ridextravel.com\/ridemybike\/wp-json\/wp\/v2\/types\/product"}],"replies":[{"embeddable":true,"href":"https:\/\/ridextravel.com\/ridemybike\/wp-json\/wp\/v2\/comments?post=4139"}],"wp:featuredmedia":[{"embeddable":true,"href":"https:\/\/ridextravel.com\/ridemybike\/wp-json\/wp\/v2\/media\/4140"}],"wp:attachment":[{"href":"https:\/\/ridextravel.com\/ridemybike\/wp-json\/wp\/v2\/media?parent=4139"}],"wp:term":[{"taxonomy":"product_brand","embeddable":true,"href":"https:\/\/ridextravel.com\/ridemybike\/wp-json\/wp\/v2\/product_brand?post=4139"},{"taxonomy":"product_cat","embeddable":true,"href":"https:\/\/ridextravel.com\/ridemybike\/wp-json\/wp\/v2\/product_cat?post=4139"},{"taxonomy":"product_tag","embeddable":true,"href":"https:\/\/ridextravel.com\/ridemybike\/wp-json\/wp\/v2\/product_tag?post=4139"}],"curies":[{"name":"wp","href":"https:\/\/api.w.org\/{rel}","templated":true}]}}