{"id":4148,"date":"2022-11-15T12:56:27","date_gmt":"2022-11-15T12:56:27","guid":{"rendered":"https:\/\/ridextravel.com\/ridemybike\/?post_type=product&#038;p=4148"},"modified":"2023-03-08T12:54:54","modified_gmt":"2023-03-08T12:54:54","slug":"bicicleta-pro-cross-12","status":"publish","type":"product","link":"https:\/\/ridextravel.com\/ridemybike\/produto\/bicicleta-pro-cross-12\/","title":{"rendered":"Bicicleta Pro Cross 12&#8243;"},"content":{"rendered":"","protected":false},"excerpt":{"rendered":"<p>Esta bicicleta tem pneus insufl\u00e1veis e est\u00e1 equipada com trav\u00f5es dianteiros e traseiros. O guarda-corrente evita que a roupa fique presa ou suja.<\/p>\n<p>Flexibilidade para crescer: o selim e o guiador s\u00e3o ajust\u00e1veis, as rodas estabilizadoras podem ser removidas.<\/p>\n","protected":false},"featured_media":4151,"comment_status":"open","ping_status":"closed","template":"","meta":[],"product_brand":[],"product_cat":[29,22,316],"product_tag":[],"class_list":{"0":"post-4148","1":"product","2":"type-product","3":"status-publish","4":"has-post-thumbnail","6":"product_cat-bicicletas","7":"product_cat-crianca","8":"product_cat-dino-bikes","9":"entry","10":"has-media","12":"first","13":"instock","14":"taxable","15":"shipping-taxable","16":"purchasable","17":"product-type-simple"},"_links":{"self":[{"href":"https:\/\/ridextravel.com\/ridemybike\/wp-json\/wp\/v2\/product\/4148","targetHints":{"allow":["GET"]}}],"collection":[{"href":"https:\/\/ridextravel.com\/ridemybike\/wp-json\/wp\/v2\/product"}],"about":[{"href":"https:\/\/ridextravel.com\/ridemybike\/wp-json\/wp\/v2\/types\/product"}],"replies":[{"embeddable":true,"href":"https:\/\/ridextravel.com\/ridemybike\/wp-json\/wp\/v2\/comments?post=4148"}],"wp:featuredmedia":[{"embeddable":true,"href":"https:\/\/ridextravel.com\/ridemybike\/wp-json\/wp\/v2\/media\/4151"}],"wp:attachment":[{"href":"https:\/\/ridextravel.com\/ridemybike\/wp-json\/wp\/v2\/media?parent=4148"}],"wp:term":[{"taxonomy":"product_brand","embeddable":true,"href":"https:\/\/ridextravel.com\/ridemybike\/wp-json\/wp\/v2\/product_brand?post=4148"},{"taxonomy":"product_cat","embeddable":true,"href":"https:\/\/ridextravel.com\/ridemybike\/wp-json\/wp\/v2\/product_cat?post=4148"},{"taxonomy":"product_tag","embeddable":true,"href":"https:\/\/ridextravel.com\/ridemybike\/wp-json\/wp\/v2\/product_tag?post=4148"}],"curies":[{"name":"wp","href":"https:\/\/api.w.org\/{rel}","templated":true}]}}