{"id":4155,"date":"2022-11-17T11:37:28","date_gmt":"2022-11-17T11:37:28","guid":{"rendered":"https:\/\/ridextravel.com\/ridemybike\/?post_type=product&#038;p=4155"},"modified":"2023-03-06T16:30:11","modified_gmt":"2023-03-06T16:30:11","slug":"ostro-v-a-m-disc-carbon-frameset","status":"publish","type":"product","link":"https:\/\/ridextravel.com\/ridemybike\/produto\/ostro-v-a-m-disc-carbon-frameset\/","title":{"rendered":"OSTRO V.A.M. Disc Carbon Frameset"},"content":{"rendered":"","protected":false},"excerpt":{"rendered":"<h3>O OSTRO V.A.M. Frameset by Factor combina alto desempenho e conforto<\/h3>\n<p>O <strong>OSTRO V.A.M.<\/strong> frameset by <strong>Factor<\/strong> d\u00e1-lhe a oportunidade de construir uma bicicleta de estrada de carbono aerodin\u00e2mica ultra-leve. O garfo, o quadro e o espig\u00e3o de selim foram optimizados para criar um design aerodin\u00e2mico. Este conjunto de quadros leve impressiona pela sua extraordin\u00e1ria rigidez, que \u00e9 conseguida atrav\u00e9s da utiliza\u00e7\u00e3o de fibras de carbono TeXtreme. TeXtreme consiste em fibras muito planas que podem ser largamente colocadas, o que resulta em muito pouco material a ser utilizado. Estas fibras s\u00e3o suportadas por fibras de carbono \u00e0 base de breu.<\/p>\n<p>Quando se quer uma bicicleta para corridas cl\u00e1ssicas como a Paris-Roubaix, o <strong>OSTRO V.A.M.<\/strong> Frameset oferece-lhe a base certa para uma corrida confort\u00e1vel e r\u00e1pida.<\/p>\n","protected":false},"featured_media":4026,"comment_status":"open","ping_status":"closed","template":"","meta":[],"product_brand":[],"product_cat":[41,42],"product_tag":[],"class_list":{"0":"post-4155","1":"product","2":"type-product","3":"status-publish","4":"has-post-thumbnail","6":"product_cat-componentes","7":"product_cat-quadro","8":"entry","9":"has-media","11":"first","12":"instock","13":"taxable","14":"shipping-taxable","15":"purchasable","16":"product-type-variable"},"_links":{"self":[{"href":"https:\/\/ridextravel.com\/ridemybike\/wp-json\/wp\/v2\/product\/4155","targetHints":{"allow":["GET"]}}],"collection":[{"href":"https:\/\/ridextravel.com\/ridemybike\/wp-json\/wp\/v2\/product"}],"about":[{"href":"https:\/\/ridextravel.com\/ridemybike\/wp-json\/wp\/v2\/types\/product"}],"replies":[{"embeddable":true,"href":"https:\/\/ridextravel.com\/ridemybike\/wp-json\/wp\/v2\/comments?post=4155"}],"wp:featuredmedia":[{"embeddable":true,"href":"https:\/\/ridextravel.com\/ridemybike\/wp-json\/wp\/v2\/media\/4026"}],"wp:attachment":[{"href":"https:\/\/ridextravel.com\/ridemybike\/wp-json\/wp\/v2\/media?parent=4155"}],"wp:term":[{"taxonomy":"product_brand","embeddable":true,"href":"https:\/\/ridextravel.com\/ridemybike\/wp-json\/wp\/v2\/product_brand?post=4155"},{"taxonomy":"product_cat","embeddable":true,"href":"https:\/\/ridextravel.com\/ridemybike\/wp-json\/wp\/v2\/product_cat?post=4155"},{"taxonomy":"product_tag","embeddable":true,"href":"https:\/\/ridextravel.com\/ridemybike\/wp-json\/wp\/v2\/product_tag?post=4155"}],"curies":[{"name":"wp","href":"https:\/\/api.w.org\/{rel}","templated":true}]}}