{"id":4351,"date":"2022-11-17T12:55:09","date_gmt":"2022-11-17T12:55:09","guid":{"rendered":"https:\/\/ridextravel.com\/ridemybike\/?post_type=product&#038;p=4351"},"modified":"2023-03-08T12:25:32","modified_gmt":"2023-03-08T12:25:32","slug":"look-564","status":"publish","type":"product","link":"https:\/\/ridextravel.com\/ridemybike\/produto\/look-564\/","title":{"rendered":"Look 564"},"content":{"rendered":"","protected":false},"excerpt":{"rendered":"<p>Para a <strong>CR 564P, LOOK<\/strong> criou uma bicicleta de pista leve e aerodin\u00e2mica inspirada na geometria da <strong>R96<\/strong>. A sua estrutura monobloco de carbono de dimens\u00f5es excessivas e os seus tubos aerodin\u00e2micos proporcionam uma transfer\u00eancia de pot\u00eancia excepcional.<\/p>\n<p>Aprovada pela <strong>UCI<\/strong>, pode ser utilizada para qualquer corrida ou evento. Este \u00e9 um kit s\u00e9rio para qualquer aspirante a campe\u00e3o de pista.<\/p>\n<p>Com uma enorme experi\u00eancia em corridas na pista, o nosso chefe de montagem Ben Hallam \u00e9 um especialista em maximizar a sua posi\u00e7\u00e3o e pot\u00eancia nas motos de pista.<\/p>\n","protected":false},"featured_media":4353,"comment_status":"open","ping_status":"closed","template":"","meta":[],"product_brand":[],"product_cat":[29,339,312],"product_tag":[],"class_list":{"0":"post-4351","1":"product","2":"type-product","3":"status-publish","4":"has-post-thumbnail","6":"product_cat-bicicletas","7":"product_cat-estrada-look","8":"product_cat-look","9":"entry","10":"has-media","12":"first","13":"instock","14":"taxable","15":"shipping-taxable","16":"purchasable","17":"product-type-simple"},"_links":{"self":[{"href":"https:\/\/ridextravel.com\/ridemybike\/wp-json\/wp\/v2\/product\/4351","targetHints":{"allow":["GET"]}}],"collection":[{"href":"https:\/\/ridextravel.com\/ridemybike\/wp-json\/wp\/v2\/product"}],"about":[{"href":"https:\/\/ridextravel.com\/ridemybike\/wp-json\/wp\/v2\/types\/product"}],"replies":[{"embeddable":true,"href":"https:\/\/ridextravel.com\/ridemybike\/wp-json\/wp\/v2\/comments?post=4351"}],"wp:featuredmedia":[{"embeddable":true,"href":"https:\/\/ridextravel.com\/ridemybike\/wp-json\/wp\/v2\/media\/4353"}],"wp:attachment":[{"href":"https:\/\/ridextravel.com\/ridemybike\/wp-json\/wp\/v2\/media?parent=4351"}],"wp:term":[{"taxonomy":"product_brand","embeddable":true,"href":"https:\/\/ridextravel.com\/ridemybike\/wp-json\/wp\/v2\/product_brand?post=4351"},{"taxonomy":"product_cat","embeddable":true,"href":"https:\/\/ridextravel.com\/ridemybike\/wp-json\/wp\/v2\/product_cat?post=4351"},{"taxonomy":"product_tag","embeddable":true,"href":"https:\/\/ridextravel.com\/ridemybike\/wp-json\/wp\/v2\/product_tag?post=4351"}],"curies":[{"name":"wp","href":"https:\/\/api.w.org\/{rel}","templated":true}]}}