{"id":4360,"date":"2022-11-17T13:34:17","date_gmt":"2022-11-17T13:34:17","guid":{"rendered":"https:\/\/ridextravel.com\/ridemybike\/?post_type=product&#038;p=4360"},"modified":"2023-08-12T10:10:24","modified_gmt":"2023-08-12T10:10:24","slug":"langster-pro","status":"publish","type":"product","link":"https:\/\/ridextravel.com\/ridemybike\/produto\/langster-pro\/","title":{"rendered":"Langster Pro"},"content":{"rendered":"","protected":false},"excerpt":{"rendered":"<p>O<strong> Langster Pro<\/strong> foi concebido para ser um monstro de velocidade e precis\u00e3o na pista. Uma estrutura de alum\u00ednio de primeira qualidade incrivelmente r\u00edgida e vers\u00e1til, A1 Premium, o <strong>Langster Pro<\/strong> \u00e9 perfeito para todos os que procuram come\u00e7ar na pista para as suas primeiras voltas, bem como para aqueles que procuram ganhar corridas. Junte isso com uma configura\u00e7\u00e3o espec\u00edfica de corrida e ter\u00e1 a bicicleta perfeita para dias no vel\u00f3dromo.<\/p>\n","protected":false},"featured_media":4364,"comment_status":"open","ping_status":"closed","template":"","meta":[],"product_brand":[],"product_cat":[29,331,314],"product_tag":[],"class_list":{"0":"post-4360","1":"product","2":"type-product","3":"status-publish","4":"has-post-thumbnail","6":"product_cat-bicicletas","7":"product_cat-estrada-specialized","8":"product_cat-specialized","9":"entry","10":"has-media","12":"first","13":"instock","14":"sale","15":"taxable","16":"shipping-taxable","17":"purchasable","18":"product-type-variable"},"_links":{"self":[{"href":"https:\/\/ridextravel.com\/ridemybike\/wp-json\/wp\/v2\/product\/4360","targetHints":{"allow":["GET"]}}],"collection":[{"href":"https:\/\/ridextravel.com\/ridemybike\/wp-json\/wp\/v2\/product"}],"about":[{"href":"https:\/\/ridextravel.com\/ridemybike\/wp-json\/wp\/v2\/types\/product"}],"replies":[{"embeddable":true,"href":"https:\/\/ridextravel.com\/ridemybike\/wp-json\/wp\/v2\/comments?post=4360"}],"wp:featuredmedia":[{"embeddable":true,"href":"https:\/\/ridextravel.com\/ridemybike\/wp-json\/wp\/v2\/media\/4364"}],"wp:attachment":[{"href":"https:\/\/ridextravel.com\/ridemybike\/wp-json\/wp\/v2\/media?parent=4360"}],"wp:term":[{"taxonomy":"product_brand","embeddable":true,"href":"https:\/\/ridextravel.com\/ridemybike\/wp-json\/wp\/v2\/product_brand?post=4360"},{"taxonomy":"product_cat","embeddable":true,"href":"https:\/\/ridextravel.com\/ridemybike\/wp-json\/wp\/v2\/product_cat?post=4360"},{"taxonomy":"product_tag","embeddable":true,"href":"https:\/\/ridextravel.com\/ridemybike\/wp-json\/wp\/v2\/product_tag?post=4360"}],"curies":[{"name":"wp","href":"https:\/\/api.w.org\/{rel}","templated":true}]}}