{"id":5195,"date":"2023-03-03T11:20:15","date_gmt":"2023-03-03T11:20:15","guid":{"rendered":"https:\/\/ridextravel.com\/ridemybike\/?post_type=product&#038;p=5195"},"modified":"2023-03-21T15:12:13","modified_gmt":"2023-03-21T15:12:13","slug":"trenta-3k-carbon-mips","status":"publish","type":"product","link":"https:\/\/ridextravel.com\/ridemybike\/produto\/trenta-3k-carbon-mips\/","title":{"rendered":"Trenta 3K Carbon Mips\u00ae"},"content":{"rendered":"<ul>\n<li>Tecnologia 3K Carbono, gaiola de fibra de carbono incorporada para melhorar o desempenho da casca<\/li>\n<li>Mips AIR\u00ae sistema de gest\u00e3o rotacional concebido para adicionar prote\u00e7\u00e3o e poupar peso<\/li>\n<li>Excecionalmente confort\u00e1vel e seguro na cabe\u00e7a gra\u00e7as \u00e0 sua forma interna refinada<\/li>\n<li>Concha de policarbonato em molde com revestimento de EPS<\/li>\n<li>Sistema MET Safe-T Orbital Fit<\/li>\n<li>360\u00b0 Cinto de cabe\u00e7a, ajustes verticais e occipitais deixam-no com um ajuste individual<\/li>\n<li>Cintas Air Lite com divisor ajust\u00e1vel para maximizar a aerodin\u00e2mica e o conforto<\/li>\n<li>19 Ventila\u00e7\u00f5es, sistema de canaliza\u00e7\u00e3o interna de ar para melhorar a ventila\u00e7\u00e3o e o conforto<\/li>\n<li>Portas de \u00f3culos de sol para ancorar com seguran\u00e7a os \u00f3culos de sol ao escalar ou descansar<\/li>\n<li>Cauda de folha virtual em forma de tubo de Kamm para melhorar a aerodin\u00e2mica<\/li>\n<li>Deflector traseiro para permitir um fluxo de ar constante na posi\u00e7\u00e3o de montar<\/li>\n<li>Superf\u00edcie de contacto da cabe\u00e7a limitada para maximizar a ventila\u00e7\u00e3o<\/li>\n<li>Decalques posteriores reflexivos para aumentar a visibilidade em condi\u00e7\u00f5es de pouca luz<\/li>\n<li>Saco macio de capacete inclu\u00eddo<\/li>\n<li>Certifica\u00e7\u00f5es CE, AS\/NZS, US<\/li>\n<\/ul>\n","protected":false},"excerpt":{"rendered":"<p>O <strong>MET Trenta 3K Carbon Mips\u00ae<\/strong> \u00e9 um capacete de estrada de alto desempenho concebido com ciclistas de elite e usado at\u00e9 \u00e0 vit\u00f3ria no Le Tour de France e nos monumentos de Li\u00e8ge-Bastogne-Li\u00e8ge e Il Lombardia. Concebido para manter a cabe\u00e7a fresca e poupar energia a cada pedalada, o <strong>MET Trenta 3K Carbon Mips\u00ae<\/strong> \u00e9 o capacete de ciclismo de estrada mais avan\u00e7ado que j\u00e1 fizemos, agora melhorado com a adi\u00e7\u00e3o do <strong>Mips AIR\u00ae<\/strong>, o sistema de gest\u00e3o rotacional mais leve e avan\u00e7ado.<\/p>\n<div class=\"wpex-alert wpex-alert-warning wpex-alert-error\"><strong>Importante:<\/strong> para ver as cores deve primeiro selecionar o tamanho.<\/div>\n","protected":false},"featured_media":5196,"comment_status":"open","ping_status":"closed","template":"","meta":[],"product_brand":[],"product_cat":[26,31,308],"product_tag":[293,288,294,296,289,292,290,291,295],"class_list":{"0":"post-5195","1":"product","2":"type-product","3":"status-publish","4":"has-post-thumbnail","6":"product_cat-capacetes","7":"product_cat-equipamento","8":"product_cat-met","9":"product_tag-293","10":"product_tag-3k-carbono","11":"product_tag-air-lite","12":"product_tag-certificado","13":"product_tag-fibra-de-carbono","14":"product_tag-met-safe-t","15":"product_tag-mips-air","16":"product_tag-policarbonato","17":"product_tag-tubo-de-kamm","18":"entry","19":"has-media","21":"first","22":"instock","23":"taxable","24":"shipping-taxable","25":"purchasable","26":"product-type-variable"},"_links":{"self":[{"href":"https:\/\/ridextravel.com\/ridemybike\/wp-json\/wp\/v2\/product\/5195","targetHints":{"allow":["GET"]}}],"collection":[{"href":"https:\/\/ridextravel.com\/ridemybike\/wp-json\/wp\/v2\/product"}],"about":[{"href":"https:\/\/ridextravel.com\/ridemybike\/wp-json\/wp\/v2\/types\/product"}],"replies":[{"embeddable":true,"href":"https:\/\/ridextravel.com\/ridemybike\/wp-json\/wp\/v2\/comments?post=5195"}],"wp:featuredmedia":[{"embeddable":true,"href":"https:\/\/ridextravel.com\/ridemybike\/wp-json\/wp\/v2\/media\/5196"}],"wp:attachment":[{"href":"https:\/\/ridextravel.com\/ridemybike\/wp-json\/wp\/v2\/media?parent=5195"}],"wp:term":[{"taxonomy":"product_brand","embeddable":true,"href":"https:\/\/ridextravel.com\/ridemybike\/wp-json\/wp\/v2\/product_brand?post=5195"},{"taxonomy":"product_cat","embeddable":true,"href":"https:\/\/ridextravel.com\/ridemybike\/wp-json\/wp\/v2\/product_cat?post=5195"},{"taxonomy":"product_tag","embeddable":true,"href":"https:\/\/ridextravel.com\/ridemybike\/wp-json\/wp\/v2\/product_tag?post=5195"}],"curies":[{"name":"wp","href":"https:\/\/api.w.org\/{rel}","templated":true}]}}