{"id":5309,"date":"2023-03-03T15:33:57","date_gmt":"2023-03-03T15:33:57","guid":{"rendered":"https:\/\/ridextravel.com\/ridemybike\/?post_type=product&#038;p=5309"},"modified":"2023-03-21T15:12:09","modified_gmt":"2023-03-21T15:12:09","slug":"crossover","status":"publish","type":"product","link":"https:\/\/ridextravel.com\/ridemybike\/produto\/crossover\/","title":{"rendered":"Crossover"},"content":{"rendered":"<ul>\n<li>Concha de policarbonato em molde com revestimento de EPS<\/li>\n<li>Sistema Safe-T E-Mid Fit<\/li>\n<li>Almofadas de conforto lav\u00e1veis \u00e0 m\u00e3o<\/li>\n<li>Divisor de came ajust\u00e1vel<\/li>\n<li>Viseira amov\u00edvel com clipe de fixa\u00e7\u00e3o invis\u00edvel<\/li>\n<li>Rede anti-inseto moldada<\/li>\n<li>Autocolantes reflectores traseiros<\/li>\n<li>Luz LED traseira integrada<\/li>\n<li>Certifica\u00e7\u00f5es: CE; AS\/NZS<\/li>\n<\/ul>\n","protected":false},"excerpt":{"rendered":"<p>Como o seu nome sugere, o <strong>MET Crossover<\/strong> \u00e9 realmente dois capacetes em um. Usando um sistema de \u00e2ncora invis\u00edvel, os cavaleiros podem transformar o seu <strong>MET Crossover<\/strong> de rua casual para multi-terra com uma robusta extens\u00e3o de viseira.<\/p>\n<div class=\"wpex-alert wpex-alert-warning wpex-alert-error\"><strong>Importante:<\/strong> para ver as cores deve primeiro selecionar o tamanho.<\/div>\n","protected":false},"featured_media":5314,"comment_status":"open","ping_status":"closed","template":"","meta":[],"product_brand":[],"product_cat":[26,31,308],"product_tag":[293,294,302,296,297,299,301,291,298,300],"class_list":{"0":"post-5309","1":"product","2":"type-product","3":"status-publish","4":"has-post-thumbnail","6":"product_cat-capacetes","7":"product_cat-equipamento","8":"product_cat-met","9":"product_tag-293","10":"product_tag-air-lite","11":"product_tag-autocolantes","12":"product_tag-certificado","13":"product_tag-eps","14":"product_tag-mips-c2","15":"product_tag-orbital-fit","16":"product_tag-policarbonato","17":"product_tag-proteccao-cerebral","18":"product_tag-safe-t","19":"entry","20":"has-media","22":"first","23":"instock","24":"taxable","25":"shipping-taxable","26":"purchasable","27":"product-type-variable"},"_links":{"self":[{"href":"https:\/\/ridextravel.com\/ridemybike\/wp-json\/wp\/v2\/product\/5309","targetHints":{"allow":["GET"]}}],"collection":[{"href":"https:\/\/ridextravel.com\/ridemybike\/wp-json\/wp\/v2\/product"}],"about":[{"href":"https:\/\/ridextravel.com\/ridemybike\/wp-json\/wp\/v2\/types\/product"}],"replies":[{"embeddable":true,"href":"https:\/\/ridextravel.com\/ridemybike\/wp-json\/wp\/v2\/comments?post=5309"}],"wp:featuredmedia":[{"embeddable":true,"href":"https:\/\/ridextravel.com\/ridemybike\/wp-json\/wp\/v2\/media\/5314"}],"wp:attachment":[{"href":"https:\/\/ridextravel.com\/ridemybike\/wp-json\/wp\/v2\/media?parent=5309"}],"wp:term":[{"taxonomy":"product_brand","embeddable":true,"href":"https:\/\/ridextravel.com\/ridemybike\/wp-json\/wp\/v2\/product_brand?post=5309"},{"taxonomy":"product_cat","embeddable":true,"href":"https:\/\/ridextravel.com\/ridemybike\/wp-json\/wp\/v2\/product_cat?post=5309"},{"taxonomy":"product_tag","embeddable":true,"href":"https:\/\/ridextravel.com\/ridemybike\/wp-json\/wp\/v2\/product_tag?post=5309"}],"curies":[{"name":"wp","href":"https:\/\/api.w.org\/{rel}","templated":true}]}}