{"id":5322,"date":"2023-03-03T16:09:16","date_gmt":"2023-03-03T16:09:16","guid":{"rendered":"https:\/\/ridextravel.com\/ridemybike\/?post_type=product&#038;p=5322"},"modified":"2023-03-21T15:12:08","modified_gmt":"2023-03-21T15:12:08","slug":"manta-mips","status":"publish","type":"product","link":"https:\/\/ridextravel.com\/ridemybike\/produto\/manta-mips\/","title":{"rendered":"Manta Mips\u00ae"},"content":{"rendered":"<ul>\n<li>Concha de policarbonato em molde com revestimento de EPS<\/li>\n<li>Sistema de protec\u00e7\u00e3o do c\u00e9rebro MIPS-C2<\/li>\n<li>Sistema de ajuste orbital Safe-T<\/li>\n<li>Ajuste vertical<\/li>\n<li>Cinto de cabe\u00e7a de 360<\/li>\n<li>Fidlock\u00ae Fivela Magn\u00e9tica<\/li>\n<li>Canaliza\u00e7\u00e3o interna de ar<\/li>\n<li>15 respiradouros<\/li>\n<li>Ventila\u00e7\u00e3o NACA<\/li>\n<li>Portos de \u00f3culos de sol<\/li>\n<li>Almofadas de conforto lav\u00e1veis \u00e0 m\u00e3o<\/li>\n<li>Cintas Air Lite<\/li>\n<li>Divisor de cinta ajust\u00e1vel<\/li>\n<li>Autocolantes reflectores traseiros<\/li>\n<li>Certifica\u00e7\u00f5es CE; AS\/NZS; US<\/li>\n<\/ul>\n","protected":false},"excerpt":{"rendered":"<p>O novo <strong>MET Manta Mips<\/strong> \u00e9 um excelente exemplo do design est\u00e9tico e contempor\u00e2neo do <strong>MET<\/strong>. Liderado pela vis\u00e3o dos profissionais e pelas exig\u00eancias dos ciclistas, o capacete assume quatro \u00e1reas de enfoque: seguran\u00e7a, aerodin\u00e2mica, ajuste e estilo. Com estes elementos em mente, o design do novo <strong>Manta Mips<\/strong> inspira-se na geometria natural do seu antecessor como guia. \u00c9 t\u00e3o brilhante como o original, mas com uma apar\u00eancia mais n\u00edtida e um desempenho de vanguarda.<\/p>\n<div class=\"wpex-alert wpex-alert-warning wpex-alert-error\"><strong>Importante:<\/strong> para ver as cores deve primeiro selecionar o tamanho.<\/div>\n","protected":false},"featured_media":5335,"comment_status":"open","ping_status":"closed","template":"","meta":[],"product_brand":[],"product_cat":[26,31,308],"product_tag":[293,294,302,296,297,299,304,291,298,300],"class_list":{"0":"post-5322","1":"product","2":"type-product","3":"status-publish","4":"has-post-thumbnail","6":"product_cat-capacetes","7":"product_cat-equipamento","8":"product_cat-met","9":"product_tag-293","10":"product_tag-air-lite","11":"product_tag-autocolantes","12":"product_tag-certificado","13":"product_tag-eps","14":"product_tag-mips-c2","15":"product_tag-naca","16":"product_tag-policarbonato","17":"product_tag-proteccao-cerebral","18":"product_tag-safe-t","19":"entry","20":"has-media","22":"first","23":"instock","24":"taxable","25":"shipping-taxable","26":"purchasable","27":"product-type-variable"},"_links":{"self":[{"href":"https:\/\/ridextravel.com\/ridemybike\/wp-json\/wp\/v2\/product\/5322","targetHints":{"allow":["GET"]}}],"collection":[{"href":"https:\/\/ridextravel.com\/ridemybike\/wp-json\/wp\/v2\/product"}],"about":[{"href":"https:\/\/ridextravel.com\/ridemybike\/wp-json\/wp\/v2\/types\/product"}],"replies":[{"embeddable":true,"href":"https:\/\/ridextravel.com\/ridemybike\/wp-json\/wp\/v2\/comments?post=5322"}],"wp:featuredmedia":[{"embeddable":true,"href":"https:\/\/ridextravel.com\/ridemybike\/wp-json\/wp\/v2\/media\/5335"}],"wp:attachment":[{"href":"https:\/\/ridextravel.com\/ridemybike\/wp-json\/wp\/v2\/media?parent=5322"}],"wp:term":[{"taxonomy":"product_brand","embeddable":true,"href":"https:\/\/ridextravel.com\/ridemybike\/wp-json\/wp\/v2\/product_brand?post=5322"},{"taxonomy":"product_cat","embeddable":true,"href":"https:\/\/ridextravel.com\/ridemybike\/wp-json\/wp\/v2\/product_cat?post=5322"},{"taxonomy":"product_tag","embeddable":true,"href":"https:\/\/ridextravel.com\/ridemybike\/wp-json\/wp\/v2\/product_tag?post=5322"}],"curies":[{"name":"wp","href":"https:\/\/api.w.org\/{rel}","templated":true}]}}