{"id":5394,"date":"2023-03-07T10:49:03","date_gmt":"2023-03-07T10:49:03","guid":{"rendered":"https:\/\/ridextravel.com\/ridemybike\/?post_type=product&#038;p=5394"},"modified":"2023-03-22T12:50:36","modified_gmt":"2023-03-22T12:50:36","slug":"795-blade-rs-disc","status":"publish","type":"product","link":"https:\/\/ridextravel.com\/ridemybike\/produto\/795-blade-rs-disc\/","title":{"rendered":"795 Blade RS Disc"},"content":{"rendered":"<h3>Geometria 795 BLADE RS DISC<\/h3>\n<p><strong>Wheels diameter:<\/strong> 686 mm \/ 27 inch<\/p>\n<table>\n<thead>\n<tr>\n<th><\/th>\n<th>XS<\/th>\n<th>S<\/th>\n<th>M<\/th>\n<th>L<\/th>\n<th>XL<\/th>\n<\/tr>\n<\/thead>\n<tbody>\n<tr>\n<th>Stack<\/th>\n<td>505<\/td>\n<td>529<\/td>\n<td>553<\/td>\n<td>578<\/td>\n<td>601<\/td>\n<\/tr>\n<tr>\n<th>Reach<\/th>\n<td>367<\/td>\n<td>377<\/td>\n<td>386<\/td>\n<td>396<\/td>\n<td>406<\/td>\n<\/tr>\n<tr>\n<th>I &#8211; Head tube (\u00b0)<\/th>\n<td>71,8<\/td>\n<td>71,8<\/td>\n<td>73<\/td>\n<td>73<\/td>\n<td>73<\/td>\n<\/tr>\n<tr>\n<th>J &#8211; Seat tube (\u00b0)<\/th>\n<td>75,8<\/td>\n<td>75,8<\/td>\n<td>75,8<\/td>\n<td>75,8<\/td>\n<td>75,8<\/td>\n<\/tr>\n<tr>\n<th>A &#8211; Seat tube<\/th>\n<td>445<\/td>\n<td>469.7<\/td>\n<td>494.4<\/td>\n<td>519.2<\/td>\n<td>544<\/td>\n<\/tr>\n<tr>\n<th>B &#8211; Top Tube horizontal<\/th>\n<td>494.1<\/td>\n<td>510.1<\/td>\n<td>526.2<\/td>\n<td>545<\/td>\n<td>558.3<\/td>\n<\/tr>\n<tr>\n<th>C &#8211; Front Center<\/th>\n<td>567.7<\/td>\n<td>585.5<\/td>\n<td>584.3<\/td>\n<td>601.5<\/td>\n<td>618.8<\/td>\n<\/tr>\n<tr>\n<th>D &#8211; Trail<\/th>\n<td>60.1<\/td>\n<td>60.1<\/td>\n<td>59.9<\/td>\n<td>59.9<\/td>\n<td>59.9<\/td>\n<\/tr>\n<tr>\n<th>F &#8211; Fork offset<\/th>\n<td>50<\/td>\n<td>50<\/td>\n<td>43<\/td>\n<td>43<\/td>\n<td>43<\/td>\n<\/tr>\n<tr>\n<th>G &#8211; Chainstays<\/th>\n<td>415<\/td>\n<td>415<\/td>\n<td>415<\/td>\n<td>415<\/td>\n<td>415<\/td>\n<\/tr>\n<tr>\n<th>K &#8211; Head tube<\/th>\n<td>111.9<\/td>\n<td>137.1<\/td>\n<td>155.7<\/td>\n<td>180.8<\/td>\n<td>205.9<\/td>\n<\/tr>\n<tr>\n<th>L &#8211; Fork<\/th>\n<td>368<\/td>\n<td>368<\/td>\n<td>368<\/td>\n<td>368<\/td>\n<td>368<\/td>\n<\/tr>\n<tr>\n<th>HAV<\/th>\n<td>65<\/td>\n<td>65<\/td>\n<td>65<\/td>\n<td>65<\/td>\n<td>65<\/td>\n<\/tr>\n<tr>\n<th>Standover<\/th>\n<td>748<\/td>\n<td>771<\/td>\n<td>796<\/td>\n<td>821<\/td>\n<td>844<\/td>\n<\/tr>\n<\/tbody>\n<\/table>\n","protected":false},"excerpt":{"rendered":"<h3>CHAMELEON MAT GLOSSY<\/h3>\n<p>Olhe para ela de frente ou de lado, sob a luz do sol ou das sombras&#8230; ver\u00e1 cada vez uma bicicleta diferente. E n\u00e3o h\u00e1 d\u00favida de que far\u00e1 de si um ciclista diferente. Apresentando o mais recente conjunto de 12 velocidades <strong>SRAM RED eTAP<\/strong>, rodas de disco <strong>WS Black Dx CORIMA<\/strong>, sela <strong>Selle Italia<\/strong> de carbono e <strong>LOOK ADH 1.2 Carbon cockpit<\/strong>, esta bicicleta camale\u00e3o \u00e9 t\u00e3o r\u00edgida como confort\u00e1vel. Esteja preparado para deixar alguns condutores ciumentos na sua esteira.<\/p>\n","protected":false},"featured_media":5395,"comment_status":"open","ping_status":"closed","template":"","meta":[],"product_brand":[],"product_cat":[29,339,312],"product_tag":[325,327,326],"class_list":{"0":"post-5394","1":"product","2":"type-product","3":"status-publish","4":"has-post-thumbnail","6":"product_cat-bicicletas","7":"product_cat-estrada-look","8":"product_cat-look","9":"product_tag-bicicletas","10":"product_tag-look","11":"product_tag-urbanas","12":"entry","13":"has-media","15":"first","16":"instock","17":"taxable","18":"shipping-taxable","19":"purchasable","20":"product-type-simple"},"_links":{"self":[{"href":"https:\/\/ridextravel.com\/ridemybike\/wp-json\/wp\/v2\/product\/5394","targetHints":{"allow":["GET"]}}],"collection":[{"href":"https:\/\/ridextravel.com\/ridemybike\/wp-json\/wp\/v2\/product"}],"about":[{"href":"https:\/\/ridextravel.com\/ridemybike\/wp-json\/wp\/v2\/types\/product"}],"replies":[{"embeddable":true,"href":"https:\/\/ridextravel.com\/ridemybike\/wp-json\/wp\/v2\/comments?post=5394"}],"wp:featuredmedia":[{"embeddable":true,"href":"https:\/\/ridextravel.com\/ridemybike\/wp-json\/wp\/v2\/media\/5395"}],"wp:attachment":[{"href":"https:\/\/ridextravel.com\/ridemybike\/wp-json\/wp\/v2\/media?parent=5394"}],"wp:term":[{"taxonomy":"product_brand","embeddable":true,"href":"https:\/\/ridextravel.com\/ridemybike\/wp-json\/wp\/v2\/product_brand?post=5394"},{"taxonomy":"product_cat","embeddable":true,"href":"https:\/\/ridextravel.com\/ridemybike\/wp-json\/wp\/v2\/product_cat?post=5394"},{"taxonomy":"product_tag","embeddable":true,"href":"https:\/\/ridextravel.com\/ridemybike\/wp-json\/wp\/v2\/product_tag?post=5394"}],"curies":[{"name":"wp","href":"https:\/\/api.w.org\/{rel}","templated":true}]}}