{"id":5619,"date":"2023-03-21T10:24:01","date_gmt":"2023-03-21T10:24:01","guid":{"rendered":"https:\/\/ridextravel.com\/ridemybike\/?post_type=product&#038;p=5619"},"modified":"2023-03-28T10:23:41","modified_gmt":"2023-03-28T10:23:41","slug":"clacao-curto-matt-homem-turmeric","status":"publish","type":"product","link":"https:\/\/ridextravel.com\/ridemybike\/produto\/clacao-curto-matt-homem-turmeric\/","title":{"rendered":"Cal\u00e7\u00e3o curto matt homem Turmeric"},"content":{"rendered":"<ul>\n<li>Tecido bi-el\u00e1stico com compress\u00e3o muscular contida.<\/li>\n<li>Alta respirabilidade para um \u00f3timo controlo da temperatura.<\/li>\n<li>Tecido resistente ao pilling (Martindale Grau 5 &#8211; ISO 12945-2).<\/li>\n<li>Tecido K10 de dupla densidade e tecido EIT ECO Carbonium Flash bacteriost\u00e1tico.<\/li>\n<li>Mais transpir\u00e1vel e adapt\u00e1vel, com aparelho plano.<\/li>\n<li>Tiras de tecido hipoalerg\u00e9nico siliconizado de dupla frente.<\/li>\n<li>Elementos refletores em ambas as pernas.<\/li>\n<li>Log\u00f3tipos em vinil altamente el\u00e1stico.<\/li>\n<\/ul>\n","protected":false},"excerpt":{"rendered":"<p>Desenho visual minimalista, acabamento uniforme e mate. Desenvolvido com lycra bi-el\u00e1stica que proporciona compress\u00e3o muscular contida e melhora o desempenho desportivo. Ideal para longas sess\u00f5es de treino, passeios ou competi\u00e7\u00f5es exigentes, onde precisamos de uma pe\u00e7a de vestu\u00e1rio que assegure um elevado n\u00edvel de conforto durante muitas horas na bicicleta.<\/p>\n","protected":false},"featured_media":5620,"comment_status":"open","ping_status":"closed","template":"","meta":[],"product_brand":[],"product_cat":[357,31,359],"product_tag":[],"class_list":{"0":"post-5619","1":"product","2":"type-product","3":"status-publish","4":"has-post-thumbnail","6":"product_cat-calcoes","7":"product_cat-equipamento","8":"product_cat-gobik-calcoes","9":"entry","10":"has-media","12":"first","13":"instock","14":"featured","15":"taxable","16":"shipping-taxable","17":"purchasable","18":"product-type-variable"},"_links":{"self":[{"href":"https:\/\/ridextravel.com\/ridemybike\/wp-json\/wp\/v2\/product\/5619","targetHints":{"allow":["GET"]}}],"collection":[{"href":"https:\/\/ridextravel.com\/ridemybike\/wp-json\/wp\/v2\/product"}],"about":[{"href":"https:\/\/ridextravel.com\/ridemybike\/wp-json\/wp\/v2\/types\/product"}],"replies":[{"embeddable":true,"href":"https:\/\/ridextravel.com\/ridemybike\/wp-json\/wp\/v2\/comments?post=5619"}],"wp:featuredmedia":[{"embeddable":true,"href":"https:\/\/ridextravel.com\/ridemybike\/wp-json\/wp\/v2\/media\/5620"}],"wp:attachment":[{"href":"https:\/\/ridextravel.com\/ridemybike\/wp-json\/wp\/v2\/media?parent=5619"}],"wp:term":[{"taxonomy":"product_brand","embeddable":true,"href":"https:\/\/ridextravel.com\/ridemybike\/wp-json\/wp\/v2\/product_brand?post=5619"},{"taxonomy":"product_cat","embeddable":true,"href":"https:\/\/ridextravel.com\/ridemybike\/wp-json\/wp\/v2\/product_cat?post=5619"},{"taxonomy":"product_tag","embeddable":true,"href":"https:\/\/ridextravel.com\/ridemybike\/wp-json\/wp\/v2\/product_tag?post=5619"}],"curies":[{"name":"wp","href":"https:\/\/api.w.org\/{rel}","templated":true}]}}