{"id":5650,"date":"2023-03-21T10:51:23","date_gmt":"2023-03-21T10:51:23","guid":{"rendered":"https:\/\/ridextravel.com\/ridemybike\/?post_type=product&#038;p=5650"},"modified":"2023-03-28T09:38:45","modified_gmt":"2023-03-28T09:38:45","slug":"jersey-manga-curta-infinity-unisex","status":"publish","type":"product","link":"https:\/\/ridextravel.com\/ridemybike\/produto\/jersey-manga-curta-infinity-unisex\/","title":{"rendered":"Jersey manga curta Infinity unisex"},"content":{"rendered":"","protected":false},"excerpt":{"rendered":"<p>Desempenho profissional para competi\u00e7\u00e3o. Engenharia e concep\u00e7\u00e3o do mais alto n\u00edvel. Herdeiro dos modelos utilizados pelas equipas da WorldTour. A sua escolha para as competi\u00e7\u00f5es e excurs\u00f5es mais exigentes. Um verdadeiro puro-sangue das corridas.<\/p>\n<p>Concebido para temperaturas quentes a muito quentes. Competi\u00e7\u00f5es e passeios de alto n\u00edvel onde a aerodin\u00e2mica \u00e9 crucial. Ultra fino, ideal para utilizadores avan\u00e7ados com uma constru\u00e7\u00e3o fina.<\/p>\n","protected":false},"featured_media":5651,"comment_status":"open","ping_status":"closed","template":"","meta":[],"product_brand":[],"product_cat":[31,358,354],"product_tag":[],"class_list":{"0":"post-5650","1":"product","2":"type-product","3":"status-publish","4":"has-post-thumbnail","6":"product_cat-equipamento","7":"product_cat-gobik","8":"product_cat-jerseys","9":"entry","10":"has-media","12":"first","13":"instock","14":"featured","15":"taxable","16":"shipping-taxable","17":"purchasable","18":"product-type-variable"},"_links":{"self":[{"href":"https:\/\/ridextravel.com\/ridemybike\/wp-json\/wp\/v2\/product\/5650","targetHints":{"allow":["GET"]}}],"collection":[{"href":"https:\/\/ridextravel.com\/ridemybike\/wp-json\/wp\/v2\/product"}],"about":[{"href":"https:\/\/ridextravel.com\/ridemybike\/wp-json\/wp\/v2\/types\/product"}],"replies":[{"embeddable":true,"href":"https:\/\/ridextravel.com\/ridemybike\/wp-json\/wp\/v2\/comments?post=5650"}],"wp:featuredmedia":[{"embeddable":true,"href":"https:\/\/ridextravel.com\/ridemybike\/wp-json\/wp\/v2\/media\/5651"}],"wp:attachment":[{"href":"https:\/\/ridextravel.com\/ridemybike\/wp-json\/wp\/v2\/media?parent=5650"}],"wp:term":[{"taxonomy":"product_brand","embeddable":true,"href":"https:\/\/ridextravel.com\/ridemybike\/wp-json\/wp\/v2\/product_brand?post=5650"},{"taxonomy":"product_cat","embeddable":true,"href":"https:\/\/ridextravel.com\/ridemybike\/wp-json\/wp\/v2\/product_cat?post=5650"},{"taxonomy":"product_tag","embeddable":true,"href":"https:\/\/ridextravel.com\/ridemybike\/wp-json\/wp\/v2\/product_tag?post=5650"}],"curies":[{"name":"wp","href":"https:\/\/api.w.org\/{rel}","templated":true}]}}