{"id":5702,"date":"2023-03-21T11:15:21","date_gmt":"2023-03-21T11:15:21","guid":{"rendered":"https:\/\/ridextravel.com\/ridemybike\/?post_type=product&#038;p=5702"},"modified":"2023-03-28T10:23:12","modified_gmt":"2023-03-28T10:23:12","slug":"colete-plus-2-0-espectra-homem","status":"publish","type":"product","link":"https:\/\/ridextravel.com\/ridemybike\/produto\/colete-plus-2-0-espectra-homem\/","title":{"rendered":"Colete plus 2.0 Espectra homem"},"content":{"rendered":"<ul>\n<li>M\u00e1xima leveza e aerodin\u00e2mica.<\/li>\n<li>Padr\u00e3o minimalista e sem costura.<\/li>\n<li>Mangas extra-longas em tecido nervurado com bainha termo-selada.<\/li>\n<li>Fecho de correr exposto completamente limpo no exterior.<\/li>\n<li>Cintura dianteira termo-selada.<\/li>\n<li>Placa reduzida cobrindo a extremidade inferior do fecho de correr.<\/li>\n<li>Grande capacidade de transporte com 3 bolsos de tecido texturizado.<\/li>\n<li>Aberturas dos bolsos selados a quente.<\/li>\n<li>Detalhe refletor na parte de tr\u00e1s em cima.<\/li>\n<li>Cintura traseira de borracha de silicone com banda refletora tecida.<\/li>\n<\/ul>\n","protected":false},"excerpt":{"rendered":"<p>Ultra-leve, aerodin\u00e2mica e \u00e0 prova de vento. Totalmente dobr\u00e1vel na sua pr\u00f3pria bolsa de malha lateral.<\/p>\n<p>Concebido para temporadas interm\u00e9dias e dias ventosos. Prote\u00e7\u00e3o nas primeiras horas da manh\u00e3, frias ou na descida de um desfiladeiro de montanha. Um complemento perfeito para aumentar a amplitude t\u00e9rmica.<\/p>\n","protected":false},"featured_media":5708,"comment_status":"open","ping_status":"closed","template":"","meta":[],"product_brand":[],"product_cat":[355,31,360],"product_tag":[],"class_list":{"0":"post-5702","1":"product","2":"type-product","3":"status-publish","4":"has-post-thumbnail","6":"product_cat-coletes","7":"product_cat-equipamento","8":"product_cat-gobik-coletes","9":"entry","10":"has-media","12":"first","13":"instock","14":"featured","15":"taxable","16":"shipping-taxable","17":"purchasable","18":"product-type-variable"},"_links":{"self":[{"href":"https:\/\/ridextravel.com\/ridemybike\/wp-json\/wp\/v2\/product\/5702","targetHints":{"allow":["GET"]}}],"collection":[{"href":"https:\/\/ridextravel.com\/ridemybike\/wp-json\/wp\/v2\/product"}],"about":[{"href":"https:\/\/ridextravel.com\/ridemybike\/wp-json\/wp\/v2\/types\/product"}],"replies":[{"embeddable":true,"href":"https:\/\/ridextravel.com\/ridemybike\/wp-json\/wp\/v2\/comments?post=5702"}],"wp:featuredmedia":[{"embeddable":true,"href":"https:\/\/ridextravel.com\/ridemybike\/wp-json\/wp\/v2\/media\/5708"}],"wp:attachment":[{"href":"https:\/\/ridextravel.com\/ridemybike\/wp-json\/wp\/v2\/media?parent=5702"}],"wp:term":[{"taxonomy":"product_brand","embeddable":true,"href":"https:\/\/ridextravel.com\/ridemybike\/wp-json\/wp\/v2\/product_brand?post=5702"},{"taxonomy":"product_cat","embeddable":true,"href":"https:\/\/ridextravel.com\/ridemybike\/wp-json\/wp\/v2\/product_cat?post=5702"},{"taxonomy":"product_tag","embeddable":true,"href":"https:\/\/ridextravel.com\/ridemybike\/wp-json\/wp\/v2\/product_tag?post=5702"}],"curies":[{"name":"wp","href":"https:\/\/api.w.org\/{rel}","templated":true}]}}