{"id":5765,"date":"2023-03-21T12:03:17","date_gmt":"2023-03-21T12:03:17","guid":{"rendered":"https:\/\/ridextravel.com\/ridemybike\/?post_type=product&#038;p=5765"},"modified":"2023-03-28T09:37:31","modified_gmt":"2023-03-28T09:37:31","slug":"jersey-manga-curta-stark-mulher-rapture-rose","status":"publish","type":"product","link":"https:\/\/ridextravel.com\/ridemybike\/produto\/jersey-manga-curta-stark-mulher-rapture-rose\/","title":{"rendered":"Jersey manga curta Stark mulher Rapture Rose"},"content":{"rendered":"<ul>\n<li>Ajuste confort\u00e1vel e adaptado a todos os tipos de complei\u00e7\u00e3o.<\/li>\n<li>Tecido leve, macio e respir\u00e1vel.<\/li>\n<li>Mangas micro-perfuradas com acabamento de punho costurado.<\/li>\n<li>Fecho de correr SBS de alta resist\u00eancia e oculto.<\/li>\n<li>Alta capacidade de carga com 3 bolsas de tecido texturizado e sistema GRS.<\/li>\n<li>Fita de silicone estendida na cintura.<\/li>\n<li>Painel traseiro refletor.<\/li>\n<\/ul>\n","protected":false},"excerpt":{"rendered":"<p>Corte cl\u00e1ssico, com um ajuste relaxado que se adapta a todos os tipos de corpo e o torna uma escolha confort\u00e1vel para o uso di\u00e1rio.<\/p>\n<p>Concebido para temperaturas amenas a quentes. Utiliza\u00e7\u00e3o regular para treino e ciclismo em todas as condi\u00e7\u00f5es.<\/p>\n","protected":false},"featured_media":5778,"comment_status":"open","ping_status":"closed","template":"","meta":[],"product_brand":[],"product_cat":[31,358,354],"product_tag":[],"class_list":{"0":"post-5765","1":"product","2":"type-product","3":"status-publish","4":"has-post-thumbnail","6":"product_cat-equipamento","7":"product_cat-gobik","8":"product_cat-jerseys","9":"entry","10":"has-media","12":"first","13":"instock","14":"featured","15":"taxable","16":"shipping-taxable","17":"purchasable","18":"product-type-variable"},"_links":{"self":[{"href":"https:\/\/ridextravel.com\/ridemybike\/wp-json\/wp\/v2\/product\/5765","targetHints":{"allow":["GET"]}}],"collection":[{"href":"https:\/\/ridextravel.com\/ridemybike\/wp-json\/wp\/v2\/product"}],"about":[{"href":"https:\/\/ridextravel.com\/ridemybike\/wp-json\/wp\/v2\/types\/product"}],"replies":[{"embeddable":true,"href":"https:\/\/ridextravel.com\/ridemybike\/wp-json\/wp\/v2\/comments?post=5765"}],"wp:featuredmedia":[{"embeddable":true,"href":"https:\/\/ridextravel.com\/ridemybike\/wp-json\/wp\/v2\/media\/5778"}],"wp:attachment":[{"href":"https:\/\/ridextravel.com\/ridemybike\/wp-json\/wp\/v2\/media?parent=5765"}],"wp:term":[{"taxonomy":"product_brand","embeddable":true,"href":"https:\/\/ridextravel.com\/ridemybike\/wp-json\/wp\/v2\/product_brand?post=5765"},{"taxonomy":"product_cat","embeddable":true,"href":"https:\/\/ridextravel.com\/ridemybike\/wp-json\/wp\/v2\/product_cat?post=5765"},{"taxonomy":"product_tag","embeddable":true,"href":"https:\/\/ridextravel.com\/ridemybike\/wp-json\/wp\/v2\/product_tag?post=5765"}],"curies":[{"name":"wp","href":"https:\/\/api.w.org\/{rel}","templated":true}]}}