{"id":5824,"date":"2023-03-21T13:02:52","date_gmt":"2023-03-21T13:02:52","guid":{"rendered":"https:\/\/ridextravel.com\/ridemybike\/?post_type=product&#038;p=5824"},"modified":"2023-03-28T10:22:36","modified_gmt":"2023-03-28T10:22:36","slug":"camisola-interior-arenito-homem","status":"publish","type":"product","link":"https:\/\/ridextravel.com\/ridemybike\/produto\/camisola-interior-arenito-homem\/","title":{"rendered":"Camisola interior arenito homem"},"content":{"rendered":"<ul>\n<li>Tecido anti-bacteriano sedoso 3D.<\/li>\n<li>Ideal taxa de transfer\u00eancia de humidade.<\/li>\n<li>Segundo ajuste de pele.<\/li>\n<li>Gola interior de toque suave.<\/li>\n<li>Costuras de flatlock.<\/li>\n<\/ul>\n","protected":false},"excerpt":{"rendered":"<p>Ultra-leve e altamente transpir\u00e1vel, com um ajuste de segunda pele. Regula a temperatura, transportando o suor para as camadas superiores, fazendo-o sentir-se seco e confort\u00e1vel. Concebido para ter o seu melhor desempenho em condi\u00e7\u00f5es quentes e h\u00famidas.<\/p>\n","protected":false},"featured_media":5837,"comment_status":"open","ping_status":"closed","template":"","meta":[],"product_brand":[],"product_cat":[356,31,361],"product_tag":[],"class_list":{"0":"post-5824","1":"product","2":"type-product","3":"status-publish","4":"has-post-thumbnail","6":"product_cat-camisola","7":"product_cat-equipamento","8":"product_cat-gobik-camisola","9":"entry","10":"has-media","12":"first","13":"instock","14":"featured","15":"taxable","16":"shipping-taxable","17":"purchasable","18":"product-type-variable"},"_links":{"self":[{"href":"https:\/\/ridextravel.com\/ridemybike\/wp-json\/wp\/v2\/product\/5824","targetHints":{"allow":["GET"]}}],"collection":[{"href":"https:\/\/ridextravel.com\/ridemybike\/wp-json\/wp\/v2\/product"}],"about":[{"href":"https:\/\/ridextravel.com\/ridemybike\/wp-json\/wp\/v2\/types\/product"}],"replies":[{"embeddable":true,"href":"https:\/\/ridextravel.com\/ridemybike\/wp-json\/wp\/v2\/comments?post=5824"}],"wp:featuredmedia":[{"embeddable":true,"href":"https:\/\/ridextravel.com\/ridemybike\/wp-json\/wp\/v2\/media\/5837"}],"wp:attachment":[{"href":"https:\/\/ridextravel.com\/ridemybike\/wp-json\/wp\/v2\/media?parent=5824"}],"wp:term":[{"taxonomy":"product_brand","embeddable":true,"href":"https:\/\/ridextravel.com\/ridemybike\/wp-json\/wp\/v2\/product_brand?post=5824"},{"taxonomy":"product_cat","embeddable":true,"href":"https:\/\/ridextravel.com\/ridemybike\/wp-json\/wp\/v2\/product_cat?post=5824"},{"taxonomy":"product_tag","embeddable":true,"href":"https:\/\/ridextravel.com\/ridemybike\/wp-json\/wp\/v2\/product_tag?post=5824"}],"curies":[{"name":"wp","href":"https:\/\/api.w.org\/{rel}","templated":true}]}}