{"id":5981,"date":"2023-03-21T16:35:30","date_gmt":"2023-03-21T16:35:30","guid":{"rendered":"https:\/\/ridextravel.com\/ridemybike\/?post_type=product&#038;p=5981"},"modified":"2023-03-22T12:36:57","modified_gmt":"2023-03-22T12:36:57","slug":"jakar-30","status":"publish","type":"product","link":"https:\/\/ridextravel.com\/ridemybike\/produto\/jakar-30\/","title":{"rendered":"Jakar 30"},"content":{"rendered":"<h3>Geometria JAKAR 30<\/h3>\n<div>\n<table>\n<thead>\n<tr>\n<th><\/th>\n<th><\/th>\n<th>XS<\/th>\n<th>S<\/th>\n<th>M<\/th>\n<th>L<\/th>\n<th>XL<\/th>\n<\/tr>\n<\/thead>\n<tbody>\n<tr>\n<td>\n<div>A<\/div>\n<\/td>\n<td>T\/T<\/td>\n<td>494<\/td>\n<td>515<\/td>\n<td>545<\/td>\n<td>575<\/td>\n<td>600<\/td>\n<\/tr>\n<tr>\n<td>\n<div>B<\/div>\n<\/td>\n<td>C\/S<\/td>\n<td>430<\/td>\n<td>430<\/td>\n<td>430<\/td>\n<td>430<\/td>\n<td>430<\/td>\n<\/tr>\n<tr>\n<td>\n<div>C<\/div>\n<\/td>\n<td>S\/T<\/td>\n<td>415<\/td>\n<td>500<\/td>\n<td>530<\/td>\n<td>570<\/td>\n<td>590<\/td>\n<\/tr>\n<tr>\n<td>\n<div>D<\/div>\n<\/td>\n<td>H\/T<\/td>\n<td>105<\/td>\n<td>125<\/td>\n<td>145<\/td>\n<td>175<\/td>\n<td>210<\/td>\n<\/tr>\n<tr>\n<td>\n<div>E<\/div>\n<\/td>\n<td>REACH<\/td>\n<td>347<\/td>\n<td>358<\/td>\n<td>376<\/td>\n<td>392<\/td>\n<td>407<\/td>\n<\/tr>\n<tr>\n<td>\n<div>F<\/div>\n<\/td>\n<td>STACK<\/td>\n<td>529<\/td>\n<td>550<\/td>\n<td>570<\/td>\n<td>600<\/td>\n<td>632<\/td>\n<\/tr>\n<tr>\n<td>\n<div>G<\/div>\n<\/td>\n<td>FRONT ANGLE<\/td>\n<td>70\u00ba<\/td>\n<td>70,5\u00ba<\/td>\n<td>71\u00ba<\/td>\n<td>71\u00ba<\/td>\n<td>71\u00ba<\/td>\n<\/tr>\n<tr>\n<td>\n<div>H<\/div>\n<\/td>\n<td>REAR ANGLE<\/td>\n<td>74,5\u00ba<\/td>\n<td>74\u00ba<\/td>\n<td>73,5\u00ba<\/td>\n<td>73\u00ba<\/td>\n<td>73\u00ba<\/td>\n<\/tr>\n<\/tbody>\n<\/table>\n<\/div>\n","protected":false},"excerpt":{"rendered":"<h3>TEMPO LIVRE, TEMPO PARA GRAVEL<\/h3>\n<p>O gravel \u00e9 uma modalidade com infinitas possibilidades. A sua versatilidade permite-lhe desfrutar de curtas escapadelas, mas tamb\u00e9m de percursos longos e viagens de bikepacking. Pedalar na estrada, trilhos, florestas ou paisagens \u00e1ridas&#8230; seja qual for a rota, agora pode apreci\u00e1-la com a <strong>Megamo Jakar<\/strong>.<\/p>\n<p>Esta bicicleta foi projetada com um quadro de alum\u00ednio resistente para que possa pedalar em qualquer parte. Al\u00e9m disso, possui diferentes pontos de fixa\u00e7\u00e3o para adicionar os equipamentos e bolsas necess\u00e1rios que o acompanhar\u00e3o nas suas aventuras. Possui forqueta de carbono, trav\u00f5es de disco e suporta pneus at\u00e9 700&#215;45.<\/p>\n<h3>Caracter\u00edsticas Principais<\/h3>\n<ul>\n<li>Moldura espec\u00edfica para cascalho de alum\u00ednio.<\/li>\n<li>Garfo de carbono espec\u00edfico de cascalho.<\/li>\n<li>Shimano GRX 2&#215;10 velocidade de transmiss\u00e3o.<\/li>\n<li>Freios hidr\u00e1ulicos de disco Shimano GRX-400.<\/li>\n<\/ul>\n<div class=\"wpex-alert wpex-alert-warning wpex-alert-error\"><strong>Importante:<\/strong> para ver as cores deve primeiro selecionar o tamanho.<\/div>\n","protected":false},"featured_media":6128,"comment_status":"open","ping_status":"closed","template":"","meta":[],"product_brand":[],"product_cat":[29,21,310],"product_tag":[246,249,72,251,243,76,244,245,250],"class_list":{"0":"post-5981","1":"product","2":"type-product","3":"status-publish","4":"has-post-thumbnail","6":"product_cat-bicicletas","7":"product_cat-gravel-megamo","8":"product_cat-megamo","9":"product_tag-gravel","10":"product_tag-gravilha","11":"product_tag-megamo","12":"product_tag-passeios-longos","13":"product_tag-rival-axs-12s-42t","14":"product_tag-sram","15":"product_tag-sram-gx-eagle-axs-12s","16":"product_tag-team-vision","17":"product_tag-trilhos","18":"entry","19":"has-media","21":"first","22":"instock","23":"taxable","24":"shipping-taxable","25":"purchasable","26":"product-type-variable"},"_links":{"self":[{"href":"https:\/\/ridextravel.com\/ridemybike\/wp-json\/wp\/v2\/product\/5981","targetHints":{"allow":["GET"]}}],"collection":[{"href":"https:\/\/ridextravel.com\/ridemybike\/wp-json\/wp\/v2\/product"}],"about":[{"href":"https:\/\/ridextravel.com\/ridemybike\/wp-json\/wp\/v2\/types\/product"}],"replies":[{"embeddable":true,"href":"https:\/\/ridextravel.com\/ridemybike\/wp-json\/wp\/v2\/comments?post=5981"}],"wp:featuredmedia":[{"embeddable":true,"href":"https:\/\/ridextravel.com\/ridemybike\/wp-json\/wp\/v2\/media\/6128"}],"wp:attachment":[{"href":"https:\/\/ridextravel.com\/ridemybike\/wp-json\/wp\/v2\/media?parent=5981"}],"wp:term":[{"taxonomy":"product_brand","embeddable":true,"href":"https:\/\/ridextravel.com\/ridemybike\/wp-json\/wp\/v2\/product_brand?post=5981"},{"taxonomy":"product_cat","embeddable":true,"href":"https:\/\/ridextravel.com\/ridemybike\/wp-json\/wp\/v2\/product_cat?post=5981"},{"taxonomy":"product_tag","embeddable":true,"href":"https:\/\/ridextravel.com\/ridemybike\/wp-json\/wp\/v2\/product_tag?post=5981"}],"curies":[{"name":"wp","href":"https:\/\/api.w.org\/{rel}","templated":true}]}}