{"id":6499,"date":"2025-12-09T18:30:18","date_gmt":"2025-12-09T18:30:18","guid":{"rendered":"https:\/\/ridextravel.com\/ridemybike\/?post_type=product&#038;p=6499"},"modified":"2025-12-11T12:18:59","modified_gmt":"2025-12-11T12:18:59","slug":"teammachine-r-01-two","status":"publish","type":"product","link":"https:\/\/ridextravel.com\/ridemybike\/produto\/teammachine-r-01-two\/","title":{"rendered":"Teammachine R 01 TWO"},"content":{"rendered":"<p data-path-to-node=\"2,0\">Eleva cada corrida. Nascida da colabora\u00e7\u00e3o com a Red Bull Advanced Technologies, a Teammachine R 01 coloca o desempenho das corridas profissionais ao alcance de todos os ciclistas. Concebida com objetivos de alta rigidez, baixa resist\u00eancia aerodin\u00e2mica e t\u00e9cnicas de constru\u00e7\u00e3o leve, \u00e9 a bicicleta de estrada mais r\u00e1pida alguma vez fabricada pela BMC.<\/p>\n<p data-path-to-node=\"2,1\">Est\u00e1 equipada com o nosso <i>cockpit<\/i> aerodin\u00e2mico e de <i>stack<\/i> baixo ICS Aero, com o SHIMANO Dura-Ace Di2 \u2013 o grupo de maior qualidade dispon\u00edvel \u2013, um medidor de pot\u00eancia e as rodas DT Swiss ARC 1100 DiCut de 65 mm. Quer se trate de uma chegada ao topo ou de uma fuga a solo, esta bicicleta foi desenhada para ter o m\u00e1ximo desempenho.<\/p>\n","protected":false},"excerpt":{"rendered":"<p>Cada detalhe foi desenhado para converter a pot\u00eancia em vit\u00f3ria. Quadro Teammachine R 01 equipado com Shimano Dura-Ace Di2 e as rodas DT Swiss ARC 1100 de \u00faltima gera\u00e7\u00e3o.<\/p>\n<h3 data-path-to-node=\"7,0\">CARACTER\u00cdSTICAS PRINCIPAIS<\/h3>\n<ul data-path-to-node=\"7,1\">\n<li>\n<p data-path-to-node=\"7,1,0,0\">Grupo de transmiss\u00e3o eletr\u00f3nico <b>Shimano Dura-Ace Di2<\/b> (12 velocidades)<\/p>\n<\/li>\n<li>\n<p data-path-to-node=\"7,1,1,0\">Inclui <b>Medidor de Pot\u00eancia<\/b> (Shimano\/4iiii Precision Pro)<\/p>\n<\/li>\n<li>\n<p data-path-to-node=\"7,1,2,0\">Rodas de carbono aerodin\u00e2mico <b>DT Swiss ARC 1100<\/b> de 62mm<\/p>\n<\/li>\n<li>\n<p data-path-to-node=\"7,1,3,0\">Cockpit integrado de carbono (ICS Carbon Aero)<\/p>\n<\/li>\n<li>\n<p data-path-to-node=\"7,1,4,0\">Trav\u00f5es de disco hidr\u00e1ulicos Shimano Dura-Ace (160\/140mm)<\/p>\n<\/li>\n<\/ul>\n<div class=\"wpex-alert wpex-alert-warning wpex-alert-error\"><strong>Importante:<\/strong> deve primeiro selecionar as cores e o size.<\/div>\n","protected":false},"featured_media":6493,"comment_status":"open","ping_status":"closed","template":"","meta":[],"product_brand":[377],"product_cat":[29,369,394],"product_tag":[],"class_list":{"0":"post-6499","1":"product","2":"type-product","3":"status-publish","4":"has-post-thumbnail","6":"product_brand-bmc","7":"product_cat-bicicletas","8":"product_cat-bmc","9":"product_cat-estrada-bmc","10":"entry","11":"has-media","13":"first","14":"instock","15":"taxable","16":"shipping-taxable","17":"purchasable","18":"product-type-variable"},"_links":{"self":[{"href":"https:\/\/ridextravel.com\/ridemybike\/wp-json\/wp\/v2\/product\/6499","targetHints":{"allow":["GET"]}}],"collection":[{"href":"https:\/\/ridextravel.com\/ridemybike\/wp-json\/wp\/v2\/product"}],"about":[{"href":"https:\/\/ridextravel.com\/ridemybike\/wp-json\/wp\/v2\/types\/product"}],"replies":[{"embeddable":true,"href":"https:\/\/ridextravel.com\/ridemybike\/wp-json\/wp\/v2\/comments?post=6499"}],"wp:featuredmedia":[{"embeddable":true,"href":"https:\/\/ridextravel.com\/ridemybike\/wp-json\/wp\/v2\/media\/6493"}],"wp:attachment":[{"href":"https:\/\/ridextravel.com\/ridemybike\/wp-json\/wp\/v2\/media?parent=6499"}],"wp:term":[{"taxonomy":"product_brand","embeddable":true,"href":"https:\/\/ridextravel.com\/ridemybike\/wp-json\/wp\/v2\/product_brand?post=6499"},{"taxonomy":"product_cat","embeddable":true,"href":"https:\/\/ridextravel.com\/ridemybike\/wp-json\/wp\/v2\/product_cat?post=6499"},{"taxonomy":"product_tag","embeddable":true,"href":"https:\/\/ridextravel.com\/ridemybike\/wp-json\/wp\/v2\/product_tag?post=6499"}],"curies":[{"name":"wp","href":"https:\/\/api.w.org\/{rel}","templated":true}]}}