{"id":6517,"date":"2025-12-09T19:45:58","date_gmt":"2025-12-09T19:45:58","guid":{"rendered":"https:\/\/ridextravel.com\/ridemybike\/?post_type=product&#038;p=6517"},"modified":"2025-12-11T12:19:08","modified_gmt":"2025-12-11T12:19:08","slug":"teammachine-r-01-three","status":"publish","type":"product","link":"https:\/\/ridextravel.com\/ridemybike\/produto\/teammachine-r-01-three\/","title":{"rendered":"Teammachine R 01 THREE"},"content":{"rendered":"<p data-path-to-node=\"2,0\">Velocidade pura desencadeada. Desenvolvida pelo BMC Impec Lab e pela Red Bull Advanced Technologies, a Teammachine R 01 foi concebida para dominar qualquer cen\u00e1rio de corrida, seja uma subida alpina ou um <i>sprint<\/i>.<\/p>\n<p data-path-to-node=\"2,1\">Leve, otimizada aerodinamicamente e com uma rigidez de n\u00edvel profissional, oferece a m\u00e1xima transfer\u00eancia de pot\u00eancia e um manuseamento muito preciso. Com o <i>cockpit<\/i> ICS Aero, as rodas de carbono CR 50 SL de alto desempenho e o mais recente grupo SRAM Force AXS com medidor de pot\u00eancia, esta bicicleta redefine o desempenho moderno em competi\u00e7\u00e3o. Nascida da inova\u00e7\u00e3o da F\u00f3rmula 1, est\u00e1 constru\u00edda para a velocidade pura.<\/p>\n","protected":false},"excerpt":{"rendered":"<p>A Teammachine R 01 foi concebida para um \u00fanico prop\u00f3sito: velocidade pura. Vem equipada com o mais recente SRAM Force AXS, medidor de pot\u00eancia e rodas CR50 SL.<\/p>\n<h3 data-path-to-node=\"7,0\">CARACTER\u00cdSTICAS PRINCIPAIS<\/h3>\n<ul data-path-to-node=\"7,1\">\n<li>\n<p data-path-to-node=\"7,1,0,0\">Grupo de transmiss\u00e3o eletr\u00f3nico <b>SRAM Force eTap AXS<\/b> (Sem fios, 2&#215;12)<\/p>\n<\/li>\n<li>\n<p data-path-to-node=\"7,1,1,0\">Inclui <b>Medidor de Pot\u00eancia<\/b> integrado SRAM Force AXS<\/p>\n<\/li>\n<li>\n<p data-path-to-node=\"7,1,2,0\">Rodas de carbono <b>CRD-501 SL Carbon<\/b><\/p>\n<\/li>\n<li>\n<p data-path-to-node=\"7,1,3,0\">Cockpit integrado ICS Carbon Aero<\/p>\n<\/li>\n<li>\n<p data-path-to-node=\"7,1,4,0\">Combina rigidez extrema com efici\u00eancia aerodin\u00e2mica<\/p>\n<\/li>\n<\/ul>\n<div class=\"wpex-alert wpex-alert-warning wpex-alert-error\"><strong>Importante:<\/strong> deve primeiro selecionar as cores e o size.<\/div>\n","protected":false},"featured_media":6492,"comment_status":"open","ping_status":"closed","template":"","meta":[],"product_brand":[377],"product_cat":[29,369,394],"product_tag":[],"class_list":{"0":"post-6517","1":"product","2":"type-product","3":"status-publish","4":"has-post-thumbnail","6":"product_brand-bmc","7":"product_cat-bicicletas","8":"product_cat-bmc","9":"product_cat-estrada-bmc","10":"entry","11":"has-media","13":"first","14":"instock","15":"taxable","16":"shipping-taxable","17":"purchasable","18":"product-type-variable"},"_links":{"self":[{"href":"https:\/\/ridextravel.com\/ridemybike\/wp-json\/wp\/v2\/product\/6517","targetHints":{"allow":["GET"]}}],"collection":[{"href":"https:\/\/ridextravel.com\/ridemybike\/wp-json\/wp\/v2\/product"}],"about":[{"href":"https:\/\/ridextravel.com\/ridemybike\/wp-json\/wp\/v2\/types\/product"}],"replies":[{"embeddable":true,"href":"https:\/\/ridextravel.com\/ridemybike\/wp-json\/wp\/v2\/comments?post=6517"}],"wp:featuredmedia":[{"embeddable":true,"href":"https:\/\/ridextravel.com\/ridemybike\/wp-json\/wp\/v2\/media\/6492"}],"wp:attachment":[{"href":"https:\/\/ridextravel.com\/ridemybike\/wp-json\/wp\/v2\/media?parent=6517"}],"wp:term":[{"taxonomy":"product_brand","embeddable":true,"href":"https:\/\/ridextravel.com\/ridemybike\/wp-json\/wp\/v2\/product_brand?post=6517"},{"taxonomy":"product_cat","embeddable":true,"href":"https:\/\/ridextravel.com\/ridemybike\/wp-json\/wp\/v2\/product_cat?post=6517"},{"taxonomy":"product_tag","embeddable":true,"href":"https:\/\/ridextravel.com\/ridemybike\/wp-json\/wp\/v2\/product_tag?post=6517"}],"curies":[{"name":"wp","href":"https:\/\/api.w.org\/{rel}","templated":true}]}}