{"id":6523,"date":"2025-12-09T19:52:59","date_gmt":"2025-12-09T19:52:59","guid":{"rendered":"https:\/\/ridextravel.com\/ridemybike\/?post_type=product&#038;p=6523"},"modified":"2025-12-11T12:19:16","modified_gmt":"2025-12-11T12:19:16","slug":"teammachine-r-01-four","status":"publish","type":"product","link":"https:\/\/ridextravel.com\/ridemybike\/produto\/teammachine-r-01-four\/","title":{"rendered":"Teammachine R 01 FOUR"},"content":{"rendered":"<p data-path-to-node=\"2,0\">Corridas redefinidas: A bicicleta de corrida definitiva. Desde as cl\u00e1ssicas de cal\u00e7ada e as provas de um dia at\u00e9 \u00e0s corridas por etapas e aos <i>criteriums<\/i>, a Teammachine R 01 FOUR foi concebida para vencer em todas.<\/p>\n<p data-path-to-node=\"2,1\">Desenvolvida em colabora\u00e7\u00e3o com a Red Bull Advanced Technologies, o nosso Impec Lab aperfei\u00e7oou meticulosamente a Teammachine R 01 para ir al\u00e9m dos limites de uma bicicleta de corrida t\u00edpica. Leve para conquistar as subidas mais \u00edngremes, otimizada aerodinamicamente para cortar o vento e com uma rigidez de n\u00edvel profissional, garante uma transfer\u00eancia de pot\u00eancia excecional para um desempenho inigual\u00e1vel na estrada.<\/p>\n<p data-path-to-node=\"2,2\">Equipada com um grupo Shimano Ultegra Di2 perfeitamente ajustado, um preciso medidor de pot\u00eancia 4iiii, o impec\u00e1vel quadro de uma pe\u00e7a ICS Aero Carbon e as ultrarr\u00e1pidas rodas CR 50 SL, a Teammachine R 01 FOUR oferece uma experi\u00eancia de competi\u00e7\u00e3o sem igual. Redefina a velocidade e eleve o seu ciclismo para uma nova dimens\u00e3o.<\/p>\n","protected":false},"excerpt":{"rendered":"<p>Concebida para o m\u00e1ximo desempenho, a Teammachine R 01 \u00e9 modelada pelo vento e fabricada com precis\u00e3o su\u00ed\u00e7a. Aerodin\u00e2mica, leve e concebida para a velocidade, \u00e9 a bicicleta de corrida definitiva para superar os seus limites e alcan\u00e7ar o seu m\u00e1ximo rendimento.<\/p>\n<h3 data-path-to-node=\"9,0\">CARACTER\u00cdSTICAS PRINCIPAIS<\/h3>\n<ul data-path-to-node=\"9,1\">\n<li>\n<p data-path-to-node=\"9,1,0,0\">Grupo de transmiss\u00e3o eletr\u00f3nico <b>Shimano Ultegra Di2<\/b> (2&#215;12)<\/p>\n<\/li>\n<li>\n<p data-path-to-node=\"9,1,1,0\">Geralmente inclui <b>Medidor de Pot\u00eancia<\/b> (4iiii Precision Pro ou similar)<\/p>\n<\/li>\n<li>\n<p data-path-to-node=\"9,1,2,0\">Rodas de carbono aerodin\u00e2mico <b>CR 50 SL Carbon<\/b><\/p>\n<\/li>\n<li>\n<p data-path-to-node=\"9,1,3,0\">Cockpit integrado ICS Carbon Aero<\/p>\n<\/li>\n<li>\n<p data-path-to-node=\"9,1,4,0\">Equil\u00edbrio perfeito entre baixo peso e vantagens aerodin\u00e2micas<\/p>\n<\/li>\n<\/ul>\n<div class=\"wpex-alert wpex-alert-warning wpex-alert-error\"><strong>Importante:<\/strong> deve primeiro selecionar as cores e o size.<\/div>\n","protected":false},"featured_media":6494,"comment_status":"open","ping_status":"closed","template":"","meta":[],"product_brand":[377],"product_cat":[29,369,394],"product_tag":[],"class_list":{"0":"post-6523","1":"product","2":"type-product","3":"status-publish","4":"has-post-thumbnail","6":"product_brand-bmc","7":"product_cat-bicicletas","8":"product_cat-bmc","9":"product_cat-estrada-bmc","10":"entry","11":"has-media","13":"first","14":"instock","15":"taxable","16":"shipping-taxable","17":"purchasable","18":"product-type-variable"},"_links":{"self":[{"href":"https:\/\/ridextravel.com\/ridemybike\/wp-json\/wp\/v2\/product\/6523","targetHints":{"allow":["GET"]}}],"collection":[{"href":"https:\/\/ridextravel.com\/ridemybike\/wp-json\/wp\/v2\/product"}],"about":[{"href":"https:\/\/ridextravel.com\/ridemybike\/wp-json\/wp\/v2\/types\/product"}],"replies":[{"embeddable":true,"href":"https:\/\/ridextravel.com\/ridemybike\/wp-json\/wp\/v2\/comments?post=6523"}],"wp:featuredmedia":[{"embeddable":true,"href":"https:\/\/ridextravel.com\/ridemybike\/wp-json\/wp\/v2\/media\/6494"}],"wp:attachment":[{"href":"https:\/\/ridextravel.com\/ridemybike\/wp-json\/wp\/v2\/media?parent=6523"}],"wp:term":[{"taxonomy":"product_brand","embeddable":true,"href":"https:\/\/ridextravel.com\/ridemybike\/wp-json\/wp\/v2\/product_brand?post=6523"},{"taxonomy":"product_cat","embeddable":true,"href":"https:\/\/ridextravel.com\/ridemybike\/wp-json\/wp\/v2\/product_cat?post=6523"},{"taxonomy":"product_tag","embeddable":true,"href":"https:\/\/ridextravel.com\/ridemybike\/wp-json\/wp\/v2\/product_tag?post=6523"}],"curies":[{"name":"wp","href":"https:\/\/api.w.org\/{rel}","templated":true}]}}