{"id":6538,"date":"2025-12-09T20:18:03","date_gmt":"2025-12-09T20:18:03","guid":{"rendered":"https:\/\/ridextravel.com\/ridemybike\/?post_type=product&#038;p=6538"},"modified":"2025-12-11T12:19:29","modified_gmt":"2025-12-11T12:19:29","slug":"teammachine-r-01-five","status":"publish","type":"product","link":"https:\/\/ridextravel.com\/ridemybike\/produto\/teammachine-r-01-five\/","title":{"rendered":"Teammachine R 01 FIVE"},"content":{"rendered":"<p data-path-to-node=\"2,0\">Desempenho sem limites. Cada pedalada conta. Desenhada em colabora\u00e7\u00e3o com a Red Bull Advanced Technologies, a bicicleta de estrada em carbono Teammachine R 01 FIVE estabelece uma nova refer\u00eancia no que diz respeito \u00e0 excel\u00eancia em competi\u00e7\u00e3o.<\/p>\n<p data-path-to-node=\"2,1\">Concebida para ter o m\u00e1ximo desempenho nas condi\u00e7\u00f5es mais exigentes, esta bicicleta de corrida vem equipada com uma transmiss\u00e3o Shimano 105 Di2, um conjunto de rodas de carbono CR 50 otimizado para a aerodin\u00e2mica e o inovador <i>cockpit<\/i> de uma s\u00f3 pe\u00e7a ICS Aero da BMC. Sinta a velocidade e a precis\u00e3o inigual\u00e1veis em cada dia de corrida da sua \u00e9poca.<\/p>\n","protected":false},"excerpt":{"rendered":"<p>Quando cada pedalada conta, cada detalhe \u00e9 importante. Esta bicicleta de estrada foi concebida para vencer, para alcan\u00e7ar o topo do p\u00f3dio.<\/p>\n<h3 data-path-to-node=\"9,0\">CARACTER\u00cdSTICAS PRINCIPAIS<\/h3>\n<ul data-path-to-node=\"9,1\">\n<li>\n<p data-path-to-node=\"9,1,0,0\">Grupo de transmiss\u00e3o eletr\u00f3nico <b>Shimano 105 Di2<\/b> (2&#215;12)<\/p>\n<\/li>\n<li>\n<p data-path-to-node=\"9,1,1,0\">Transmiss\u00e3o precisa e r\u00e1pida a um pre\u00e7o competitivo<\/p>\n<\/li>\n<li>\n<p data-path-to-node=\"9,1,2,0\">Rodas de carbono <b>CR 50 Carbon<\/b><\/p>\n<\/li>\n<li>\n<p data-path-to-node=\"9,1,3,0\">Cockpit integrado ICS Carbon Aero<\/p>\n<\/li>\n<li>\n<p data-path-to-node=\"9,1,4,0\">Acesso \u00e0 tecnologia <i>aero<\/i> e leveza da Teammachine R 01<\/p>\n<\/li>\n<\/ul>\n<div class=\"wpex-alert wpex-alert-warning wpex-alert-error\"><strong>Importante:<\/strong> deve primeiro selecionar as cores e o size.<\/div>\n","protected":false},"featured_media":6491,"comment_status":"open","ping_status":"closed","template":"","meta":[],"product_brand":[377],"product_cat":[29,369,394],"product_tag":[],"class_list":{"0":"post-6538","1":"product","2":"type-product","3":"status-publish","4":"has-post-thumbnail","6":"product_brand-bmc","7":"product_cat-bicicletas","8":"product_cat-bmc","9":"product_cat-estrada-bmc","10":"entry","11":"has-media","13":"first","14":"instock","15":"taxable","16":"shipping-taxable","17":"purchasable","18":"product-type-variable"},"_links":{"self":[{"href":"https:\/\/ridextravel.com\/ridemybike\/wp-json\/wp\/v2\/product\/6538","targetHints":{"allow":["GET"]}}],"collection":[{"href":"https:\/\/ridextravel.com\/ridemybike\/wp-json\/wp\/v2\/product"}],"about":[{"href":"https:\/\/ridextravel.com\/ridemybike\/wp-json\/wp\/v2\/types\/product"}],"replies":[{"embeddable":true,"href":"https:\/\/ridextravel.com\/ridemybike\/wp-json\/wp\/v2\/comments?post=6538"}],"wp:featuredmedia":[{"embeddable":true,"href":"https:\/\/ridextravel.com\/ridemybike\/wp-json\/wp\/v2\/media\/6491"}],"wp:attachment":[{"href":"https:\/\/ridextravel.com\/ridemybike\/wp-json\/wp\/v2\/media?parent=6538"}],"wp:term":[{"taxonomy":"product_brand","embeddable":true,"href":"https:\/\/ridextravel.com\/ridemybike\/wp-json\/wp\/v2\/product_brand?post=6538"},{"taxonomy":"product_cat","embeddable":true,"href":"https:\/\/ridextravel.com\/ridemybike\/wp-json\/wp\/v2\/product_cat?post=6538"},{"taxonomy":"product_tag","embeddable":true,"href":"https:\/\/ridextravel.com\/ridemybike\/wp-json\/wp\/v2\/product_tag?post=6538"}],"curies":[{"name":"wp","href":"https:\/\/api.w.org\/{rel}","templated":true}]}}