{"id":6548,"date":"2025-12-09T20:46:04","date_gmt":"2025-12-09T20:46:04","guid":{"rendered":"https:\/\/ridextravel.com\/ridemybike\/?post_type=product&#038;p=6548"},"modified":"2025-12-11T12:20:08","modified_gmt":"2025-12-11T12:20:08","slug":"teammachine-slr-01-one","status":"publish","type":"product","link":"https:\/\/ridextravel.com\/ridemybike\/produto\/teammachine-slr-01-one\/","title":{"rendered":"Teammachine SLR 01 ONE"},"content":{"rendered":"<p data-path-to-node=\"3,0\">A Teammachine SLR 01 \u00e9 uma verdadeira BMC por defini\u00e7\u00e3o. Com a sua elevada rigidez e o carbono mais leve &#8220;01&#8221;, as montanhas encontraram a sua rival. Quer mais velocidade? Cri\u00e1mos uma bicicleta com uma aerodin\u00e2mica superior que a torna quase t\u00e3o r\u00e1pida como uma Teammachine R 01.<\/p>\n<p data-path-to-node=\"3,1\">Tudo isto sem compromissos: os nossos engenheiros do Impec Lab asseguraram-se de que ter\u00edamos uma experi\u00eancia de condu\u00e7\u00e3o BMC completa, incluindo a conformidade com o TCC Race, um manuseamento \u00e1gil e uma geometria de bicicleta adapt\u00e1vel \u00e0s suas necessidades. Em torno desta pe\u00e7a tecnol\u00f3gica, especific\u00e1mos um grupo SRAM Red AXS, um <i>cockpit<\/i> de uma s\u00f3 pe\u00e7a ICS Carbon Evo e rodas DT Swiss ARC 1100 de 38 mm. De que \u00e9 que est\u00e1 \u00e0 espera? As montanhas est\u00e3o \u00e0 sua espera!<\/p>\n","protected":false},"excerpt":{"rendered":"<p>Redefina a gravidade. A bicicleta de estrada mais leve da nossa gama. Tecnologia 01 de carbono, grupo SRAM Red AXS, medidor de pot\u00eancia, <i>cockpit<\/i> ICS Carbon Evo e rodas DT Swiss ARC 1100.<\/p>\n<h3 data-path-to-node=\"10,0\">CARACTER\u00cdSTICAS PRINCIPAIS<\/h3>\n<ul data-path-to-node=\"10,1\">\n<li>\n<p data-path-to-node=\"10,1,0,0\">A bicicleta de estrada mais <b>leve<\/b> da BMC (Quadro SLR 01)<\/p>\n<\/li>\n<li>\n<p data-path-to-node=\"10,1,1,0\">Grupo de m\u00e1xima gama <b>SRAM RED eTap AXS<\/b> (Sem fios)<\/p>\n<\/li>\n<li>\n<p data-path-to-node=\"10,1,2,0\">Inclui <b>Medidor de Pot\u00eancia<\/b> integrado SRAM RED AXS<\/p>\n<\/li>\n<li>\n<p data-path-to-node=\"10,1,3,0\">Cockpit integrado super leve <b>ICS Carbon Evo<\/b><\/p>\n<\/li>\n<li>\n<p data-path-to-node=\"10,1,4,0\">Rodas de carbono <b>DT Swiss ARC 1100<\/b> (Geralmente perfil m\u00e9dio\/baixo)<\/p>\n<\/li>\n<\/ul>\n<div class=\"wpex-alert wpex-alert-warning wpex-alert-error\"><strong>Importante:<\/strong> deve primeiro selecionar as cores e o size.<\/div>\n","protected":false},"featured_media":6555,"comment_status":"open","ping_status":"closed","template":"","meta":[],"product_brand":[377],"product_cat":[29,369,394],"product_tag":[],"class_list":{"0":"post-6548","1":"product","2":"type-product","3":"status-publish","4":"has-post-thumbnail","6":"product_brand-bmc","7":"product_cat-bicicletas","8":"product_cat-bmc","9":"product_cat-estrada-bmc","10":"entry","11":"has-media","13":"first","14":"instock","15":"taxable","16":"shipping-taxable","17":"purchasable","18":"product-type-variable"},"_links":{"self":[{"href":"https:\/\/ridextravel.com\/ridemybike\/wp-json\/wp\/v2\/product\/6548","targetHints":{"allow":["GET"]}}],"collection":[{"href":"https:\/\/ridextravel.com\/ridemybike\/wp-json\/wp\/v2\/product"}],"about":[{"href":"https:\/\/ridextravel.com\/ridemybike\/wp-json\/wp\/v2\/types\/product"}],"replies":[{"embeddable":true,"href":"https:\/\/ridextravel.com\/ridemybike\/wp-json\/wp\/v2\/comments?post=6548"}],"wp:featuredmedia":[{"embeddable":true,"href":"https:\/\/ridextravel.com\/ridemybike\/wp-json\/wp\/v2\/media\/6555"}],"wp:attachment":[{"href":"https:\/\/ridextravel.com\/ridemybike\/wp-json\/wp\/v2\/media?parent=6548"}],"wp:term":[{"taxonomy":"product_brand","embeddable":true,"href":"https:\/\/ridextravel.com\/ridemybike\/wp-json\/wp\/v2\/product_brand?post=6548"},{"taxonomy":"product_cat","embeddable":true,"href":"https:\/\/ridextravel.com\/ridemybike\/wp-json\/wp\/v2\/product_cat?post=6548"},{"taxonomy":"product_tag","embeddable":true,"href":"https:\/\/ridextravel.com\/ridemybike\/wp-json\/wp\/v2\/product_tag?post=6548"}],"curies":[{"name":"wp","href":"https:\/\/api.w.org\/{rel}","templated":true}]}}