{"id":6569,"date":"2025-12-09T20:57:01","date_gmt":"2025-12-09T20:57:01","guid":{"rendered":"https:\/\/ridextravel.com\/ridemybike\/?post_type=product&#038;p=6569"},"modified":"2025-12-11T12:20:31","modified_gmt":"2025-12-11T12:20:31","slug":"teammachine-slr-01-three-2","status":"publish","type":"product","link":"https:\/\/ridextravel.com\/ridemybike\/produto\/teammachine-slr-01-three-2\/","title":{"rendered":"Teammachine SLR 01 THREE"},"content":{"rendered":"<p data-path-to-node=\"2,0\">Redefina a gravidade com a nova Teammachine SLR 01. Com um laminado de carbono 01, o quadro mais leve da BMC oferece-lhe uma alta rigidez para transformar cada watt em velocidade. Quer mais velocidade? Cri\u00e1mos uma bicicleta com uma aerodin\u00e2mica superior que a torna quase t\u00e3o r\u00e1pida como uma Teammachine R 01.<\/p>\n<p data-path-to-node=\"2,1\">Tudo isto sem compromissos: os nossos engenheiros do Impec Lab asseguraram-se de que ter\u00edamos uma experi\u00eancia de condu\u00e7\u00e3o BMC completa, incluindo a conformidade com o TCC Race, um manuseamento \u00e1gil e uma geometria de bicicleta adapt\u00e1vel \u00e0s suas necessidades. Est\u00e1 equipada com o mais recente grupo SRAM Force AXS, medidor de pot\u00eancia, o nosso <i>cockpit<\/i> de uma s\u00f3 pe\u00e7a ICS Carbon Evo e um conjunto de rodas <i>premium<\/i> CR 40 SL. As montanhas esperam por si!<\/p>\n","protected":false},"excerpt":{"rendered":"<p>Suba! Leve, r\u00edgida e r\u00e1pida: quadro de carbono 01, grupo SRAM Force AXS, medidor de pot\u00eancia, <i>cockpit<\/i> ICS EVO e rodas de carbono CR 40 SL.<\/p>\n<h3 data-path-to-node=\"9,0\">CARACTER\u00cdSTICAS PRINCIPAIS<\/h3>\n<ul data-path-to-node=\"9,1\">\n<li>\n<p data-path-to-node=\"9,1,0,0\">Quadro <b>SLR 01 Premium Carbon<\/b> (leveza m\u00e1xima para escalada)<\/p>\n<\/li>\n<li>\n<p data-path-to-node=\"9,1,1,0\">Grupo eletr\u00f3nico <b>SRAM Force eTap AXS<\/b> (Sem fios, 2&#215;12)<\/p>\n<\/li>\n<li>\n<p data-path-to-node=\"9,1,2,0\">Inclui <b>Medidor de Pot\u00eancia<\/b> integrado SRAM Force AXS<\/p>\n<\/li>\n<li>\n<p data-path-to-node=\"9,1,3,0\">Cockpit integrado <b>ICS Carbon Evo<\/b> ou <b>ICS2<\/b><\/p>\n<\/li>\n<li>\n<p data-path-to-node=\"9,1,4,0\">Rodas de carbono <b>CR 40 SL Carbon<\/b> de perfil de escalada<\/p>\n<\/li>\n<\/ul>\n<div class=\"wpex-alert wpex-alert-warning wpex-alert-error\"><strong>Importante:<\/strong> deve primeiro selecionar as cores e o size.<\/div>\n","protected":false},"featured_media":6576,"comment_status":"open","ping_status":"closed","template":"","meta":[],"product_brand":[377],"product_cat":[29,369,394],"product_tag":[],"class_list":{"0":"post-6569","1":"product","2":"type-product","3":"status-publish","4":"has-post-thumbnail","6":"product_brand-bmc","7":"product_cat-bicicletas","8":"product_cat-bmc","9":"product_cat-estrada-bmc","10":"entry","11":"has-media","13":"first","14":"instock","15":"taxable","16":"shipping-taxable","17":"purchasable","18":"product-type-variable"},"_links":{"self":[{"href":"https:\/\/ridextravel.com\/ridemybike\/wp-json\/wp\/v2\/product\/6569","targetHints":{"allow":["GET"]}}],"collection":[{"href":"https:\/\/ridextravel.com\/ridemybike\/wp-json\/wp\/v2\/product"}],"about":[{"href":"https:\/\/ridextravel.com\/ridemybike\/wp-json\/wp\/v2\/types\/product"}],"replies":[{"embeddable":true,"href":"https:\/\/ridextravel.com\/ridemybike\/wp-json\/wp\/v2\/comments?post=6569"}],"wp:featuredmedia":[{"embeddable":true,"href":"https:\/\/ridextravel.com\/ridemybike\/wp-json\/wp\/v2\/media\/6576"}],"wp:attachment":[{"href":"https:\/\/ridextravel.com\/ridemybike\/wp-json\/wp\/v2\/media?parent=6569"}],"wp:term":[{"taxonomy":"product_brand","embeddable":true,"href":"https:\/\/ridextravel.com\/ridemybike\/wp-json\/wp\/v2\/product_brand?post=6569"},{"taxonomy":"product_cat","embeddable":true,"href":"https:\/\/ridextravel.com\/ridemybike\/wp-json\/wp\/v2\/product_cat?post=6569"},{"taxonomy":"product_tag","embeddable":true,"href":"https:\/\/ridextravel.com\/ridemybike\/wp-json\/wp\/v2\/product_tag?post=6569"}],"curies":[{"name":"wp","href":"https:\/\/api.w.org\/{rel}","templated":true}]}}