{"id":6595,"date":"2025-12-09T21:34:09","date_gmt":"2025-12-09T21:34:09","guid":{"rendered":"https:\/\/ridextravel.com\/ridemybike\/?post_type=product&#038;p=6595"},"modified":"2025-12-11T12:20:52","modified_gmt":"2025-12-11T12:20:52","slug":"teammachine-slr-one","status":"publish","type":"product","link":"https:\/\/ridextravel.com\/ridemybike\/produto\/teammachine-slr-one\/","title":{"rendered":"Teammachine SLR ONE"},"content":{"rendered":"<p data-path-to-node=\"2,0\">Concebida para ter o m\u00e1ximo desempenho, apresentamos a Teammachine SLR. O resultado de mais de uma d\u00e9cada de desenvolvimento incessante, \u00e9 fabricada em carbono leve de primeira qualidade com tecnologia TCC Race e um espig\u00e3o de selim de carbono D-Shape, e oferece a lend\u00e1ria sensa\u00e7\u00e3o de condu\u00e7\u00e3o da BMC: r\u00e1pida, responsiva e confort\u00e1vel.<\/p>\n<p data-path-to-node=\"2,1\">Impulsionada pela mais recente transmiss\u00e3o SRAM Force AXS, equipada com um medidor de pot\u00eancia, melhorada com o nosso <i>cockpit<\/i> de alta gama ICS Carbon Evo de uma s\u00f3 pe\u00e7a e equipada com rodas de carbono, foi desenhada para ciclistas que exigem a m\u00e1xima precis\u00e3o. Esta bicicleta define o padr\u00e3o do ciclismo de estrada moderno.<\/p>\n","protected":false},"excerpt":{"rendered":"<p>L\u00edder do pelot\u00e3o gra\u00e7as a uma configura\u00e7\u00e3o preparada para a competi\u00e7\u00e3o. A nova transmiss\u00e3o SRAM Force AXS, o <i>cockpit<\/i> integrado de uma s\u00f3 pe\u00e7a e as rodas de carbono garantem-lhe a lideran\u00e7a.<\/p>\n<h3 data-path-to-node=\"9,0\">CARACTER\u00cdSTICAS PRINCIPAIS<\/h3>\n<ul data-path-to-node=\"9,1\">\n<li>\n<p data-path-to-node=\"9,1,0,0\">Quadro <b>SLR Carbon<\/b> (leveza e rigidez de escalada)<\/p>\n<\/li>\n<li>\n<p data-path-to-node=\"9,1,1,0\">Grupo eletr\u00f3nico <b>SRAM Force eTap AXS<\/b> (Sem fios, 2&#215;12)<\/p>\n<\/li>\n<li>\n<p data-path-to-node=\"9,1,2,0\">Inclui <b>Medidor de Pot\u00eancia<\/b> (Geralmente <i>single-sided<\/i>)<\/p>\n<\/li>\n<li>\n<p data-path-to-node=\"9,1,3,0\">Cockpit integrado <b>ICS Carbon Evo<\/b> (m\u00e1xima integra\u00e7\u00e3o e leveza)<\/p>\n<\/li>\n<li>\n<p data-path-to-node=\"9,1,4,0\">Rodas de carbono <b>CRD-351<\/b> ou <b>CR 40 SL Carbon<\/b> de perfil m\u00e9dio<\/p>\n<\/li>\n<\/ul>\n<div class=\"wpex-alert wpex-alert-warning wpex-alert-error\"><strong>Importante:<\/strong> deve primeiro selecionar as cores e o size.<\/div>\n","protected":false},"featured_media":6592,"comment_status":"open","ping_status":"closed","template":"","meta":[],"product_brand":[377],"product_cat":[29,369,394],"product_tag":[],"class_list":{"0":"post-6595","1":"product","2":"type-product","3":"status-publish","4":"has-post-thumbnail","6":"product_brand-bmc","7":"product_cat-bicicletas","8":"product_cat-bmc","9":"product_cat-estrada-bmc","10":"entry","11":"has-media","13":"first","14":"instock","15":"taxable","16":"shipping-taxable","17":"purchasable","18":"product-type-variable"},"_links":{"self":[{"href":"https:\/\/ridextravel.com\/ridemybike\/wp-json\/wp\/v2\/product\/6595","targetHints":{"allow":["GET"]}}],"collection":[{"href":"https:\/\/ridextravel.com\/ridemybike\/wp-json\/wp\/v2\/product"}],"about":[{"href":"https:\/\/ridextravel.com\/ridemybike\/wp-json\/wp\/v2\/types\/product"}],"replies":[{"embeddable":true,"href":"https:\/\/ridextravel.com\/ridemybike\/wp-json\/wp\/v2\/comments?post=6595"}],"wp:featuredmedia":[{"embeddable":true,"href":"https:\/\/ridextravel.com\/ridemybike\/wp-json\/wp\/v2\/media\/6592"}],"wp:attachment":[{"href":"https:\/\/ridextravel.com\/ridemybike\/wp-json\/wp\/v2\/media?parent=6595"}],"wp:term":[{"taxonomy":"product_brand","embeddable":true,"href":"https:\/\/ridextravel.com\/ridemybike\/wp-json\/wp\/v2\/product_brand?post=6595"},{"taxonomy":"product_cat","embeddable":true,"href":"https:\/\/ridextravel.com\/ridemybike\/wp-json\/wp\/v2\/product_cat?post=6595"},{"taxonomy":"product_tag","embeddable":true,"href":"https:\/\/ridextravel.com\/ridemybike\/wp-json\/wp\/v2\/product_tag?post=6595"}],"curies":[{"name":"wp","href":"https:\/\/api.w.org\/{rel}","templated":true}]}}