{"id":6614,"date":"2025-12-09T22:02:01","date_gmt":"2025-12-09T22:02:01","guid":{"rendered":"https:\/\/ridextravel.com\/ridemybike\/?post_type=product&#038;p=6614"},"modified":"2025-12-11T12:21:24","modified_gmt":"2025-12-11T12:21:24","slug":"teammachine-slr-three","status":"publish","type":"product","link":"https:\/\/ridextravel.com\/ridemybike\/produto\/teammachine-slr-three\/","title":{"rendered":"Teammachine SLR THREE"},"content":{"rendered":"<p data-path-to-node=\"2,0\">Reforce o seu jogo de corridas com a Teammachine SLR. Descubra o ponto de refer\u00eancia da inova\u00e7\u00e3o ciclista com uma bicicleta de estrada que define o desempenho da era moderna. Fabricada em carbono <i>premium<\/i> leve, a tecnologia TCC Race e o espig\u00e3o de selim de carbono tipo &#8220;D&#8221; oferecem-lhe a sensa\u00e7\u00e3o de condu\u00e7\u00e3o carater\u00edstica da BMC.<\/p>\n<p data-path-to-node=\"2,1\">Esta bicicleta de corrida oferece um manuseamento preciso, conforto duradouro e, claro, velocidade, e aproveita tudo o que aprendemos em mais de uma d\u00e9cada de desenvolvimento incessante. Com carater\u00edsticas como o design do porta-bid\u00e3o Aerocore, a integra\u00e7\u00e3o do cabo ICS e os <i>dropouts<\/i> (ponteiras) Stealth, cada detalhe \u00e9 otimizado para oferecer o m\u00e1ximo desempenho.<\/p>\n","protected":false},"excerpt":{"rendered":"<p>Reimagine o desempenho em estrada com a velocidade, manobrabilidade e efici\u00eancia da BMC Teammachine SLR. Com cablagem integrada ICS e o novo grupo Shimano 105 Di2.<\/p>\n<h3 data-path-to-node=\"9,0\">CARACTER\u00cdSTICAS PRINCIPAIS<\/h3>\n<ul data-path-to-node=\"9,1\">\n<li>\n<p data-path-to-node=\"9,1,0,0\">Quadro <b>SLR Carbon<\/b> (leve, r\u00edgido e confort\u00e1vel)<\/p>\n<\/li>\n<li>\n<p data-path-to-node=\"9,1,1,0\">Grupo eletr\u00f3nico <b>Shimano 105 Di2<\/b> (2&#215;12)<\/p>\n<\/li>\n<li>\n<p data-path-to-node=\"9,1,2,0\">Cablagem totalmente integrada (ICS2 Cockpit)<\/p>\n<\/li>\n<li>\n<p data-path-to-node=\"9,1,3,0\">Tecnologia Tuned Compliance Concept (TCC Race)<\/p>\n<\/li>\n<li>\n<p data-path-to-node=\"9,1,4,0\">Rodas de carbono <b>CRD-321 Carbon<\/b><\/p>\n<\/li>\n<\/ul>\n<div class=\"wpex-alert wpex-alert-warning wpex-alert-error\"><strong>Importante:<\/strong> deve primeiro selecionar as cores e o size.<\/div>\n","protected":false},"featured_media":6621,"comment_status":"open","ping_status":"closed","template":"","meta":[],"product_brand":[377],"product_cat":[29,369,394],"product_tag":[],"class_list":{"0":"post-6614","1":"product","2":"type-product","3":"status-publish","4":"has-post-thumbnail","6":"product_brand-bmc","7":"product_cat-bicicletas","8":"product_cat-bmc","9":"product_cat-estrada-bmc","10":"entry","11":"has-media","13":"first","14":"instock","15":"taxable","16":"shipping-taxable","17":"purchasable","18":"product-type-variable"},"_links":{"self":[{"href":"https:\/\/ridextravel.com\/ridemybike\/wp-json\/wp\/v2\/product\/6614","targetHints":{"allow":["GET"]}}],"collection":[{"href":"https:\/\/ridextravel.com\/ridemybike\/wp-json\/wp\/v2\/product"}],"about":[{"href":"https:\/\/ridextravel.com\/ridemybike\/wp-json\/wp\/v2\/types\/product"}],"replies":[{"embeddable":true,"href":"https:\/\/ridextravel.com\/ridemybike\/wp-json\/wp\/v2\/comments?post=6614"}],"wp:featuredmedia":[{"embeddable":true,"href":"https:\/\/ridextravel.com\/ridemybike\/wp-json\/wp\/v2\/media\/6621"}],"wp:attachment":[{"href":"https:\/\/ridextravel.com\/ridemybike\/wp-json\/wp\/v2\/media?parent=6614"}],"wp:term":[{"taxonomy":"product_brand","embeddable":true,"href":"https:\/\/ridextravel.com\/ridemybike\/wp-json\/wp\/v2\/product_brand?post=6614"},{"taxonomy":"product_cat","embeddable":true,"href":"https:\/\/ridextravel.com\/ridemybike\/wp-json\/wp\/v2\/product_cat?post=6614"},{"taxonomy":"product_tag","embeddable":true,"href":"https:\/\/ridextravel.com\/ridemybike\/wp-json\/wp\/v2\/product_tag?post=6614"}],"curies":[{"name":"wp","href":"https:\/\/api.w.org\/{rel}","templated":true}]}}