{"id":6636,"date":"2025-12-10T11:50:43","date_gmt":"2025-12-10T11:50:43","guid":{"rendered":"https:\/\/ridextravel.com\/ridemybike\/?post_type=product&#038;p=6636"},"modified":"2025-12-11T12:28:52","modified_gmt":"2025-12-11T12:28:52","slug":"teammachine-r-01-frameset","status":"publish","type":"product","link":"https:\/\/ridextravel.com\/ridemybike\/produto\/teammachine-r-01-frameset\/","title":{"rendered":"Teammachine R 01 Frameset"},"content":{"rendered":"<p>Nascida para a gl\u00f3ria, forjada para a vit\u00f3ria. Desde os altos picos dos Alpes Su\u00ed\u00e7os at\u00e9 ao lend\u00e1rio pav\u00e9 das cl\u00e1ssicas da primavera, este quadro Teammachine R 01 forma a base de uma aut\u00eantica m\u00e1quina de corridas que \u00e9 sin\u00f3nimo de resist\u00eancia e precis\u00e3o.<\/p>\n<p>Fabricada em colabora\u00e7\u00e3o com a Red Bull Advanced Technologies, \u00e9 muito mais do que um quadro de bicicleta de corrida: \u00e9 uma revolu\u00e7\u00e3o. A bicicleta de corrida que resulta dele foi concebida para conquistar a estrada e dominar o pelot\u00e3o.<\/p>\n","protected":false},"excerpt":{"rendered":"<p>Dos sonhos \u00e0s corridas: construa a sua bicicleta de estrada de carbono e alcance os seus objetivos de competi\u00e7\u00e3o com precis\u00e3o e velocidade, tanto nas montanhas como nas plan\u00edcies.<\/p>\n<h3 data-path-to-node=\"9,0\">CARACTER\u00cdSTICAS PRINCIPAIS<\/h3>\n<ul data-path-to-node=\"9,1\">\n<li>\n<p data-path-to-node=\"9,1,0,0\">Quadro <b>SLR Carbon<\/b> (leve e confort\u00e1vel)<\/p>\n<\/li>\n<li>\n<p data-path-to-node=\"9,1,1,0\">Grupo mec\u00e2nico <b>Shimano 105<\/b> (2&#215;11)<\/p>\n<\/li>\n<li>\n<p data-path-to-node=\"9,1,2,0\">Cablagem totalmente integrada (ICS Cockpit)<\/p>\n<\/li>\n<li>\n<p data-path-to-node=\"9,1,3,0\">Tecnologia Tuned Compliance Concept (TCC Race)<\/p>\n<\/li>\n<li>\n<p data-path-to-node=\"9,1,4,0\">Rodas Shimano\/Mavic de alum\u00ednio<\/p>\n<\/li>\n<\/ul>\n<div class=\"wpex-alert wpex-alert-warning wpex-alert-error\"><strong>Importante:<\/strong> deve primeiro selecionar as cores e o size.<\/div>\n","protected":false},"featured_media":6637,"comment_status":"open","ping_status":"closed","template":"","meta":[],"product_brand":[377],"product_cat":[41,42],"product_tag":[],"class_list":{"0":"post-6636","1":"product","2":"type-product","3":"status-publish","4":"has-post-thumbnail","6":"product_brand-bmc","7":"product_cat-componentes","8":"product_cat-quadro","9":"entry","10":"has-media","12":"first","13":"instock","14":"taxable","15":"shipping-taxable","16":"purchasable","17":"product-type-variable"},"_links":{"self":[{"href":"https:\/\/ridextravel.com\/ridemybike\/wp-json\/wp\/v2\/product\/6636","targetHints":{"allow":["GET"]}}],"collection":[{"href":"https:\/\/ridextravel.com\/ridemybike\/wp-json\/wp\/v2\/product"}],"about":[{"href":"https:\/\/ridextravel.com\/ridemybike\/wp-json\/wp\/v2\/types\/product"}],"replies":[{"embeddable":true,"href":"https:\/\/ridextravel.com\/ridemybike\/wp-json\/wp\/v2\/comments?post=6636"}],"wp:featuredmedia":[{"embeddable":true,"href":"https:\/\/ridextravel.com\/ridemybike\/wp-json\/wp\/v2\/media\/6637"}],"wp:attachment":[{"href":"https:\/\/ridextravel.com\/ridemybike\/wp-json\/wp\/v2\/media?parent=6636"}],"wp:term":[{"taxonomy":"product_brand","embeddable":true,"href":"https:\/\/ridextravel.com\/ridemybike\/wp-json\/wp\/v2\/product_brand?post=6636"},{"taxonomy":"product_cat","embeddable":true,"href":"https:\/\/ridextravel.com\/ridemybike\/wp-json\/wp\/v2\/product_cat?post=6636"},{"taxonomy":"product_tag","embeddable":true,"href":"https:\/\/ridextravel.com\/ridemybike\/wp-json\/wp\/v2\/product_tag?post=6636"}],"curies":[{"name":"wp","href":"https:\/\/api.w.org\/{rel}","templated":true}]}}